{"id":100927,"date":"2025-11-23T09:31:26","date_gmt":"2025-11-23T09:31:26","guid":{"rendered":"https:\/\/cours-moliere.com\/canteen\/"},"modified":"2026-01-29T17:15:16","modified_gmt":"2026-01-29T17:15:16","slug":"canteen","status":"publish","type":"page","link":"http:\/\/cours-moliere.com\/en\/canteen\/","title":{"rendered":"Canteen"},"content":{"rendered":"\t\t<div data-elementor-type=\"wp-page\" data-elementor-id=\"100927\" class=\"elementor elementor-100927 elementor-100917\" data-elementor-post-type=\"page\">\n\t\t\t\t<div class=\"elementor-element elementor-element-16ba74c9 e-flex e-con-boxed e-con e-parent\" data-id=\"16ba74c9\" data-element_type=\"container\" data-settings=\"{&quot;background_background&quot;:&quot;gradient&quot;}\">\n\t\t\t\t\t<div class=\"e-con-inner\">\n\t\t\t\t<div class=\"elementor-element elementor-element-36f54eed elementor-widget elementor-widget-spacer\" data-id=\"36f54eed\" data-element_type=\"widget\" data-widget_type=\"spacer.default\">\n\t\t\t\t<div class=\"elementor-widget-container\">\n\t\t\t\t\t<div class=\"elementor-spacer\">\n\t\t\t<div class=\"elementor-spacer-inner\"><\/div>\n\t\t<\/div>\n\t\t\t\t<\/div>\n\t\t\t\t<\/div>\n\t\t\t\t<div class=\"elementor-element elementor-element-532d2d4f elementor-widget elementor-widget-heading\" data-id=\"532d2d4f\" data-element_type=\"widget\" data-widget_type=\"heading.default\">\n\t\t\t\t<div class=\"elementor-widget-container\">\n\t\t\t<h1 class=\"elementor-heading-title elementor-size-default\">Canteen<\/h1>\t\t<\/div>\n\t\t\t\t<\/div>\n\t\t\t\t<div class=\"elementor-element elementor-element-5c1726b7 elementor-widget elementor-widget-spacer\" data-id=\"5c1726b7\" data-element_type=\"widget\" data-widget_type=\"spacer.default\">\n\t\t\t\t<div class=\"elementor-widget-container\">\n\t\t\t\t\t<div class=\"elementor-spacer\">\n\t\t\t<div class=\"elementor-spacer-inner\"><\/div>\n\t\t<\/div>\n\t\t\t\t<\/div>\n\t\t\t\t<\/div>\n\t\t\t\t<div class=\"elementor-element elementor-element-48370c03 elementor-widget elementor-widget-spacer\" data-id=\"48370c03\" data-element_type=\"widget\" data-widget_type=\"spacer.default\">\n\t\t\t\t<div class=\"elementor-widget-container\">\n\t\t\t\t\t<div class=\"elementor-spacer\">\n\t\t\t<div class=\"elementor-spacer-inner\"><\/div>\n\t\t<\/div>\n\t\t\t\t<\/div>\n\t\t\t\t<\/div>\n\t\t\t\t\t<\/div>\n\t\t\t\t<\/div>\n\t\t<div class=\"elementor-element elementor-element-ebac36e e-flex e-con-boxed e-con e-parent\" data-id=\"ebac36e\" data-element_type=\"container\">\n\t\t\t\t\t<div class=\"e-con-inner\">\n\t\t<div class=\"elementor-element elementor-element-c44a529 e-con-full e-flex e-con e-child\" data-id=\"c44a529\" data-element_type=\"container\">\n\t\t\t\t<div class=\"elementor-element elementor-element-ff1171e elementor-widget elementor-widget-image\" data-id=\"ff1171e\" data-element_type=\"widget\" data-widget_type=\"image.default\">\n\t\t\t\t<div class=\"elementor-widget-container\">\n\t\t\t\t\t\t\t\t\t\t\t\t\t<img fetchpriority=\"high\" decoding=\"async\" width=\"1024\" height=\"683\" src=\"http:\/\/cours-moliere.com\/wp-content\/uploads\/2025\/11\/cantine-cours-moliere-1024x683.jpg\" class=\"attachment-large size-large wp-image-101297\" alt=\"\" srcset=\"http:\/\/cours-moliere.com\/wp-content\/uploads\/2025\/11\/cantine-cours-moliere-1024x683.jpg 1024w, http:\/\/cours-moliere.com\/wp-content\/uploads\/2025\/11\/cantine-cours-moliere-300x200.jpg 300w, http:\/\/cours-moliere.com\/wp-content\/uploads\/2025\/11\/cantine-cours-moliere-768x512.jpg 768w, http:\/\/cours-moliere.com\/wp-content\/uploads\/2025\/11\/cantine-cours-moliere-1536x1024.jpg 1536w, http:\/\/cours-moliere.com\/wp-content\/uploads\/2025\/11\/cantine-cours-moliere-2048x1365.jpg 2048w\" sizes=\"(max-width: 1024px) 100vw, 1024px\" \/>\t\t\t\t\t\t\t\t\t\t\t\t\t<\/div>\n\t\t\t\t<\/div>\n\t\t\t\t<div class=\"elementor-element elementor-element-ab7d49e elementor-widget elementor-widget-text-editor\" data-id=\"ab7d49e\" data-element_type=\"widget\" data-widget_type=\"text-editor.default\">\n\t\t\t\t<div class=\"elementor-widget-container\">\n\t\t\t\t\t\t\t<p>Explore our sample menus:<\/p>\t\t\t\t\t\t<\/div>\n\t\t\t\t<\/div>\n\t\t\t\t<div class=\"elementor-element elementor-element-677cc7c elementor-widget elementor-widget-spacer\" data-id=\"677cc7c\" data-element_type=\"widget\" data-widget_type=\"spacer.default\">\n\t\t\t\t<div class=\"elementor-widget-container\">\n\t\t\t\t\t<div class=\"elementor-spacer\">\n\t\t\t<div class=\"elementor-spacer-inner\"><\/div>\n\t\t<\/div>\n\t\t\t\t<\/div>\n\t\t\t\t<\/div>\n\t\t\t\t<div class=\"elementor-element elementor-element-f8fd6ed elementor-align-center elementor-widget elementor-widget-button\" data-id=\"f8fd6ed\" data-element_type=\"widget\" data-widget_type=\"button.default\">\n\t\t\t\t<div class=\"elementor-widget-container\">\n\t\t\t\t\t\t\t<div class=\"elementor-button-wrapper\">\n\t\t\t\t\t<a class=\"elementor-button elementor-button-link elementor-size-sm\" href=\"http:\/\/cours-moliere.com\/exemple-menu\" target=\"_blank\">\n\t\t\t\t\t\t<span class=\"elementor-button-content-wrapper\">\n\t\t\t\t\t\t\t\t\t<span class=\"elementor-button-text\">Menu: View Week 1<\/span>\n\t\t\t\t\t<\/span>\n\t\t\t\t\t<\/a>\n\t\t\t\t<\/div>\n\t\t\t\t\t\t<\/div>\n\t\t\t\t<\/div>\n\t\t\t\t<div class=\"elementor-element elementor-element-8150e58 elementor-widget elementor-widget-spacer\" data-id=\"8150e58\" data-element_type=\"widget\" data-widget_type=\"spacer.default\">\n\t\t\t\t<div class=\"elementor-widget-container\">\n\t\t\t\t\t<div class=\"elementor-spacer\">\n\t\t\t<div class=\"elementor-spacer-inner\"><\/div>\n\t\t<\/div>\n\t\t\t\t<\/div>\n\t\t\t\t<\/div>\n\t\t\t\t<div class=\"elementor-element elementor-element-72e6c39 elementor-align-center elementor-widget elementor-widget-button\" data-id=\"72e6c39\" data-element_type=\"widget\" data-widget_type=\"button.default\">\n\t\t\t\t<div class=\"elementor-widget-container\">\n\t\t\t\t\t\t\t<div class=\"elementor-button-wrapper\">\n\t\t\t\t\t<a class=\"elementor-button elementor-button-link elementor-size-sm\" href=\"http:\/\/cours-moliere.com\/autre-exemple-menu\" target=\"_blank\">\n\t\t\t\t\t\t<span class=\"elementor-button-content-wrapper\">\n\t\t\t\t\t\t\t\t\t<span class=\"elementor-button-text\">Menu: View Week 2<\/span>\n\t\t\t\t\t<\/span>\n\t\t\t\t\t<\/a>\n\t\t\t\t<\/div>\n\t\t\t\t\t\t<\/div>\n\t\t\t\t<\/div>\n\t\t\t\t<\/div>\n\t\t<div class=\"elementor-element elementor-element-7e24eea e-con-full e-flex e-con e-child\" data-id=\"7e24eea\" data-element_type=\"container\">\n\t\t\t\t<div class=\"elementor-element elementor-element-c48a09d elementor-widget elementor-widget-text-editor\" data-id=\"c48a09d\" data-element_type=\"widget\" data-widget_type=\"text-editor.default\">\n\t\t\t\t<div class=\"elementor-widget-container\">\n\t\t\t\t\t\t\t<p>Lunchtime is a time for conviviality, sharing and learning. It helps children discover new flavors. <span data-olk-copy-source=\"MessageBody\"> Special menus are offered throughout the year<\/span>. Here are just a few examples: Taste Week in October, the Christmas menu, Chinese New Year, Galette des Rois, the mountain menu&#8230; all occasions that allow students to discover flavors from all over France and the world. The menus, prepared with seasonal produce, are delivered to the school and served on our premises. We work with Sodexo.<\/p>\t\t\t\t\t\t<\/div>\n\t\t\t\t<\/div>\n\t\t<div class=\"elementor-element elementor-element-b10ed38 e-con-full e-flex e-con e-child\" data-id=\"b10ed38\" data-element_type=\"container\">\n\t\t<div class=\"elementor-element elementor-element-f4edd9a e-con-full e-flex e-con e-child\" data-id=\"f4edd9a\" data-element_type=\"container\">\n\t\t\t\t<div class=\"elementor-element elementor-element-a7db101 elementor-widget elementor-widget-image\" data-id=\"a7db101\" data-element_type=\"widget\" data-widget_type=\"image.default\">\n\t\t\t\t<div class=\"elementor-widget-container\">\n\t\t\t\t\t\t\t\t\t\t\t\t\t<img decoding=\"async\" width=\"320\" height=\"320\" src=\"http:\/\/cours-moliere.com\/wp-content\/uploads\/2026\/01\/Cours-Moliere-cantine-1.png\" class=\"attachment-large size-large wp-image-103235\" alt=\"\" srcset=\"http:\/\/cours-moliere.com\/wp-content\/uploads\/2026\/01\/Cours-Moliere-cantine-1.png 320w, http:\/\/cours-moliere.com\/wp-content\/uploads\/2026\/01\/Cours-Moliere-cantine-1-300x300.png 300w, http:\/\/cours-moliere.com\/wp-content\/uploads\/2026\/01\/Cours-Moliere-cantine-1-150x150.png 150w\" sizes=\"(max-width: 320px) 100vw, 320px\" \/>\t\t\t\t\t\t\t\t\t\t\t\t\t<\/div>\n\t\t\t\t<\/div>\n\t\t\t\t<\/div>\n\t\t<div class=\"elementor-element elementor-element-b52a4d7 e-con-full e-flex e-con e-child\" data-id=\"b52a4d7\" data-element_type=\"container\">\n\t\t\t\t<div class=\"elementor-element elementor-element-b534b87 elementor-widget elementor-widget-image\" data-id=\"b534b87\" data-element_type=\"widget\" data-widget_type=\"image.default\">\n\t\t\t\t<div class=\"elementor-widget-container\">\n\t\t\t\t\t\t\t\t\t\t\t\t\t<img decoding=\"async\" width=\"320\" height=\"320\" src=\"http:\/\/cours-moliere.com\/wp-content\/uploads\/2026\/01\/Cours-Moliere-cantine-2.png\" class=\"attachment-large size-large wp-image-103233\" alt=\"\" srcset=\"http:\/\/cours-moliere.com\/wp-content\/uploads\/2026\/01\/Cours-Moliere-cantine-2.png 320w, http:\/\/cours-moliere.com\/wp-content\/uploads\/2026\/01\/Cours-Moliere-cantine-2-300x300.png 300w, http:\/\/cours-moliere.com\/wp-content\/uploads\/2026\/01\/Cours-Moliere-cantine-2-150x150.png 150w\" sizes=\"(max-width: 320px) 100vw, 320px\" \/>\t\t\t\t\t\t\t\t\t\t\t\t\t<\/div>\n\t\t\t\t<\/div>\n\t\t\t\t<\/div>\n\t\t\t\t<\/div>\n\t\t\t\t<\/div>\n\t\t\t\t\t<\/div>\n\t\t\t\t<\/div>\n\t\t\t\t<\/div>\n\t\t","protected":false},"excerpt":{"rendered":"<p>Canteen Explore our sample menus: Menu: View Week 1 Menu: View Week 2 Lunchtime is a time for conviviality, sharing and learning. It helps children discover new flavors. Special menus are offered throughout the year. Here are just a few examples: Taste Week in October, the Christmas menu, Chinese New Year, Galette des Rois, the&hellip;<\/p>\n","protected":false},"author":1,"featured_media":0,"parent":0,"menu_order":0,"comment_status":"closed","ping_status":"closed","template":"elementor_header_footer","meta":{"footnotes":""},"class_list":["post-100927","page","type-page","status-publish","hentry"],"yoast_head":"<!-- This site is optimized with the Yoast SEO plugin v23.7 - https:\/\/yoast.com\/wordpress\/plugins\/seo\/ -->\n<title>Canteen - Cours Moli\u00e8re, \u00e9cole bilingue \u00e0 Paris - International School<\/title>\n<meta name=\"robots\" content=\"index, follow, max-snippet:-1, max-image-preview:large, max-video-preview:-1\" \/>\n<link rel=\"canonical\" href=\"https:\/\/cours-moliere.com\/en\/canteen\/\" \/>\n<meta property=\"og:locale\" content=\"en_US\" \/>\n<meta property=\"og:type\" content=\"article\" \/>\n<meta property=\"og:title\" content=\"Canteen - Cours Moli\u00e8re, \u00e9cole bilingue \u00e0 Paris - International School\" \/>\n<meta property=\"og:description\" content=\"Canteen Explore our sample menus: Menu: View Week 1 Menu: View Week 2 Lunchtime is a time for conviviality, sharing and learning. It helps children discover new flavors. Special menus are offered throughout the year. Here are just a few examples: Taste Week in October, the Christmas menu, Chinese New Year, Galette des Rois, the&hellip;\" \/>\n<meta property=\"og:url\" content=\"https:\/\/cours-moliere.com\/en\/canteen\/\" \/>\n<meta property=\"og:site_name\" content=\"Cours Moli\u00e8re, \u00e9cole bilingue \u00e0 Paris - International School\" \/>\n<meta property=\"article:modified_time\" content=\"2026-01-29T17:15:16+00:00\" \/>\n<meta property=\"og:image\" content=\"http:\/\/cours-moliere.com\/wp-content\/uploads\/2025\/11\/cantine-cours-moliere-1024x683.jpg\" \/>\n<meta name=\"twitter:card\" content=\"summary_large_image\" \/>\n<meta name=\"twitter:label1\" content=\"Est. reading time\" \/>\n\t<meta name=\"twitter:data1\" content=\"1 minute\" \/>\n<script type=\"application\/ld+json\" class=\"yoast-schema-graph\">{\"@context\":\"https:\/\/schema.org\",\"@graph\":[{\"@type\":\"WebPage\",\"@id\":\"https:\/\/cours-moliere.com\/en\/canteen\/\",\"url\":\"https:\/\/cours-moliere.com\/en\/canteen\/\",\"name\":\"Canteen - Cours Moli\u00e8re, \u00e9cole bilingue \u00e0 Paris - International School\",\"isPartOf\":{\"@id\":\"http:\/\/cours-moliere.com\/#website\"},\"primaryImageOfPage\":{\"@id\":\"https:\/\/cours-moliere.com\/en\/canteen\/#primaryimage\"},\"image\":{\"@id\":\"https:\/\/cours-moliere.com\/en\/canteen\/#primaryimage\"},\"thumbnailUrl\":\"http:\/\/cours-moliere.com\/wp-content\/uploads\/2025\/11\/cantine-cours-moliere-1024x683.jpg\",\"datePublished\":\"2025-11-23T09:31:26+00:00\",\"dateModified\":\"2026-01-29T17:15:16+00:00\",\"breadcrumb\":{\"@id\":\"https:\/\/cours-moliere.com\/en\/canteen\/#breadcrumb\"},\"inLanguage\":\"en-US\",\"potentialAction\":[{\"@type\":\"ReadAction\",\"target\":[\"https:\/\/cours-moliere.com\/en\/canteen\/\"]}]},{\"@type\":\"ImageObject\",\"inLanguage\":\"en-US\",\"@id\":\"https:\/\/cours-moliere.com\/en\/canteen\/#primaryimage\",\"url\":\"http:\/\/cours-moliere.com\/wp-content\/uploads\/2025\/11\/cantine-cours-moliere-1024x683.jpg\",\"contentUrl\":\"http:\/\/cours-moliere.com\/wp-content\/uploads\/2025\/11\/cantine-cours-moliere-1024x683.jpg\"},{\"@type\":\"BreadcrumbList\",\"@id\":\"https:\/\/cours-moliere.com\/en\/canteen\/#breadcrumb\",\"itemListElement\":[{\"@type\":\"ListItem\",\"position\":1,\"name\":\"Home\",\"item\":\"https:\/\/cours-moliere.com\/en\/\"},{\"@type\":\"ListItem\",\"position\":2,\"name\":\"Canteen\"}]},{\"@type\":\"WebSite\",\"@id\":\"http:\/\/cours-moliere.com\/#website\",\"url\":\"http:\/\/cours-moliere.com\/\",\"name\":\"Cours Moli\u00e8re - International School\",\"description\":\"\",\"publisher\":{\"@id\":\"http:\/\/cours-moliere.com\/#organization\"},\"potentialAction\":[{\"@type\":\"SearchAction\",\"target\":{\"@type\":\"EntryPoint\",\"urlTemplate\":\"http:\/\/cours-moliere.com\/?s={search_term_string}\"},\"query-input\":{\"@type\":\"PropertyValueSpecification\",\"valueRequired\":true,\"valueName\":\"search_term_string\"}}],\"inLanguage\":\"en-US\"},{\"@type\":\"Organization\",\"@id\":\"http:\/\/cours-moliere.com\/#organization\",\"name\":\"Cours Moli\u00e8re - International School\",\"url\":\"http:\/\/cours-moliere.com\/\",\"logo\":{\"@type\":\"ImageObject\",\"inLanguage\":\"en-US\",\"@id\":\"http:\/\/cours-moliere.com\/#\/schema\/logo\/image\/\",\"url\":\"http:\/\/cours-moliere.com\/wp-content\/uploads\/2022\/12\/logo-ecole-bilingue-cours-moliere.png\",\"contentUrl\":\"http:\/\/cours-moliere.com\/wp-content\/uploads\/2022\/12\/logo-ecole-bilingue-cours-moliere.png\",\"width\":361,\"height\":195,\"caption\":\"Cours Moli\u00e8re - International School\"},\"image\":{\"@id\":\"http:\/\/cours-moliere.com\/#\/schema\/logo\/image\/\"}}]}<\/script>\n<!-- \/ Yoast SEO plugin. -->","yoast_head_json":{"title":"Canteen - Cours Moli\u00e8re, \u00e9cole bilingue \u00e0 Paris - International School","robots":{"index":"index","follow":"follow","max-snippet":"max-snippet:-1","max-image-preview":"max-image-preview:large","max-video-preview":"max-video-preview:-1"},"canonical":"https:\/\/cours-moliere.com\/en\/canteen\/","og_locale":"en_US","og_type":"article","og_title":"Canteen - Cours Moli\u00e8re, \u00e9cole bilingue \u00e0 Paris - International School","og_description":"Canteen Explore our sample menus: Menu: View Week 1 Menu: View Week 2 Lunchtime is a time for conviviality, sharing and learning. It helps children discover new flavors. Special menus are offered throughout the year. Here are just a few examples: Taste Week in October, the Christmas menu, Chinese New Year, Galette des Rois, the&hellip;","og_url":"https:\/\/cours-moliere.com\/en\/canteen\/","og_site_name":"Cours Moli\u00e8re, \u00e9cole bilingue \u00e0 Paris - International School","article_modified_time":"2026-01-29T17:15:16+00:00","og_image":[{"url":"http:\/\/cours-moliere.com\/wp-content\/uploads\/2025\/11\/cantine-cours-moliere-1024x683.jpg"}],"twitter_card":"summary_large_image","twitter_misc":{"Est. reading time":"1 minute"},"schema":{"@context":"https:\/\/schema.org","@graph":[{"@type":"WebPage","@id":"https:\/\/cours-moliere.com\/en\/canteen\/","url":"https:\/\/cours-moliere.com\/en\/canteen\/","name":"Canteen - Cours Moli\u00e8re, \u00e9cole bilingue \u00e0 Paris - International School","isPartOf":{"@id":"http:\/\/cours-moliere.com\/#website"},"primaryImageOfPage":{"@id":"https:\/\/cours-moliere.com\/en\/canteen\/#primaryimage"},"image":{"@id":"https:\/\/cours-moliere.com\/en\/canteen\/#primaryimage"},"thumbnailUrl":"http:\/\/cours-moliere.com\/wp-content\/uploads\/2025\/11\/cantine-cours-moliere-1024x683.jpg","datePublished":"2025-11-23T09:31:26+00:00","dateModified":"2026-01-29T17:15:16+00:00","breadcrumb":{"@id":"https:\/\/cours-moliere.com\/en\/canteen\/#breadcrumb"},"inLanguage":"en-US","potentialAction":[{"@type":"ReadAction","target":["https:\/\/cours-moliere.com\/en\/canteen\/"]}]},{"@type":"ImageObject","inLanguage":"en-US","@id":"https:\/\/cours-moliere.com\/en\/canteen\/#primaryimage","url":"http:\/\/cours-moliere.com\/wp-content\/uploads\/2025\/11\/cantine-cours-moliere-1024x683.jpg","contentUrl":"http:\/\/cours-moliere.com\/wp-content\/uploads\/2025\/11\/cantine-cours-moliere-1024x683.jpg"},{"@type":"BreadcrumbList","@id":"https:\/\/cours-moliere.com\/en\/canteen\/#breadcrumb","itemListElement":[{"@type":"ListItem","position":1,"name":"Home","item":"https:\/\/cours-moliere.com\/en\/"},{"@type":"ListItem","position":2,"name":"Canteen"}]},{"@type":"WebSite","@id":"http:\/\/cours-moliere.com\/#website","url":"http:\/\/cours-moliere.com\/","name":"Cours Moli\u00e8re - International School","description":"","publisher":{"@id":"http:\/\/cours-moliere.com\/#organization"},"potentialAction":[{"@type":"SearchAction","target":{"@type":"EntryPoint","urlTemplate":"http:\/\/cours-moliere.com\/?s={search_term_string}"},"query-input":{"@type":"PropertyValueSpecification","valueRequired":true,"valueName":"search_term_string"}}],"inLanguage":"en-US"},{"@type":"Organization","@id":"http:\/\/cours-moliere.com\/#organization","name":"Cours Moli\u00e8re - International School","url":"http:\/\/cours-moliere.com\/","logo":{"@type":"ImageObject","inLanguage":"en-US","@id":"http:\/\/cours-moliere.com\/#\/schema\/logo\/image\/","url":"http:\/\/cours-moliere.com\/wp-content\/uploads\/2022\/12\/logo-ecole-bilingue-cours-moliere.png","contentUrl":"http:\/\/cours-moliere.com\/wp-content\/uploads\/2022\/12\/logo-ecole-bilingue-cours-moliere.png","width":361,"height":195,"caption":"Cours Moli\u00e8re - International School"},"image":{"@id":"http:\/\/cours-moliere.com\/#\/schema\/logo\/image\/"}}]}},"_links":{"self":[{"href":"http:\/\/cours-moliere.com\/en\/wp-json\/wp\/v2\/pages\/100927","targetHints":{"allow":["GET"]}}],"collection":[{"href":"http:\/\/cours-moliere.com\/en\/wp-json\/wp\/v2\/pages"}],"about":[{"href":"http:\/\/cours-moliere.com\/en\/wp-json\/wp\/v2\/types\/page"}],"author":[{"embeddable":true,"href":"http:\/\/cours-moliere.com\/en\/wp-json\/wp\/v2\/users\/1"}],"replies":[{"embeddable":true,"href":"http:\/\/cours-moliere.com\/en\/wp-json\/wp\/v2\/comments?post=100927"}],"version-history":[{"count":15,"href":"http:\/\/cours-moliere.com\/en\/wp-json\/wp\/v2\/pages\/100927\/revisions"}],"predecessor-version":[{"id":103265,"href":"http:\/\/cours-moliere.com\/en\/wp-json\/wp\/v2\/pages\/100927\/revisions\/103265"}],"wp:attachment":[{"href":"http:\/\/cours-moliere.com\/en\/wp-json\/wp\/v2\/media?parent=100927"}],"curies":[{"name":"wp","href":"https:\/\/api.w.org\/{rel}","templated":true}]}}