{"id":103718,"date":"2026-02-22T12:25:32","date_gmt":"2026-02-22T12:25:32","guid":{"rendered":"https:\/\/cours-moliere.com\/history\/"},"modified":"2026-03-12T14:26:09","modified_gmt":"2026-03-12T14:26:09","slug":"history","status":"publish","type":"page","link":"https:\/\/cours-moliere.com\/en\/history\/","title":{"rendered":"History"},"content":{"rendered":"\t\t<div data-elementor-type=\"wp-page\" data-elementor-id=\"103718\" class=\"elementor elementor-103718 elementor-103545\" data-elementor-post-type=\"page\">\n\t\t\t\t\t\t<section class=\"elementor-section elementor-top-section elementor-element elementor-element-7626218 elementor-reverse-tablet elementor-reverse-mobile elementor-section-boxed elementor-section-height-default elementor-section-height-default\" data-id=\"7626218\" data-element_type=\"section\" data-settings=\"{&quot;background_background&quot;:&quot;classic&quot;}\">\n\t\t\t\t\t\t<div class=\"elementor-container elementor-column-gap-wider\">\n\t\t\t\t\t<div class=\"elementor-column elementor-col-50 elementor-top-column elementor-element elementor-element-6c1ae307\" data-id=\"6c1ae307\" data-element_type=\"column\">\n\t\t\t<div class=\"elementor-widget-wrap elementor-element-populated\">\n\t\t\t\t\t\t<div class=\"elementor-element elementor-element-9697a56 elementor-invisible elementor-widget elementor-widget-image\" data-id=\"9697a56\" data-element_type=\"widget\" data-settings=\"{&quot;_animation&quot;:&quot;slideInLeft&quot;}\" data-widget_type=\"image.default\">\n\t\t\t\t<div class=\"elementor-widget-container\">\n\t\t\t\t\t\t\t\t\t\t\t\t\t<img fetchpriority=\"high\" decoding=\"async\" width=\"1171\" height=\"1007\" src=\"https:\/\/cours-moliere.com\/wp-content\/uploads\/2026\/02\/img18.jpg\" class=\"attachment-full size-full wp-image-103554\" alt=\"\" srcset=\"https:\/\/cours-moliere.com\/wp-content\/uploads\/2026\/02\/img18.jpg 1171w, https:\/\/cours-moliere.com\/wp-content\/uploads\/2026\/02\/img18-300x258.jpg 300w, https:\/\/cours-moliere.com\/wp-content\/uploads\/2026\/02\/img18-1024x881.jpg 1024w, https:\/\/cours-moliere.com\/wp-content\/uploads\/2026\/02\/img18-768x660.jpg 768w\" sizes=\"(max-width: 1171px) 100vw, 1171px\" \/>\t\t\t\t\t\t\t\t\t\t\t\t\t<\/div>\n\t\t\t\t<\/div>\n\t\t\t\t\t<\/div>\n\t\t<\/div>\n\t\t\t\t<div class=\"elementor-column elementor-col-50 elementor-top-column elementor-element elementor-element-67b03403\" data-id=\"67b03403\" data-element_type=\"column\">\n\t\t\t<div class=\"elementor-widget-wrap elementor-element-populated\">\n\t\t\t\t\t\t<div class=\"elementor-element elementor-element-2a55bca elementor-widget elementor-widget-heading\" data-id=\"2a55bca\" data-element_type=\"widget\" data-widget_type=\"heading.default\">\n\t\t\t\t<div class=\"elementor-widget-container\">\n\t\t\t<h2 class=\"elementor-heading-title elementor-size-default\">1926 : Founding the School<\/h2>\t\t<\/div>\n\t\t\t\t<\/div>\n\t\t\t\t<div class=\"elementor-element elementor-element-457a42f1 elementor-widget elementor-widget-spacer\" data-id=\"457a42f1\" data-element_type=\"widget\" data-widget_type=\"spacer.default\">\n\t\t\t\t<div class=\"elementor-widget-container\">\n\t\t\t\t\t<div class=\"elementor-spacer\">\n\t\t\t<div class=\"elementor-spacer-inner\"><\/div>\n\t\t<\/div>\n\t\t\t\t<\/div>\n\t\t\t\t<\/div>\n\t\t\t\t<div class=\"elementor-element elementor-element-58f18bb elementor-widget elementor-widget-text-editor\" data-id=\"58f18bb\" data-element_type=\"widget\" data-widget_type=\"text-editor.default\">\n\t\t\t\t<div class=\"elementor-widget-container\">\n\t\t\t\t\t\t\t<p>Cours Moli\u00e8re was founded in 1926 in Paris\u2019s 12th arrondissement by Madame Suzanne Ang\u00e8le Albertine Decrouez, a former Parisian primary school teacher with a strong commitment to education and languages. Having completed her studies in Paris and in Cambridge, she opened a small private primary school on Avenue Daumesnil, naming it Cours Moli\u00e8re.<\/p><p>As pupil numbers quickly increased, the school moved in 1935 to larger premises on Avenue du G\u00e9n\u00e9ral Michel Bizot. From its early years, Cours Moli\u00e8re welcomed pupils from Paris and the neighbouring town of Saint-Mand\u00e9, establishing a reputation for academic seriousness and openness to languages.<\/p>\t\t\t\t\t\t<\/div>\n\t\t\t\t<\/div>\n\t\t\t\t\t<\/div>\n\t\t<\/div>\n\t\t\t\t\t<\/div>\n\t\t<\/section>\n\t\t\t\t<section class=\"elementor-section elementor-top-section elementor-element elementor-element-d4d2fd6 elementor-reverse-tablet elementor-reverse-mobile elementor-section-boxed elementor-section-height-default elementor-section-height-default\" data-id=\"d4d2fd6\" data-element_type=\"section\" data-settings=\"{&quot;background_background&quot;:&quot;classic&quot;}\">\n\t\t\t\t\t\t<div class=\"elementor-container elementor-column-gap-wider\">\n\t\t\t\t\t<div class=\"elementor-column elementor-col-50 elementor-top-column elementor-element elementor-element-f4b3fd2\" data-id=\"f4b3fd2\" data-element_type=\"column\">\n\t\t\t<div class=\"elementor-widget-wrap elementor-element-populated\">\n\t\t\t\t\t\t<div class=\"elementor-element elementor-element-7e4ff3a elementor-widget elementor-widget-heading\" data-id=\"7e4ff3a\" data-element_type=\"widget\" data-widget_type=\"heading.default\">\n\t\t\t\t<div class=\"elementor-widget-container\">\n\t\t\t<h2 class=\"elementor-heading-title elementor-size-default\">The School during the Second World War<\/h2>\t\t<\/div>\n\t\t\t\t<\/div>\n\t\t\t\t<div class=\"elementor-element elementor-element-73a1195 elementor-widget elementor-widget-spacer\" data-id=\"73a1195\" data-element_type=\"widget\" data-widget_type=\"spacer.default\">\n\t\t\t\t<div class=\"elementor-widget-container\">\n\t\t\t\t\t<div class=\"elementor-spacer\">\n\t\t\t<div class=\"elementor-spacer-inner\"><\/div>\n\t\t<\/div>\n\t\t\t\t<\/div>\n\t\t\t\t<\/div>\n\t\t\t\t<div class=\"elementor-element elementor-element-4e3e38f elementor-widget elementor-widget-text-editor\" data-id=\"4e3e38f\" data-element_type=\"widget\" data-widget_type=\"text-editor.default\">\n\t\t\t\t<div class=\"elementor-widget-container\">\n\t\t\t\t\t\t\t<p>The Second World War was a particularly challenging period in the school\u2019s history. Despite the German occupation of Paris, shortages, curfews, and frequent power cuts, Cours Moli\u00e8re continued to operate and educate its pupils.<\/p><p>Madame Decrouez showed notable courage during these years. She is known to have hidden a British pilot in the school building on Boulevard Soult, where the secondary school for girls had opened in 1941. With the help of her pupils, she also organised the sending of parcels containing clothing and food to Allied soldiers and civilians affected by the war. Lessons continued under extremely difficult conditions, often by dimmed light during air raids, reflecting the school\u2019s resilience and strong sense of solidarity.<\/p>\t\t\t\t\t\t<\/div>\n\t\t\t\t<\/div>\n\t\t\t\t\t<\/div>\n\t\t<\/div>\n\t\t\t\t<div class=\"elementor-column elementor-col-50 elementor-top-column elementor-element elementor-element-0bd3b9f\" data-id=\"0bd3b9f\" data-element_type=\"column\">\n\t\t\t<div class=\"elementor-widget-wrap elementor-element-populated\">\n\t\t\t\t\t\t<div class=\"elementor-element elementor-element-e41e01c elementor-invisible elementor-widget elementor-widget-image\" data-id=\"e41e01c\" data-element_type=\"widget\" data-settings=\"{&quot;_animation&quot;:&quot;slideInRight&quot;}\" data-widget_type=\"image.default\">\n\t\t\t\t<div class=\"elementor-widget-container\">\n\t\t\t\t\t\t\t\t\t\t\t\t\t<img decoding=\"async\" width=\"985\" height=\"660\" src=\"https:\/\/cours-moliere.com\/wp-content\/uploads\/2026\/02\/Cours-Moliere-international-School-seconde-guerre-mondiale-e1770909384678.jpg\" class=\"attachment-full size-full wp-image-103374\" alt=\"\" srcset=\"https:\/\/cours-moliere.com\/wp-content\/uploads\/2026\/02\/Cours-Moliere-international-School-seconde-guerre-mondiale-e1770909384678.jpg 985w, https:\/\/cours-moliere.com\/wp-content\/uploads\/2026\/02\/Cours-Moliere-international-School-seconde-guerre-mondiale-e1770909384678-300x201.jpg 300w, https:\/\/cours-moliere.com\/wp-content\/uploads\/2026\/02\/Cours-Moliere-international-School-seconde-guerre-mondiale-e1770909384678-768x515.jpg 768w\" sizes=\"(max-width: 985px) 100vw, 985px\" \/>\t\t\t\t\t\t\t\t\t\t\t\t\t<\/div>\n\t\t\t\t<\/div>\n\t\t\t\t\t<\/div>\n\t\t<\/div>\n\t\t\t\t\t<\/div>\n\t\t<\/section>\n\t\t\t\t<section class=\"elementor-section elementor-top-section elementor-element elementor-element-a80c22c elementor-reverse-tablet elementor-reverse-mobile elementor-section-boxed elementor-section-height-default elementor-section-height-default\" data-id=\"a80c22c\" data-element_type=\"section\" data-settings=\"{&quot;background_background&quot;:&quot;classic&quot;}\">\n\t\t\t\t\t\t<div class=\"elementor-container elementor-column-gap-wider\">\n\t\t\t\t\t<div class=\"elementor-column elementor-col-50 elementor-top-column elementor-element elementor-element-658969e\" data-id=\"658969e\" data-element_type=\"column\">\n\t\t\t<div class=\"elementor-widget-wrap elementor-element-populated\">\n\t\t\t\t\t\t<div class=\"elementor-element elementor-element-6345ca7 elementor-invisible elementor-widget elementor-widget-image\" data-id=\"6345ca7\" data-element_type=\"widget\" data-settings=\"{&quot;_animation&quot;:&quot;slideInLeft&quot;}\" data-widget_type=\"image.default\">\n\t\t\t\t<div class=\"elementor-widget-container\">\n\t\t\t\t\t\t\t\t\t\t\t\t\t<img decoding=\"async\" width=\"954\" height=\"672\" src=\"https:\/\/cours-moliere.com\/wp-content\/uploads\/2026\/01\/Cours-Moliere-international-School-seconde-guerre-mondiale-e1770909247564.jpg\" class=\"attachment-full size-full wp-image-103153\" alt=\"\" srcset=\"https:\/\/cours-moliere.com\/wp-content\/uploads\/2026\/01\/Cours-Moliere-international-School-seconde-guerre-mondiale-e1770909247564.jpg 954w, https:\/\/cours-moliere.com\/wp-content\/uploads\/2026\/01\/Cours-Moliere-international-School-seconde-guerre-mondiale-e1770909247564-300x211.jpg 300w, https:\/\/cours-moliere.com\/wp-content\/uploads\/2026\/01\/Cours-Moliere-international-School-seconde-guerre-mondiale-e1770909247564-768x541.jpg 768w\" sizes=\"(max-width: 954px) 100vw, 954px\" \/>\t\t\t\t\t\t\t\t\t\t\t\t\t<\/div>\n\t\t\t\t<\/div>\n\t\t\t\t\t<\/div>\n\t\t<\/div>\n\t\t\t\t<div class=\"elementor-column elementor-col-50 elementor-top-column elementor-element elementor-element-f51aa16\" data-id=\"f51aa16\" data-element_type=\"column\">\n\t\t\t<div class=\"elementor-widget-wrap elementor-element-populated\">\n\t\t\t\t\t\t<div class=\"elementor-element elementor-element-3361812 elementor-widget elementor-widget-heading\" data-id=\"3361812\" data-element_type=\"widget\" data-widget_type=\"heading.default\">\n\t\t\t\t<div class=\"elementor-widget-container\">\n\t\t\t<h2 class=\"elementor-heading-title elementor-size-default\">A Pioneering First Director<\/h2>\t\t<\/div>\n\t\t\t\t<\/div>\n\t\t\t\t<div class=\"elementor-element elementor-element-990f258 elementor-widget elementor-widget-spacer\" data-id=\"990f258\" data-element_type=\"widget\" data-widget_type=\"spacer.default\">\n\t\t\t\t<div class=\"elementor-widget-container\">\n\t\t\t\t\t<div class=\"elementor-spacer\">\n\t\t\t<div class=\"elementor-spacer-inner\"><\/div>\n\t\t<\/div>\n\t\t\t\t<\/div>\n\t\t\t\t<\/div>\n\t\t\t\t<div class=\"elementor-element elementor-element-bf801d5 elementor-widget elementor-widget-text-editor\" data-id=\"bf801d5\" data-element_type=\"widget\" data-widget_type=\"text-editor.default\">\n\t\t\t\t<div class=\"elementor-widget-container\">\n\t\t\t\t\t\t\t<p>Madame Suzanne Decrouez was a pioneering figure, particularly as a woman leading a school at a time when female headteachers were still rare. Widowed young and never remarrying, she devoted her life entirely to Cours Moli\u00e8re.<\/p><p>An accomplished English specialist, strengthened by her studies at Cambridge and frequent stays in England, she placed strong emphasis on language learning\u2014especially for girls at secondary level, which was innovative for the time. She remained director and teacher until her retirement in 1955, shaping the school\u2019s educational identity through her leadership, conviction, and personal courage.<\/p>\t\t\t\t\t\t<\/div>\n\t\t\t\t<\/div>\n\t\t\t\t\t<\/div>\n\t\t<\/div>\n\t\t\t\t\t<\/div>\n\t\t<\/section>\n\t\t<div class=\"elementor-element elementor-element-c2e76d6 e-flex e-con-boxed e-con e-parent\" data-id=\"c2e76d6\" data-element_type=\"container\">\n\t\t\t\t\t<div class=\"e-con-inner\">\n\t\t\t\t<div class=\"elementor-element elementor-element-31fecfa elementor-widget elementor-widget-spacer\" data-id=\"31fecfa\" data-element_type=\"widget\" data-widget_type=\"spacer.default\">\n\t\t\t\t<div class=\"elementor-widget-container\">\n\t\t\t\t\t<div class=\"elementor-spacer\">\n\t\t\t<div class=\"elementor-spacer-inner\"><\/div>\n\t\t<\/div>\n\t\t\t\t<\/div>\n\t\t\t\t<\/div>\n\t\t\t\t<div class=\"elementor-element elementor-element-d300897 elementor-widget elementor-widget-heading\" data-id=\"d300897\" data-element_type=\"widget\" data-widget_type=\"heading.default\">\n\t\t\t\t<div class=\"elementor-widget-container\">\n\t\t\t<h2 class=\"elementor-heading-title elementor-size-default\">Cours Moli\u00e8re Today<\/h2>\t\t<\/div>\n\t\t\t\t<\/div>\n\t\t\t\t<div class=\"elementor-element elementor-element-f6cc94b elementor-widget elementor-widget-spacer\" data-id=\"f6cc94b\" data-element_type=\"widget\" data-widget_type=\"spacer.default\">\n\t\t\t\t<div class=\"elementor-widget-container\">\n\t\t\t\t\t<div class=\"elementor-spacer\">\n\t\t\t<div class=\"elementor-spacer-inner\"><\/div>\n\t\t<\/div>\n\t\t\t\t<\/div>\n\t\t\t\t<\/div>\n\t\t\t\t<div class=\"elementor-element elementor-element-c04835d elementor-widget elementor-widget-text-editor\" data-id=\"c04835d\" data-element_type=\"widget\" data-widget_type=\"text-editor.default\">\n\t\t\t\t<div class=\"elementor-widget-container\">\n\t\t\t\t\t\t\t<p>Since its founding, Cours Moli\u00e8re has continued to grow and evolve. The school has expanded to two campuses, with the senior school now located in the Marais, while maintaining its historic roots in eastern Paris.<\/p><p>Today, Cours Moli\u00e8re welcomes both French and international students, with more than 35 nationalities represented within the school community. This diversity reflects the founder\u2019s original vision: an education open to the world, grounded in strong academic values and mutual respect.<\/p>\t\t\t\t\t\t<\/div>\n\t\t\t\t<\/div>\n\t\t\t\t\t<\/div>\n\t\t\t\t<\/div>\n\t\t<div class=\"elementor-element elementor-element-8ddb241 e-flex e-con-boxed e-con e-parent\" data-id=\"8ddb241\" data-element_type=\"container\">\n\t\t\t\t\t<div class=\"e-con-inner\">\n\t\t\t\t<div class=\"elementor-element elementor-element-8fa0be5 elementor-widget elementor-widget-spacer\" data-id=\"8fa0be5\" data-element_type=\"widget\" data-widget_type=\"spacer.default\">\n\t\t\t\t<div class=\"elementor-widget-container\">\n\t\t\t\t\t<div class=\"elementor-spacer\">\n\t\t\t<div class=\"elementor-spacer-inner\"><\/div>\n\t\t<\/div>\n\t\t\t\t<\/div>\n\t\t\t\t<\/div>\n\t\t\t\t\t<\/div>\n\t\t\t\t<\/div>\n\t\t<div class=\"elementor-element elementor-element-617e695 e-flex e-con-boxed e-con e-parent\" data-id=\"617e695\" data-element_type=\"container\">\n\t\t\t\t\t<div class=\"e-con-inner\">\n\t\t\t\t\t<\/div>\n\t\t\t\t<\/div>\n\t\t\t\t<\/div>\n\t\t","protected":false},"excerpt":{"rendered":"<p>1926 : Founding the School Cours Moli\u00e8re was founded in 1926 in Paris\u2019s 12th arrondissement by Madame Suzanne Ang\u00e8le Albertine Decrouez, a former Parisian primary school teacher with a strong commitment to education and languages. Having completed her studies in Paris and in Cambridge, she opened a small private primary school on Avenue Daumesnil, naming&hellip;<\/p>\n","protected":false},"author":1,"featured_media":0,"parent":0,"menu_order":0,"comment_status":"closed","ping_status":"closed","template":"","meta":{"footnotes":""},"class_list":["post-103718","page","type-page","status-publish","hentry"],"yoast_head":"<!-- This site is optimized with the Yoast SEO plugin v23.7 - https:\/\/yoast.com\/wordpress\/plugins\/seo\/ -->\n<title>Ecole bilingue Paris - History of Cours Moli\u00e8re<\/title>\n<meta name=\"description\" content=\"Founded in 1926, the Cours Moli\u00e8re combines academic tradition and modernity. Discover the story of a pioneering language school in the heart of Paris.\" \/>\n<meta name=\"robots\" content=\"index, follow, max-snippet:-1, max-image-preview:large, max-video-preview:-1\" \/>\n<link rel=\"canonical\" href=\"http:\/\/cours-moliere.com\/en\/history\/\" \/>\n<meta property=\"og:locale\" content=\"en_US\" \/>\n<meta property=\"og:type\" content=\"article\" \/>\n<meta property=\"og:title\" content=\"Ecole bilingue Paris - History of Cours Moli\u00e8re\" \/>\n<meta property=\"og:description\" content=\"Founded in 1926, the Cours Moli\u00e8re combines academic tradition and modernity. Discover the story of a pioneering language school in the heart of Paris.\" \/>\n<meta property=\"og:url\" content=\"http:\/\/cours-moliere.com\/en\/history\/\" \/>\n<meta property=\"og:site_name\" content=\"Cours Moli\u00e8re, \u00e9cole bilingue \u00e0 Paris - International School\" \/>\n<meta property=\"article:modified_time\" content=\"2026-03-12T14:26:09+00:00\" \/>\n<meta property=\"og:image\" content=\"http:\/\/cours-moliere.com\/wp-content\/uploads\/2026\/02\/img18.jpg\" \/>\n<meta name=\"twitter:card\" content=\"summary_large_image\" \/>\n<meta name=\"twitter:label1\" content=\"Est. reading time\" \/>\n\t<meta name=\"twitter:data1\" content=\"3 minutes\" \/>\n<script type=\"application\/ld+json\" class=\"yoast-schema-graph\">{\"@context\":\"https:\/\/schema.org\",\"@graph\":[{\"@type\":\"WebPage\",\"@id\":\"http:\/\/cours-moliere.com\/en\/history\/\",\"url\":\"http:\/\/cours-moliere.com\/en\/history\/\",\"name\":\"Ecole bilingue Paris - History of Cours Moli\u00e8re\",\"isPartOf\":{\"@id\":\"http:\/\/cours-moliere.com\/#website\"},\"primaryImageOfPage\":{\"@id\":\"http:\/\/cours-moliere.com\/en\/history\/#primaryimage\"},\"image\":{\"@id\":\"http:\/\/cours-moliere.com\/en\/history\/#primaryimage\"},\"thumbnailUrl\":\"http:\/\/cours-moliere.com\/wp-content\/uploads\/2026\/02\/img18.jpg\",\"datePublished\":\"2026-02-22T12:25:32+00:00\",\"dateModified\":\"2026-03-12T14:26:09+00:00\",\"description\":\"Founded in 1926, the Cours Moli\u00e8re combines academic tradition and modernity. Discover the story of a pioneering language school in the heart of Paris.\",\"breadcrumb\":{\"@id\":\"http:\/\/cours-moliere.com\/en\/history\/#breadcrumb\"},\"inLanguage\":\"en-US\",\"potentialAction\":[{\"@type\":\"ReadAction\",\"target\":[\"http:\/\/cours-moliere.com\/en\/history\/\"]}]},{\"@type\":\"ImageObject\",\"inLanguage\":\"en-US\",\"@id\":\"http:\/\/cours-moliere.com\/en\/history\/#primaryimage\",\"url\":\"http:\/\/cours-moliere.com\/wp-content\/uploads\/2026\/02\/img18.jpg\",\"contentUrl\":\"http:\/\/cours-moliere.com\/wp-content\/uploads\/2026\/02\/img18.jpg\"},{\"@type\":\"BreadcrumbList\",\"@id\":\"http:\/\/cours-moliere.com\/en\/history\/#breadcrumb\",\"itemListElement\":[{\"@type\":\"ListItem\",\"position\":1,\"name\":\"Home\",\"item\":\"https:\/\/cours-moliere.com\/en\/\"},{\"@type\":\"ListItem\",\"position\":2,\"name\":\"History\"}]},{\"@type\":\"WebSite\",\"@id\":\"http:\/\/cours-moliere.com\/#website\",\"url\":\"http:\/\/cours-moliere.com\/\",\"name\":\"Cours Moli\u00e8re - International School\",\"description\":\"\",\"publisher\":{\"@id\":\"http:\/\/cours-moliere.com\/#organization\"},\"potentialAction\":[{\"@type\":\"SearchAction\",\"target\":{\"@type\":\"EntryPoint\",\"urlTemplate\":\"http:\/\/cours-moliere.com\/?s={search_term_string}\"},\"query-input\":{\"@type\":\"PropertyValueSpecification\",\"valueRequired\":true,\"valueName\":\"search_term_string\"}}],\"inLanguage\":\"en-US\"},{\"@type\":\"Organization\",\"@id\":\"http:\/\/cours-moliere.com\/#organization\",\"name\":\"Cours Moli\u00e8re - International School\",\"url\":\"http:\/\/cours-moliere.com\/\",\"logo\":{\"@type\":\"ImageObject\",\"inLanguage\":\"en-US\",\"@id\":\"http:\/\/cours-moliere.com\/#\/schema\/logo\/image\/\",\"url\":\"https:\/\/cours-moliere.com\/wp-content\/uploads\/2022\/12\/logo-ecole-bilingue-cours-moliere.png\",\"contentUrl\":\"https:\/\/cours-moliere.com\/wp-content\/uploads\/2022\/12\/logo-ecole-bilingue-cours-moliere.png\",\"width\":361,\"height\":195,\"caption\":\"Cours Moli\u00e8re - International School\"},\"image\":{\"@id\":\"http:\/\/cours-moliere.com\/#\/schema\/logo\/image\/\"}}]}<\/script>\n<!-- \/ Yoast SEO plugin. -->","yoast_head_json":{"title":"Ecole bilingue Paris - History of Cours Moli\u00e8re","description":"Founded in 1926, the Cours Moli\u00e8re combines academic tradition and modernity. Discover the story of a pioneering language school in the heart of Paris.","robots":{"index":"index","follow":"follow","max-snippet":"max-snippet:-1","max-image-preview":"max-image-preview:large","max-video-preview":"max-video-preview:-1"},"canonical":"http:\/\/cours-moliere.com\/en\/history\/","og_locale":"en_US","og_type":"article","og_title":"Ecole bilingue Paris - History of Cours Moli\u00e8re","og_description":"Founded in 1926, the Cours Moli\u00e8re combines academic tradition and modernity. Discover the story of a pioneering language school in the heart of Paris.","og_url":"http:\/\/cours-moliere.com\/en\/history\/","og_site_name":"Cours Moli\u00e8re, \u00e9cole bilingue \u00e0 Paris - International School","article_modified_time":"2026-03-12T14:26:09+00:00","og_image":[{"url":"http:\/\/cours-moliere.com\/wp-content\/uploads\/2026\/02\/img18.jpg"}],"twitter_card":"summary_large_image","twitter_misc":{"Est. reading time":"3 minutes"},"schema":{"@context":"https:\/\/schema.org","@graph":[{"@type":"WebPage","@id":"http:\/\/cours-moliere.com\/en\/history\/","url":"http:\/\/cours-moliere.com\/en\/history\/","name":"Ecole bilingue Paris - History of Cours Moli\u00e8re","isPartOf":{"@id":"http:\/\/cours-moliere.com\/#website"},"primaryImageOfPage":{"@id":"http:\/\/cours-moliere.com\/en\/history\/#primaryimage"},"image":{"@id":"http:\/\/cours-moliere.com\/en\/history\/#primaryimage"},"thumbnailUrl":"http:\/\/cours-moliere.com\/wp-content\/uploads\/2026\/02\/img18.jpg","datePublished":"2026-02-22T12:25:32+00:00","dateModified":"2026-03-12T14:26:09+00:00","description":"Founded in 1926, the Cours Moli\u00e8re combines academic tradition and modernity. Discover the story of a pioneering language school in the heart of Paris.","breadcrumb":{"@id":"http:\/\/cours-moliere.com\/en\/history\/#breadcrumb"},"inLanguage":"en-US","potentialAction":[{"@type":"ReadAction","target":["http:\/\/cours-moliere.com\/en\/history\/"]}]},{"@type":"ImageObject","inLanguage":"en-US","@id":"http:\/\/cours-moliere.com\/en\/history\/#primaryimage","url":"http:\/\/cours-moliere.com\/wp-content\/uploads\/2026\/02\/img18.jpg","contentUrl":"http:\/\/cours-moliere.com\/wp-content\/uploads\/2026\/02\/img18.jpg"},{"@type":"BreadcrumbList","@id":"http:\/\/cours-moliere.com\/en\/history\/#breadcrumb","itemListElement":[{"@type":"ListItem","position":1,"name":"Home","item":"https:\/\/cours-moliere.com\/en\/"},{"@type":"ListItem","position":2,"name":"History"}]},{"@type":"WebSite","@id":"http:\/\/cours-moliere.com\/#website","url":"http:\/\/cours-moliere.com\/","name":"Cours Moli\u00e8re - International School","description":"","publisher":{"@id":"http:\/\/cours-moliere.com\/#organization"},"potentialAction":[{"@type":"SearchAction","target":{"@type":"EntryPoint","urlTemplate":"http:\/\/cours-moliere.com\/?s={search_term_string}"},"query-input":{"@type":"PropertyValueSpecification","valueRequired":true,"valueName":"search_term_string"}}],"inLanguage":"en-US"},{"@type":"Organization","@id":"http:\/\/cours-moliere.com\/#organization","name":"Cours Moli\u00e8re - International School","url":"http:\/\/cours-moliere.com\/","logo":{"@type":"ImageObject","inLanguage":"en-US","@id":"http:\/\/cours-moliere.com\/#\/schema\/logo\/image\/","url":"https:\/\/cours-moliere.com\/wp-content\/uploads\/2022\/12\/logo-ecole-bilingue-cours-moliere.png","contentUrl":"https:\/\/cours-moliere.com\/wp-content\/uploads\/2022\/12\/logo-ecole-bilingue-cours-moliere.png","width":361,"height":195,"caption":"Cours Moli\u00e8re - International School"},"image":{"@id":"http:\/\/cours-moliere.com\/#\/schema\/logo\/image\/"}}]}},"_links":{"self":[{"href":"https:\/\/cours-moliere.com\/en\/wp-json\/wp\/v2\/pages\/103718","targetHints":{"allow":["GET"]}}],"collection":[{"href":"https:\/\/cours-moliere.com\/en\/wp-json\/wp\/v2\/pages"}],"about":[{"href":"https:\/\/cours-moliere.com\/en\/wp-json\/wp\/v2\/types\/page"}],"author":[{"embeddable":true,"href":"https:\/\/cours-moliere.com\/en\/wp-json\/wp\/v2\/users\/1"}],"replies":[{"embeddable":true,"href":"https:\/\/cours-moliere.com\/en\/wp-json\/wp\/v2\/comments?post=103718"}],"version-history":[{"count":4,"href":"https:\/\/cours-moliere.com\/en\/wp-json\/wp\/v2\/pages\/103718\/revisions"}],"predecessor-version":[{"id":103722,"href":"https:\/\/cours-moliere.com\/en\/wp-json\/wp\/v2\/pages\/103718\/revisions\/103722"}],"wp:attachment":[{"href":"https:\/\/cours-moliere.com\/en\/wp-json\/wp\/v2\/media?parent=103718"}],"curies":[{"name":"wp","href":"https:\/\/api.w.org\/{rel}","templated":true}]}}