{"id":96570,"date":"2024-02-22T09:07:56","date_gmt":"2024-02-22T09:07:56","guid":{"rendered":"https:\/\/cours-moliere.com\/pedagogical-approach\/"},"modified":"2024-04-11T14:26:44","modified_gmt":"2024-04-11T14:26:44","slug":"pedagogical-approach","status":"publish","type":"page","link":"https:\/\/cours-moliere.com\/en\/pedagogical-approach\/","title":{"rendered":"Pedagogical approach"},"content":{"rendered":"\t\t<div data-elementor-type=\"wp-page\" data-elementor-id=\"96570\" class=\"elementor elementor-96570 elementor-95015\" data-elementor-post-type=\"page\">\n\t\t\t\t<div class=\"elementor-element elementor-element-c914678 e-flex e-con-boxed e-con e-parent\" data-id=\"c914678\" data-element_type=\"container\">\n\t\t\t\t\t<div class=\"e-con-inner\">\n\t\t\t\t<div class=\"elementor-element elementor-element-d765cdd elementor-widget elementor-widget-the7-heading\" data-id=\"d765cdd\" data-element_type=\"widget\" data-widget_type=\"the7-heading.default\">\n\t\t\t\t<div class=\"elementor-widget-container\">\n\t\t\t<h2 class=\"the7-heading-title elementor-size-default\">Cours Moli\u00e8re - International school :<br\/> Education of excellence<\/h2>\t\t<\/div>\n\t\t\t\t<\/div>\n\t\t\t\t<div class=\"elementor-element elementor-element-53e1e8f elementor-widget elementor-widget-spacer\" data-id=\"53e1e8f\" data-element_type=\"widget\" data-widget_type=\"spacer.default\">\n\t\t\t\t<div class=\"elementor-widget-container\">\n\t\t\t\t\t<div class=\"elementor-spacer\">\n\t\t\t<div class=\"elementor-spacer-inner\"><\/div>\n\t\t<\/div>\n\t\t\t\t<\/div>\n\t\t\t\t<\/div>\n\t\t\t\t<div class=\"elementor-element elementor-element-8fbee06 elementor-widget elementor-widget-text-editor\" data-id=\"8fbee06\" data-element_type=\"widget\" data-widget_type=\"text-editor.default\">\n\t\t\t\t<div class=\"elementor-widget-container\">\n\t\t\t\t\t\t\t<p data-sourcepos=\"5:1-5:258\"><strong>Since 1926<\/strong>, Cours Moli\u00e8re- International School has been committed to offering its students an education of excellence, founded on humanist values and innovative pedagogy. <strong>More than 17,000 students<\/strong> have been welcomed and benefited from personalized support towards success.<\/p>\t\t\t\t\t\t<\/div>\n\t\t\t\t<\/div>\n\t\t\t\t<div class=\"elementor-element elementor-element-28157e8 elementor-widget elementor-widget-spacer\" data-id=\"28157e8\" data-element_type=\"widget\" data-widget_type=\"spacer.default\">\n\t\t\t\t<div class=\"elementor-widget-container\">\n\t\t\t\t\t<div class=\"elementor-spacer\">\n\t\t\t<div class=\"elementor-spacer-inner\"><\/div>\n\t\t<\/div>\n\t\t\t\t<\/div>\n\t\t\t\t<\/div>\n\t\t\t\t\t<\/div>\n\t\t\t\t<\/div>\n\t\t<div class=\"elementor-element elementor-element-09dc07c e-flex e-con-boxed e-con e-parent\" data-id=\"09dc07c\" data-element_type=\"container\">\n\t\t\t\t\t<div class=\"e-con-inner\">\n\t\t\t\t<div class=\"elementor-element elementor-element-f48e1b4 elementor-widget elementor-widget-the7-heading\" data-id=\"f48e1b4\" data-element_type=\"widget\" data-widget_type=\"the7-heading.default\">\n\t\t\t\t<div class=\"elementor-widget-container\">\n\t\t\t<h3 class=\"the7-heading-title elementor-size-default\">Our teaching approach is based on the following main principles<\/h3>\t\t<\/div>\n\t\t\t\t<\/div>\n\t\t\t\t\t<\/div>\n\t\t\t\t<\/div>\n\t\t<div class=\"elementor-element elementor-element-3246025 e-flex e-con-boxed e-con e-parent\" data-id=\"3246025\" data-element_type=\"container\">\n\t\t\t\t\t<div class=\"e-con-inner\">\n\t\t<div class=\"elementor-element elementor-element-ec08b8f e-flex e-con-boxed e-con e-child\" data-id=\"ec08b8f\" data-element_type=\"container\">\n\t\t\t\t\t<div class=\"e-con-inner\">\n\t\t<div class=\"elementor-element elementor-element-abf795a e-flex e-con-boxed e-con e-child\" data-id=\"abf795a\" data-element_type=\"container\" data-settings=\"{&quot;background_background&quot;:&quot;gradient&quot;}\">\n\t\t\t\t\t<div class=\"e-con-inner\">\n\t\t\t\t<div class=\"elementor-element elementor-element-8bbf1e4 elementor-widget elementor-widget-the7-heading\" data-id=\"8bbf1e4\" data-element_type=\"widget\" data-widget_type=\"the7-heading.default\">\n\t\t\t\t<div class=\"elementor-widget-container\">\n\t\t\t<p class=\"the7-heading-title elementor-size-default\">Individualization<\/p>\t\t<\/div>\n\t\t\t\t<\/div>\n\t\t\t\t\t<\/div>\n\t\t\t\t<\/div>\n\t\t\t\t<div class=\"elementor-element elementor-element-5157929 elementor-widget elementor-widget-text-editor\" data-id=\"5157929\" data-element_type=\"widget\" data-widget_type=\"text-editor.default\">\n\t\t\t\t<div class=\"elementor-widget-container\">\n\t\t\t\t\t\t\t<p data-sourcepos=\"11:1-11:253\">We believe that each student is unique and has their own needs. We emphasize individualized learning so that each student can reach their full potential.<\/p><p data-sourcepos=\"11:1-11:253\"><strong>100% success rate on the baccalaureate, <\/strong><br \/><strong>100% success rate on the High School Diploma,<\/strong><br \/><strong>100% success rate on the Brevet des coll\u00e8ges<\/strong><\/p>\t\t\t\t\t\t<\/div>\n\t\t\t\t<\/div>\n\t\t\t\t\t<\/div>\n\t\t\t\t<\/div>\n\t\t<div class=\"elementor-element elementor-element-f70f6dd e-flex e-con-boxed e-con e-child\" data-id=\"f70f6dd\" data-element_type=\"container\">\n\t\t\t\t\t<div class=\"e-con-inner\">\n\t\t<div class=\"elementor-element elementor-element-76fcaa5 e-flex e-con-boxed e-con e-child\" data-id=\"76fcaa5\" data-element_type=\"container\" data-settings=\"{&quot;background_background&quot;:&quot;gradient&quot;}\">\n\t\t\t\t\t<div class=\"e-con-inner\">\n\t\t\t\t<div class=\"elementor-element elementor-element-72ce74e elementor-widget elementor-widget-the7-heading\" data-id=\"72ce74e\" data-element_type=\"widget\" data-widget_type=\"the7-heading.default\">\n\t\t\t\t<div class=\"elementor-widget-container\">\n\t\t\t<p class=\"the7-heading-title elementor-size-default\">Excellence<\/p>\t\t<\/div>\n\t\t\t\t<\/div>\n\t\t\t\t\t<\/div>\n\t\t\t\t<\/div>\n\t\t\t\t<div class=\"elementor-element elementor-element-c1503a5 elementor-widget elementor-widget-text-editor\" data-id=\"c1503a5\" data-element_type=\"widget\" data-widget_type=\"text-editor.default\">\n\t\t\t\t<div class=\"elementor-widget-container\">\n\t\t\t\t\t\t\t<p>We believe that academic excellence is essential for success in life. We encourage our students to set high goals and work hard to achieve them. We provide our students with a stimulating environment and quality resources to help them reach their full potential.<\/p><p><strong>Last year, 10% of our twelfth-graders were acceptedr to Sciences Po Paris, a highly competitive institution in France.\u00a0<\/strong><\/p>\t\t\t\t\t\t<\/div>\n\t\t\t\t<\/div>\n\t\t\t\t\t<\/div>\n\t\t\t\t<\/div>\n\t\t<div class=\"elementor-element elementor-element-36a75c6 e-flex e-con-boxed e-con e-child\" data-id=\"36a75c6\" data-element_type=\"container\">\n\t\t\t\t\t<div class=\"e-con-inner\">\n\t\t<div class=\"elementor-element elementor-element-dac4991 e-flex e-con-boxed e-con e-child\" data-id=\"dac4991\" data-element_type=\"container\" data-settings=\"{&quot;background_background&quot;:&quot;gradient&quot;}\">\n\t\t\t\t\t<div class=\"e-con-inner\">\n\t\t\t\t<div class=\"elementor-element elementor-element-060d2f8 elementor-widget elementor-widget-the7-heading\" data-id=\"060d2f8\" data-element_type=\"widget\" data-widget_type=\"the7-heading.default\">\n\t\t\t\t<div class=\"elementor-widget-container\">\n\t\t\t<p class=\"the7-heading-title elementor-size-default\">Innovation<\/p>\t\t<\/div>\n\t\t\t\t<\/div>\n\t\t\t\t\t<\/div>\n\t\t\t\t<\/div>\n\t\t\t\t<div class=\"elementor-element elementor-element-4947255 elementor-widget elementor-widget-text-editor\" data-id=\"4947255\" data-element_type=\"widget\" data-widget_type=\"text-editor.default\">\n\t\t\t\t<div class=\"elementor-widget-container\">\n\t\t\t\t\t\t\t<p data-sourcepos=\"19:1-19:154\">We believe that innovation is essential for educational excellence. We are constantly looking for new ways to teach and learn so that our students can receive the best possible education.<\/p>\t\t\t\t\t\t<\/div>\n\t\t\t\t<\/div>\n\t\t\t\t\t<\/div>\n\t\t\t\t<\/div>\n\t\t\t\t\t<\/div>\n\t\t\t\t<\/div>\n\t\t<div class=\"elementor-element elementor-element-c3d0ed4 e-flex e-con-boxed e-con e-parent\" data-id=\"c3d0ed4\" data-element_type=\"container\">\n\t\t\t\t\t<div class=\"e-con-inner\">\n\t\t\t\t<div class=\"elementor-element elementor-element-f7bb2bb elementor-widget elementor-widget-spacer\" data-id=\"f7bb2bb\" data-element_type=\"widget\" data-widget_type=\"spacer.default\">\n\t\t\t\t<div class=\"elementor-widget-container\">\n\t\t\t\t\t<div class=\"elementor-spacer\">\n\t\t\t<div class=\"elementor-spacer-inner\"><\/div>\n\t\t<\/div>\n\t\t\t\t<\/div>\n\t\t\t\t<\/div>\n\t\t\t\t<div class=\"elementor-element elementor-element-7f820a6 elementor-widget-divider--view-line_text elementor-widget-divider--element-align-center elementor-widget elementor-widget-divider\" data-id=\"7f820a6\" data-element_type=\"widget\" data-widget_type=\"divider.default\">\n\t\t\t\t<div class=\"elementor-widget-container\">\n\t\t\t\t\t<div class=\"elementor-divider\">\n\t\t\t<span class=\"elementor-divider-separator\">\n\t\t\t\t\t\t\t<span class=\"elementor-divider__text elementor-divider__element\">\n\t\t\t\tOur teaching methods  \t\t\t\t<\/span>\n\t\t\t\t\t\t<\/span>\n\t\t<\/div>\n\t\t\t\t<\/div>\n\t\t\t\t<\/div>\n\t\t\t\t<div class=\"elementor-element elementor-element-4878400 elementor-widget elementor-widget-text-editor\" data-id=\"4878400\" data-element_type=\"widget\" data-widget_type=\"text-editor.default\">\n\t\t\t\t<div class=\"elementor-widget-container\">\n\t\t\t\t\t\t\t<ul data-sourcepos=\"23:1-24:0\"><li data-sourcepos=\"23:1-24:0\"><p data-sourcepos=\"9:1-9:30\"><strong>Differentiated Instruction: w<\/strong>e believe that every student is unique and learns in their own way. We use a variety of teaching methods to meet the needs of all students.<\/p><\/li><\/ul><ul data-sourcepos=\"27:1-28:0\"><li data-sourcepos=\"27:1-28:0\"><p data-sourcepos=\"15:1-15:25\"><strong>Experiential Learning: <\/strong>we believe that students learn best by doing. We encourage our students to learn by experience and to put their knowledge into practice.<\/p><\/li><\/ul><ul data-sourcepos=\"31:1-32:0\"><li data-sourcepos=\"31:1-32:0\"><p data-sourcepos=\"21:1-21:19\"><strong>Active Learning: <\/strong>we believe that students learn best when they are actively engaged in the learning process. We encourage our students to be active participants in their learning and to participate actively in class.<\/p><\/li><\/ul>\t\t\t\t\t\t<\/div>\n\t\t\t\t<\/div>\n\t\t\t\t<div class=\"elementor-element elementor-element-a7c5931 elementor-widget elementor-widget-spacer\" data-id=\"a7c5931\" data-element_type=\"widget\" data-widget_type=\"spacer.default\">\n\t\t\t\t<div class=\"elementor-widget-container\">\n\t\t\t\t\t<div class=\"elementor-spacer\">\n\t\t\t<div class=\"elementor-spacer-inner\"><\/div>\n\t\t<\/div>\n\t\t\t\t<\/div>\n\t\t\t\t<\/div>\n\t\t\t\t\t<\/div>\n\t\t\t\t<\/div>\n\t\t<div class=\"elementor-element elementor-element-b6fa0a2 e-flex e-con-boxed e-con e-parent\" data-id=\"b6fa0a2\" data-element_type=\"container\" data-settings=\"{&quot;background_background&quot;:&quot;gradient&quot;}\">\n\t\t\t\t\t<div class=\"e-con-inner\">\n\t\t\t\t<div class=\"elementor-element elementor-element-821b16f elementor-widget elementor-widget-text-editor\" data-id=\"821b16f\" data-element_type=\"widget\" data-widget_type=\"text-editor.default\">\n\t\t\t\t<div class=\"elementor-widget-container\">\n\t\t\t\t\t\t\t<p>Cours Moli\u00e8re &#8211; International School, a prestigious Parisian private school, fosters academic excellence through a unique and innovative educational approach.<\/p>\t\t\t\t\t\t<\/div>\n\t\t\t\t<\/div>\n\t\t\t\t\t<\/div>\n\t\t\t\t<\/div>\n\t\t\t\t<\/div>\n\t\t","protected":false},"excerpt":{"rendered":"<p>Cours Moli\u00e8re &#8211; International school : Education of excellence Since 1926, Cours Moli\u00e8re- International School has been committed to offering its students an education of excellence, founded on humanist values and innovative pedagogy. More than 17,000 students have been welcomed and benefited from personalized support towards success. Our teaching approach is based on the following&hellip;<\/p>\n","protected":false},"author":1,"featured_media":0,"parent":0,"menu_order":0,"comment_status":"closed","ping_status":"closed","template":"","meta":{"footnotes":""},"class_list":["post-96570","page","type-page","status-publish","hentry"],"yoast_head":"<!-- This site is optimized with the Yoast SEO plugin v23.7 - https:\/\/yoast.com\/wordpress\/plugins\/seo\/ -->\n<title>Le Cours Moli\u00e8re: the benchmark in education since 1926<\/title>\n<meta name=\"description\" content=\"Le Cours Moli\u00e8re, a private bilingual school of excellence offering an innovative, personalized approach to teaching.\" \/>\n<meta name=\"robots\" content=\"index, follow, max-snippet:-1, max-image-preview:large, max-video-preview:-1\" \/>\n<link rel=\"canonical\" href=\"https:\/\/cours-moliere.com\/en\/pedagogical-approach\/\" \/>\n<meta property=\"og:locale\" content=\"en_US\" \/>\n<meta property=\"og:type\" content=\"article\" \/>\n<meta property=\"og:title\" content=\"Le Cours Moli\u00e8re: the benchmark in education since 1926\" \/>\n<meta property=\"og:description\" content=\"Le Cours Moli\u00e8re, a private bilingual school of excellence offering an innovative, personalized approach to teaching.\" \/>\n<meta property=\"og:url\" content=\"https:\/\/cours-moliere.com\/en\/pedagogical-approach\/\" \/>\n<meta property=\"og:site_name\" content=\"Cours Moli\u00e8re, \u00e9cole bilingue \u00e0 Paris - International School\" \/>\n<meta property=\"article:modified_time\" content=\"2024-04-11T14:26:44+00:00\" \/>\n<meta name=\"twitter:card\" content=\"summary_large_image\" \/>\n<meta name=\"twitter:label1\" content=\"Est. reading time\" \/>\n\t<meta name=\"twitter:data1\" content=\"2 minutes\" \/>\n<script type=\"application\/ld+json\" class=\"yoast-schema-graph\">{\"@context\":\"https:\/\/schema.org\",\"@graph\":[{\"@type\":\"WebPage\",\"@id\":\"https:\/\/cours-moliere.com\/en\/pedagogical-approach\/\",\"url\":\"https:\/\/cours-moliere.com\/en\/pedagogical-approach\/\",\"name\":\"Le Cours Moli\u00e8re: the benchmark in education since 1926\",\"isPartOf\":{\"@id\":\"https:\/\/cours-moliere.com\/en\/#website\"},\"datePublished\":\"2024-02-22T09:07:56+00:00\",\"dateModified\":\"2024-04-11T14:26:44+00:00\",\"description\":\"Le Cours Moli\u00e8re, a private bilingual school of excellence offering an innovative, personalized approach to teaching.\",\"breadcrumb\":{\"@id\":\"https:\/\/cours-moliere.com\/en\/pedagogical-approach\/#breadcrumb\"},\"inLanguage\":\"en-US\",\"potentialAction\":[{\"@type\":\"ReadAction\",\"target\":[\"https:\/\/cours-moliere.com\/en\/pedagogical-approach\/\"]}]},{\"@type\":\"BreadcrumbList\",\"@id\":\"https:\/\/cours-moliere.com\/en\/pedagogical-approach\/#breadcrumb\",\"itemListElement\":[{\"@type\":\"ListItem\",\"position\":1,\"name\":\"Home\",\"item\":\"https:\/\/cours-moliere.com\/en\/\"},{\"@type\":\"ListItem\",\"position\":2,\"name\":\"Pedagogical approach\"}]},{\"@type\":\"WebSite\",\"@id\":\"https:\/\/cours-moliere.com\/en\/#website\",\"url\":\"https:\/\/cours-moliere.com\/en\/\",\"name\":\"Cours Moli\u00e8re - International School\",\"description\":\"\",\"publisher\":{\"@id\":\"https:\/\/cours-moliere.com\/en\/#organization\"},\"potentialAction\":[{\"@type\":\"SearchAction\",\"target\":{\"@type\":\"EntryPoint\",\"urlTemplate\":\"https:\/\/cours-moliere.com\/en\/?s={search_term_string}\"},\"query-input\":{\"@type\":\"PropertyValueSpecification\",\"valueRequired\":true,\"valueName\":\"search_term_string\"}}],\"inLanguage\":\"en-US\"},{\"@type\":\"Organization\",\"@id\":\"https:\/\/cours-moliere.com\/en\/#organization\",\"name\":\"Cours Moli\u00e8re - International School\",\"url\":\"https:\/\/cours-moliere.com\/en\/\",\"logo\":{\"@type\":\"ImageObject\",\"inLanguage\":\"en-US\",\"@id\":\"https:\/\/cours-moliere.com\/en\/#\/schema\/logo\/image\/\",\"url\":\"https:\/\/cours-moliere.com\/wp-content\/uploads\/2022\/12\/logo-ecole-bilingue-cours-moliere.png\",\"contentUrl\":\"https:\/\/cours-moliere.com\/wp-content\/uploads\/2022\/12\/logo-ecole-bilingue-cours-moliere.png\",\"width\":361,\"height\":195,\"caption\":\"Cours Moli\u00e8re - International School\"},\"image\":{\"@id\":\"https:\/\/cours-moliere.com\/en\/#\/schema\/logo\/image\/\"}}]}<\/script>\n<!-- \/ Yoast SEO plugin. -->","yoast_head_json":{"title":"Le Cours Moli\u00e8re: the benchmark in education since 1926","description":"Le Cours Moli\u00e8re, a private bilingual school of excellence offering an innovative, personalized approach to teaching.","robots":{"index":"index","follow":"follow","max-snippet":"max-snippet:-1","max-image-preview":"max-image-preview:large","max-video-preview":"max-video-preview:-1"},"canonical":"https:\/\/cours-moliere.com\/en\/pedagogical-approach\/","og_locale":"en_US","og_type":"article","og_title":"Le Cours Moli\u00e8re: the benchmark in education since 1926","og_description":"Le Cours Moli\u00e8re, a private bilingual school of excellence offering an innovative, personalized approach to teaching.","og_url":"https:\/\/cours-moliere.com\/en\/pedagogical-approach\/","og_site_name":"Cours Moli\u00e8re, \u00e9cole bilingue \u00e0 Paris - International School","article_modified_time":"2024-04-11T14:26:44+00:00","twitter_card":"summary_large_image","twitter_misc":{"Est. reading time":"2 minutes"},"schema":{"@context":"https:\/\/schema.org","@graph":[{"@type":"WebPage","@id":"https:\/\/cours-moliere.com\/en\/pedagogical-approach\/","url":"https:\/\/cours-moliere.com\/en\/pedagogical-approach\/","name":"Le Cours Moli\u00e8re: the benchmark in education since 1926","isPartOf":{"@id":"https:\/\/cours-moliere.com\/en\/#website"},"datePublished":"2024-02-22T09:07:56+00:00","dateModified":"2024-04-11T14:26:44+00:00","description":"Le Cours Moli\u00e8re, a private bilingual school of excellence offering an innovative, personalized approach to teaching.","breadcrumb":{"@id":"https:\/\/cours-moliere.com\/en\/pedagogical-approach\/#breadcrumb"},"inLanguage":"en-US","potentialAction":[{"@type":"ReadAction","target":["https:\/\/cours-moliere.com\/en\/pedagogical-approach\/"]}]},{"@type":"BreadcrumbList","@id":"https:\/\/cours-moliere.com\/en\/pedagogical-approach\/#breadcrumb","itemListElement":[{"@type":"ListItem","position":1,"name":"Home","item":"https:\/\/cours-moliere.com\/en\/"},{"@type":"ListItem","position":2,"name":"Pedagogical approach"}]},{"@type":"WebSite","@id":"https:\/\/cours-moliere.com\/en\/#website","url":"https:\/\/cours-moliere.com\/en\/","name":"Cours Moli\u00e8re - International School","description":"","publisher":{"@id":"https:\/\/cours-moliere.com\/en\/#organization"},"potentialAction":[{"@type":"SearchAction","target":{"@type":"EntryPoint","urlTemplate":"https:\/\/cours-moliere.com\/en\/?s={search_term_string}"},"query-input":{"@type":"PropertyValueSpecification","valueRequired":true,"valueName":"search_term_string"}}],"inLanguage":"en-US"},{"@type":"Organization","@id":"https:\/\/cours-moliere.com\/en\/#organization","name":"Cours Moli\u00e8re - International School","url":"https:\/\/cours-moliere.com\/en\/","logo":{"@type":"ImageObject","inLanguage":"en-US","@id":"https:\/\/cours-moliere.com\/en\/#\/schema\/logo\/image\/","url":"https:\/\/cours-moliere.com\/wp-content\/uploads\/2022\/12\/logo-ecole-bilingue-cours-moliere.png","contentUrl":"https:\/\/cours-moliere.com\/wp-content\/uploads\/2022\/12\/logo-ecole-bilingue-cours-moliere.png","width":361,"height":195,"caption":"Cours Moli\u00e8re - International School"},"image":{"@id":"https:\/\/cours-moliere.com\/en\/#\/schema\/logo\/image\/"}}]}},"_links":{"self":[{"href":"https:\/\/cours-moliere.com\/en\/wp-json\/wp\/v2\/pages\/96570","targetHints":{"allow":["GET"]}}],"collection":[{"href":"https:\/\/cours-moliere.com\/en\/wp-json\/wp\/v2\/pages"}],"about":[{"href":"https:\/\/cours-moliere.com\/en\/wp-json\/wp\/v2\/types\/page"}],"author":[{"embeddable":true,"href":"https:\/\/cours-moliere.com\/en\/wp-json\/wp\/v2\/users\/1"}],"replies":[{"embeddable":true,"href":"https:\/\/cours-moliere.com\/en\/wp-json\/wp\/v2\/comments?post=96570"}],"version-history":[{"count":0,"href":"https:\/\/cours-moliere.com\/en\/wp-json\/wp\/v2\/pages\/96570\/revisions"}],"wp:attachment":[{"href":"https:\/\/cours-moliere.com\/en\/wp-json\/wp\/v2\/media?parent=96570"}],"curies":[{"name":"wp","href":"https:\/\/api.w.org\/{rel}","templated":true}]}}