{"id":96805,"date":"2024-02-21T20:26:12","date_gmt":"2024-02-21T20:26:12","guid":{"rendered":"https:\/\/cours-moliere.com\/international-option\/"},"modified":"2024-04-11T15:01:49","modified_gmt":"2024-04-11T15:01:49","slug":"international-option","status":"publish","type":"page","link":"https:\/\/cours-moliere.com\/en\/international-option\/","title":{"rendered":"International option"},"content":{"rendered":"\t\t<div data-elementor-type=\"wp-page\" data-elementor-id=\"96805\" class=\"elementor elementor-96805 elementor-94906\" data-elementor-post-type=\"page\">\n\t\t\t\t<div class=\"elementor-element elementor-element-2546b5b e-flex e-con-boxed e-con e-parent\" data-id=\"2546b5b\" data-element_type=\"container\">\n\t\t\t\t\t<div class=\"e-con-inner\">\n\t\t\t\t<div class=\"elementor-element elementor-element-fd41ef5 elementor-widget elementor-widget-the7-heading\" data-id=\"fd41ef5\" data-element_type=\"widget\" data-widget_type=\"the7-heading.default\">\n\t\t\t\t<div class=\"elementor-widget-container\">\n\t\t\t<h2 class=\"the7-heading-title elementor-size-medium\">International Option  <\/h2>\t\t<\/div>\n\t\t\t\t<\/div>\n\t\t\t\t<div class=\"elementor-element elementor-element-8783081 elementor-widget elementor-widget-the7-heading\" data-id=\"8783081\" data-element_type=\"widget\" data-widget_type=\"the7-heading.default\">\n\t\t\t\t<div class=\"elementor-widget-container\">\n\t\t\t<h3 class=\"the7-heading-title elementor-size-default\">Set yourself up for international success with Cours Moli\u00e8re - International School!<\/h3>\t\t<\/div>\n\t\t\t\t<\/div>\n\t\t\t\t<div class=\"elementor-element elementor-element-a969d3c elementor-widget elementor-widget-spacer\" data-id=\"a969d3c\" data-element_type=\"widget\" data-widget_type=\"spacer.default\">\n\t\t\t\t<div class=\"elementor-widget-container\">\n\t\t\t\t\t<div class=\"elementor-spacer\">\n\t\t\t<div class=\"elementor-spacer-inner\"><\/div>\n\t\t<\/div>\n\t\t\t\t<\/div>\n\t\t\t\t<\/div>\n\t\t\t\t<div class=\"elementor-element elementor-element-e6f60aa elementor-widget elementor-widget-text-editor\" data-id=\"e6f60aa\" data-element_type=\"widget\" data-widget_type=\"text-editor.default\">\n\t\t\t\t<div class=\"elementor-widget-container\">\n\t\t\t\t\t\t\t<p><strong>Give your children the world as their playground!<\/strong><\/p><p data-sourcepos=\"5:1-5:58\"><strong>Cours Moli\u00e8re &#8211; International school <\/strong>gives them the keys to success with a high-quality bilingual education, international study opportunities and affordable tuition<\/p>\t\t\t\t\t\t<\/div>\n\t\t\t\t<\/div>\n\t\t\t\t\t<\/div>\n\t\t\t\t<\/div>\n\t\t<div class=\"elementor-element elementor-element-bacd0f5 e-flex e-con-boxed e-con e-parent\" data-id=\"bacd0f5\" data-element_type=\"container\">\n\t\t\t\t\t<div class=\"e-con-inner\">\n\t\t<div class=\"elementor-element elementor-element-37c9e4f e-flex e-con-boxed e-con e-child\" data-id=\"37c9e4f\" data-element_type=\"container\">\n\t\t\t\t\t<div class=\"e-con-inner\">\n\t\t\t\t<div class=\"elementor-element elementor-element-2075294 elementor-widget elementor-widget-image\" data-id=\"2075294\" data-element_type=\"widget\" data-widget_type=\"image.default\">\n\t\t\t\t<div class=\"elementor-widget-container\">\n\t\t\t\t\t\t\t\t\t\t\t\t\t<img fetchpriority=\"high\" decoding=\"async\" width=\"940\" height=\"788\" src=\"https:\/\/cours-moliere.com\/wp-content\/uploads\/2024\/03\/Lycee-international-bilingue-prive-Paris-Parcours-international-Cours-Moliere.png\" class=\"attachment-large size-large wp-image-95488\" alt=\"Lyc\u00e9e international bilingue priv\u00e9 Paris - Parcours international - Cours Moliere\" srcset=\"https:\/\/cours-moliere.com\/wp-content\/uploads\/2024\/03\/Lycee-international-bilingue-prive-Paris-Parcours-international-Cours-Moliere.png 940w, https:\/\/cours-moliere.com\/wp-content\/uploads\/2024\/03\/Lycee-international-bilingue-prive-Paris-Parcours-international-Cours-Moliere-300x251.png 300w, https:\/\/cours-moliere.com\/wp-content\/uploads\/2024\/03\/Lycee-international-bilingue-prive-Paris-Parcours-international-Cours-Moliere-768x644.png 768w\" sizes=\"(max-width: 940px) 100vw, 940px\" \/>\t\t\t\t\t\t\t\t\t\t\t\t\t<\/div>\n\t\t\t\t<\/div>\n\t\t\t\t\t<\/div>\n\t\t\t\t<\/div>\n\t\t<div class=\"elementor-element elementor-element-65b277d e-flex e-con-boxed e-con e-child\" data-id=\"65b277d\" data-element_type=\"container\">\n\t\t\t\t\t<div class=\"e-con-inner\">\n\t\t\t\t<div class=\"elementor-element elementor-element-cd5394f elementor-widget-divider--view-line_text elementor-widget-divider--element-align-center elementor-widget elementor-widget-divider\" data-id=\"cd5394f\" data-element_type=\"widget\" data-widget_type=\"divider.default\">\n\t\t\t\t<div class=\"elementor-widget-container\">\n\t\t\t\t\t<div class=\"elementor-divider\">\n\t\t\t<span class=\"elementor-divider-separator\">\n\t\t\t\t\t\t\t<span class=\"elementor-divider__text elementor-divider__element\">\n\t\t\t\tA high school open to the world\t\t\t\t<\/span>\n\t\t\t\t\t\t<\/span>\n\t\t<\/div>\n\t\t\t\t<\/div>\n\t\t\t\t<\/div>\n\t\t\t\t<div class=\"elementor-element elementor-element-63af657 elementor-widget elementor-widget-text-editor\" data-id=\"63af657\" data-element_type=\"widget\" data-widget_type=\"text-editor.default\">\n\t\t\t\t<div class=\"elementor-widget-container\">\n\t\t\t\t\t\t\t<ul><li data-sourcepos=\"7:1-7:79\">A diverse and inclusive community with over <strong>35 nationalities represented.<\/strong><\/li><li data-sourcepos=\"8:1-8:76\">A <strong>stimulating environment<\/strong> that promotes open-mindedness and tolerance.<\/li><li data-sourcepos=\"9:1-10:0\">An<strong> international curriculum<\/strong> that prepares students for further studies abroad.<\/li><\/ul>\t\t\t\t\t\t<\/div>\n\t\t\t\t<\/div>\n\t\t\t\t<div class=\"elementor-element elementor-element-a55d4c5 elementor-widget-divider--view-line_text elementor-widget-divider--element-align-center elementor-widget elementor-widget-divider\" data-id=\"a55d4c5\" data-element_type=\"widget\" data-widget_type=\"divider.default\">\n\t\t\t\t<div class=\"elementor-widget-container\">\n\t\t\t\t\t<div class=\"elementor-divider\">\n\t\t\t<span class=\"elementor-divider-separator\">\n\t\t\t\t\t\t\t<span class=\"elementor-divider__text elementor-divider__element\">\n\t\t\t\tAccessible to all levels\t\t\t\t<\/span>\n\t\t\t\t\t\t<\/span>\n\t\t<\/div>\n\t\t\t\t<\/div>\n\t\t\t\t<\/div>\n\t\t\t\t<div class=\"elementor-element elementor-element-f0abe69 elementor-widget elementor-widget-text-editor\" data-id=\"f0abe69\" data-element_type=\"widget\" data-widget_type=\"text-editor.default\">\n\t\t\t\t<div class=\"elementor-widget-container\">\n\t\t\t\t\t\t\t<ul><li data-sourcepos=\"7:1-7:66\"><strong>Open to all levels, <\/strong>regardless of prior language experience.<\/li><li data-sourcepos=\"8:1-8:80\"><strong>Small groups <\/strong>for individualized attention and optimal progress.<\/li><li data-sourcepos=\"9:1-10:0\"><strong>Personalized tutoring <\/strong>for each student.<\/li><\/ul>\t\t\t\t\t\t<\/div>\n\t\t\t\t<\/div>\n\t\t\t\t<div class=\"elementor-element elementor-element-a8ba2d1 elementor-widget-divider--view-line_text elementor-widget-divider--element-align-center elementor-widget elementor-widget-divider\" data-id=\"a8ba2d1\" data-element_type=\"widget\" data-widget_type=\"divider.default\">\n\t\t\t\t<div class=\"elementor-widget-container\">\n\t\t\t\t\t<div class=\"elementor-divider\">\n\t\t\t<span class=\"elementor-divider-separator\">\n\t\t\t\t\t\t\t<span class=\"elementor-divider__text elementor-divider__element\">\n\t\t\t\tEnhanced English Instruction\t\t\t\t<\/span>\n\t\t\t\t\t\t<\/span>\n\t\t<\/div>\n\t\t\t\t<\/div>\n\t\t\t\t<\/div>\n\t\t\t\t<div class=\"elementor-element elementor-element-f1f2524 elementor-widget elementor-widget-text-editor\" data-id=\"f1f2524\" data-element_type=\"widget\" data-widget_type=\"text-editor.default\">\n\t\t\t\t<div class=\"elementor-widget-container\">\n\t\t\t\t\t\t\t<ul><li><strong>6 hours of compulsory English<\/strong> <strong>per week<\/strong> for all students.<\/li><li><strong> Small group classes<\/strong> with a maximum of 20 students for better interaction.<\/li><li><strong>Two English teachers<\/strong> for a comprehensive approach to the language.<\/li><li><strong>Up to 10 hours of English<\/strong> <strong>per week<\/strong> for students in the international option.<\/li><\/ul>\t\t\t\t\t\t<\/div>\n\t\t\t\t<\/div>\n\t\t\t\t\t<\/div>\n\t\t\t\t<\/div>\n\t\t\t\t\t<\/div>\n\t\t\t\t<\/div>\n\t\t<div class=\"elementor-element elementor-element-103e583 e-flex e-con-boxed e-con e-parent\" data-id=\"103e583\" data-element_type=\"container\" data-settings=\"{&quot;background_background&quot;:&quot;classic&quot;}\">\n\t\t\t\t\t<div class=\"e-con-inner\">\n\t\t\t\t\t<\/div>\n\t\t\t\t<\/div>\n\t\t<div class=\"elementor-element elementor-element-0310c9d e-flex e-con-boxed e-con e-parent\" data-id=\"0310c9d\" data-element_type=\"container\">\n\t\t\t\t\t<div class=\"e-con-inner\">\n\t\t\t\t<div class=\"elementor-element elementor-element-5ac444d elementor-widget elementor-widget-the7-heading\" data-id=\"5ac444d\" data-element_type=\"widget\" data-widget_type=\"the7-heading.default\">\n\t\t\t\t<div class=\"elementor-widget-container\">\n\t\t\t<h3 class=\"the7-heading-title elementor-size-medium\">Preparation for Cambridge Exams and Studying Abroad<\/h3>\t\t<\/div>\n\t\t\t\t<\/div>\n\t\t\t\t<div class=\"elementor-element elementor-element-9f94821 elementor-widget elementor-widget-spacer\" data-id=\"9f94821\" data-element_type=\"widget\" data-widget_type=\"spacer.default\">\n\t\t\t\t<div class=\"elementor-widget-container\">\n\t\t\t\t\t<div class=\"elementor-spacer\">\n\t\t\t<div class=\"elementor-spacer-inner\"><\/div>\n\t\t<\/div>\n\t\t\t\t<\/div>\n\t\t\t\t<\/div>\n\t\t\t\t<div class=\"elementor-element elementor-element-65c57ff elementor-widget elementor-widget-text-editor\" data-id=\"65c57ff\" data-element_type=\"widget\" data-widget_type=\"text-editor.default\">\n\t\t\t\t<div class=\"elementor-widget-container\">\n\t\t\t\t\t\t\t<ul><li data-sourcepos=\"7:1-7:85\"><strong>An international option leading to a globally recognized English certification.<\/strong><\/li><li data-sourcepos=\"8:1-8:134\"><strong>Conferences given by English-speaking institutions to provide students with a better understanding of foreign education systems.<\/strong><\/li><li data-sourcepos=\"9:1-10:0\"><strong>Partnerships with universities in North America and Australia to facilitate access to international higher education.<\/strong><\/li><li>\u00a0<\/li><\/ul>\t\t\t\t\t\t<\/div>\n\t\t\t\t<\/div>\n\t\t\t\t\t<\/div>\n\t\t\t\t<\/div>\n\t\t<div class=\"elementor-element elementor-element-5693eb6 e-flex e-con-boxed e-con e-parent\" data-id=\"5693eb6\" data-element_type=\"container\" data-settings=\"{&quot;background_background&quot;:&quot;classic&quot;}\">\n\t\t\t\t\t<div class=\"e-con-inner\">\n\t\t\t\t\t<\/div>\n\t\t\t\t<\/div>\n\t\t<div class=\"elementor-element elementor-element-e7de730 e-flex e-con-boxed e-con e-parent\" data-id=\"e7de730\" data-element_type=\"container\">\n\t\t\t\t\t<div class=\"e-con-inner\">\n\t\t<div class=\"elementor-element elementor-element-ae07f0e e-flex e-con-boxed e-con e-child\" data-id=\"ae07f0e\" data-element_type=\"container\">\n\t\t\t\t\t<div class=\"e-con-inner\">\n\t\t\t\t<div class=\"elementor-element elementor-element-a8d00b1 elementor-widget elementor-widget-image\" data-id=\"a8d00b1\" data-element_type=\"widget\" data-widget_type=\"image.default\">\n\t\t\t\t<div class=\"elementor-widget-container\">\n\t\t\t\t\t\t\t\t\t\t\t\t\t\t<a href=\"\/en\/the-high-school-diploma\/\">\n\t\t\t\t\t\t\t<img decoding=\"async\" width=\"800\" height=\"589\" src=\"https:\/\/cours-moliere.com\/wp-content\/uploads\/2024\/02\/American-High-School-Authorized.png\" class=\"attachment-large size-large wp-image-95184\" alt=\"American High School Diploma - double diplome - Cours Moli\u00e8re\" srcset=\"https:\/\/cours-moliere.com\/wp-content\/uploads\/2024\/02\/American-High-School-Authorized.png 800w, https:\/\/cours-moliere.com\/wp-content\/uploads\/2024\/02\/American-High-School-Authorized-300x221.png 300w, https:\/\/cours-moliere.com\/wp-content\/uploads\/2024\/02\/American-High-School-Authorized-768x565.png 768w\" sizes=\"(max-width: 800px) 100vw, 800px\" \/>\t\t\t\t\t\t\t\t<\/a>\n\t\t\t\t\t\t\t\t\t\t\t\t\t<\/div>\n\t\t\t\t<\/div>\n\t\t\t\t<div class=\"elementor-element elementor-element-6cdbdd7 elementor-widget elementor-widget-spacer\" data-id=\"6cdbdd7\" data-element_type=\"widget\" data-widget_type=\"spacer.default\">\n\t\t\t\t<div class=\"elementor-widget-container\">\n\t\t\t\t\t<div class=\"elementor-spacer\">\n\t\t\t<div class=\"elementor-spacer-inner\"><\/div>\n\t\t<\/div>\n\t\t\t\t<\/div>\n\t\t\t\t<\/div>\n\t\t\t\t<div class=\"elementor-element elementor-element-6538a9f elementor-align-center elementor-widget-mobile__width-inherit elementor-widget elementor-widget-the7_button_widget\" data-id=\"6538a9f\" data-element_type=\"widget\" data-widget_type=\"the7_button_widget.default\">\n\t\t\t\t<div class=\"elementor-widget-container\">\n\t\t\t<div class=\"elementor-button-wrapper\"><a href=\"\/en\/the-high-school-diploma\/\" class=\"box-button elementor-button elementor-size-lg\">Read more<\/a><\/div>\t\t<\/div>\n\t\t\t\t<\/div>\n\t\t\t\t\t<\/div>\n\t\t\t\t<\/div>\n\t\t<div class=\"elementor-element elementor-element-0b5eaa8 e-flex e-con-boxed e-con e-child\" data-id=\"0b5eaa8\" data-element_type=\"container\">\n\t\t\t\t\t<div class=\"e-con-inner\">\n\t\t\t\t<div class=\"elementor-element elementor-element-b2b2a62 elementor-widget elementor-widget-text-editor\" data-id=\"b2b2a62\" data-element_type=\"widget\" data-widget_type=\"text-editor.default\">\n\t\t\t\t<div class=\"elementor-widget-container\">\n\t\t\t\t\t\t\t<p><strong>Offer your child the excellence of a dual French-American diploma with the Cours Moli\u00e8re &#8211; International school.<\/strong><\/p>\t\t\t\t\t\t<\/div>\n\t\t\t\t<\/div>\n\t\t\t\t<div class=\"elementor-element elementor-element-35cfb91 elementor-widget elementor-widget-image\" data-id=\"35cfb91\" data-element_type=\"widget\" data-widget_type=\"image.default\">\n\t\t\t\t<div class=\"elementor-widget-container\">\n\t\t\t\t\t\t\t\t\t\t\t\t\t\t<a href=\"\/en\/the-high-school-diploma\/\">\n\t\t\t\t\t\t\t<img decoding=\"async\" width=\"940\" height=\"788\" src=\"https:\/\/cours-moliere.com\/wp-content\/uploads\/2024\/03\/High-school-diploma-doule-diplome-francais-anglais-Cours-Moliere.png\" class=\"attachment-large size-large wp-image-95730\" alt=\"High school diploma - doule diplome francais anglais - Cours Moliere\" srcset=\"https:\/\/cours-moliere.com\/wp-content\/uploads\/2024\/03\/High-school-diploma-doule-diplome-francais-anglais-Cours-Moliere.png 940w, https:\/\/cours-moliere.com\/wp-content\/uploads\/2024\/03\/High-school-diploma-doule-diplome-francais-anglais-Cours-Moliere-300x251.png 300w, https:\/\/cours-moliere.com\/wp-content\/uploads\/2024\/03\/High-school-diploma-doule-diplome-francais-anglais-Cours-Moliere-768x644.png 768w\" sizes=\"(max-width: 940px) 100vw, 940px\" \/>\t\t\t\t\t\t\t\t<\/a>\n\t\t\t\t\t\t\t\t\t\t\t\t\t<\/div>\n\t\t\t\t<\/div>\n\t\t\t\t\t<\/div>\n\t\t\t\t<\/div>\n\t\t\t\t\t<\/div>\n\t\t\t\t<\/div>\n\t\t\t\t<\/div>\n\t\t","protected":false},"excerpt":{"rendered":"<p>International Option Set yourself up for international success with Cours Moli\u00e8re &#8211; International School! Give your children the world as their playground! Cours Moli\u00e8re &#8211; International school gives them the keys to success with a high-quality bilingual education, international study opportunities and affordable tuition A high school open to the world A diverse and inclusive&hellip;<\/p>\n","protected":false},"author":1,"featured_media":0,"parent":0,"menu_order":0,"comment_status":"closed","ping_status":"closed","template":"","meta":{"footnotes":""},"class_list":["post-96805","page","type-page","status-publish","hentry"],"yoast_head":"<!-- This site is optimized with the Yoast SEO plugin v23.7 - https:\/\/yoast.com\/wordpress\/plugins\/seo\/ -->\n<title>International option - Cours Moli\u00e8re, \u00e9cole bilingue \u00e0 Paris - International School<\/title>\n<meta name=\"robots\" content=\"index, follow, max-snippet:-1, max-image-preview:large, max-video-preview:-1\" \/>\n<link rel=\"canonical\" href=\"https:\/\/cours-moliere.com\/en\/international-option\/\" \/>\n<meta property=\"og:locale\" content=\"en_US\" \/>\n<meta property=\"og:type\" content=\"article\" \/>\n<meta property=\"og:title\" content=\"International option - Cours Moli\u00e8re, \u00e9cole bilingue \u00e0 Paris - International School\" \/>\n<meta property=\"og:description\" content=\"International Option Set yourself up for international success with Cours Moli\u00e8re &#8211; International School! Give your children the world as their playground! Cours Moli\u00e8re &#8211; International school gives them the keys to success with a high-quality bilingual education, international study opportunities and affordable tuition A high school open to the world A diverse and inclusive&hellip;\" \/>\n<meta property=\"og:url\" content=\"https:\/\/cours-moliere.com\/en\/international-option\/\" \/>\n<meta property=\"og:site_name\" content=\"Cours Moli\u00e8re, \u00e9cole bilingue \u00e0 Paris - International School\" \/>\n<meta property=\"article:modified_time\" content=\"2024-04-11T15:01:49+00:00\" \/>\n<meta property=\"og:image\" content=\"https:\/\/cours-moliere.com\/wp-content\/uploads\/2024\/03\/Lycee-international-bilingue-prive-Paris-Parcours-international-Cours-Moliere.png\" \/>\n<meta name=\"twitter:card\" content=\"summary_large_image\" \/>\n<meta name=\"twitter:label1\" content=\"Est. reading time\" \/>\n\t<meta name=\"twitter:data1\" content=\"2 minutes\" \/>\n<script type=\"application\/ld+json\" class=\"yoast-schema-graph\">{\"@context\":\"https:\/\/schema.org\",\"@graph\":[{\"@type\":\"WebPage\",\"@id\":\"https:\/\/cours-moliere.com\/en\/international-option\/\",\"url\":\"https:\/\/cours-moliere.com\/en\/international-option\/\",\"name\":\"International option - Cours Moli\u00e8re, \u00e9cole bilingue \u00e0 Paris - International School\",\"isPartOf\":{\"@id\":\"https:\/\/cours-moliere.com\/en\/#website\"},\"primaryImageOfPage\":{\"@id\":\"https:\/\/cours-moliere.com\/en\/international-option\/#primaryimage\"},\"image\":{\"@id\":\"https:\/\/cours-moliere.com\/en\/international-option\/#primaryimage\"},\"thumbnailUrl\":\"https:\/\/cours-moliere.com\/wp-content\/uploads\/2024\/03\/Lycee-international-bilingue-prive-Paris-Parcours-international-Cours-Moliere.png\",\"datePublished\":\"2024-02-21T20:26:12+00:00\",\"dateModified\":\"2024-04-11T15:01:49+00:00\",\"breadcrumb\":{\"@id\":\"https:\/\/cours-moliere.com\/en\/international-option\/#breadcrumb\"},\"inLanguage\":\"en-US\",\"potentialAction\":[{\"@type\":\"ReadAction\",\"target\":[\"https:\/\/cours-moliere.com\/en\/international-option\/\"]}]},{\"@type\":\"ImageObject\",\"inLanguage\":\"en-US\",\"@id\":\"https:\/\/cours-moliere.com\/en\/international-option\/#primaryimage\",\"url\":\"https:\/\/cours-moliere.com\/wp-content\/uploads\/2024\/03\/Lycee-international-bilingue-prive-Paris-Parcours-international-Cours-Moliere.png\",\"contentUrl\":\"https:\/\/cours-moliere.com\/wp-content\/uploads\/2024\/03\/Lycee-international-bilingue-prive-Paris-Parcours-international-Cours-Moliere.png\"},{\"@type\":\"BreadcrumbList\",\"@id\":\"https:\/\/cours-moliere.com\/en\/international-option\/#breadcrumb\",\"itemListElement\":[{\"@type\":\"ListItem\",\"position\":1,\"name\":\"Home\",\"item\":\"https:\/\/cours-moliere.com\/en\/\"},{\"@type\":\"ListItem\",\"position\":2,\"name\":\"International option\"}]},{\"@type\":\"WebSite\",\"@id\":\"https:\/\/cours-moliere.com\/en\/#website\",\"url\":\"https:\/\/cours-moliere.com\/en\/\",\"name\":\"Cours Moli\u00e8re - International School\",\"description\":\"\",\"publisher\":{\"@id\":\"https:\/\/cours-moliere.com\/en\/#organization\"},\"potentialAction\":[{\"@type\":\"SearchAction\",\"target\":{\"@type\":\"EntryPoint\",\"urlTemplate\":\"https:\/\/cours-moliere.com\/en\/?s={search_term_string}\"},\"query-input\":{\"@type\":\"PropertyValueSpecification\",\"valueRequired\":true,\"valueName\":\"search_term_string\"}}],\"inLanguage\":\"en-US\"},{\"@type\":\"Organization\",\"@id\":\"https:\/\/cours-moliere.com\/en\/#organization\",\"name\":\"Cours Moli\u00e8re - International School\",\"url\":\"https:\/\/cours-moliere.com\/en\/\",\"logo\":{\"@type\":\"ImageObject\",\"inLanguage\":\"en-US\",\"@id\":\"https:\/\/cours-moliere.com\/en\/#\/schema\/logo\/image\/\",\"url\":\"https:\/\/cours-moliere.com\/wp-content\/uploads\/2022\/12\/logo-ecole-bilingue-cours-moliere.png\",\"contentUrl\":\"https:\/\/cours-moliere.com\/wp-content\/uploads\/2022\/12\/logo-ecole-bilingue-cours-moliere.png\",\"width\":361,\"height\":195,\"caption\":\"Cours Moli\u00e8re - International School\"},\"image\":{\"@id\":\"https:\/\/cours-moliere.com\/en\/#\/schema\/logo\/image\/\"}}]}<\/script>\n<!-- \/ Yoast SEO plugin. -->","yoast_head_json":{"title":"International option - Cours Moli\u00e8re, \u00e9cole bilingue \u00e0 Paris - International School","robots":{"index":"index","follow":"follow","max-snippet":"max-snippet:-1","max-image-preview":"max-image-preview:large","max-video-preview":"max-video-preview:-1"},"canonical":"https:\/\/cours-moliere.com\/en\/international-option\/","og_locale":"en_US","og_type":"article","og_title":"International option - Cours Moli\u00e8re, \u00e9cole bilingue \u00e0 Paris - International School","og_description":"International Option Set yourself up for international success with Cours Moli\u00e8re &#8211; International School! Give your children the world as their playground! Cours Moli\u00e8re &#8211; International school gives them the keys to success with a high-quality bilingual education, international study opportunities and affordable tuition A high school open to the world A diverse and inclusive&hellip;","og_url":"https:\/\/cours-moliere.com\/en\/international-option\/","og_site_name":"Cours Moli\u00e8re, \u00e9cole bilingue \u00e0 Paris - International School","article_modified_time":"2024-04-11T15:01:49+00:00","og_image":[{"url":"https:\/\/cours-moliere.com\/wp-content\/uploads\/2024\/03\/Lycee-international-bilingue-prive-Paris-Parcours-international-Cours-Moliere.png"}],"twitter_card":"summary_large_image","twitter_misc":{"Est. reading time":"2 minutes"},"schema":{"@context":"https:\/\/schema.org","@graph":[{"@type":"WebPage","@id":"https:\/\/cours-moliere.com\/en\/international-option\/","url":"https:\/\/cours-moliere.com\/en\/international-option\/","name":"International option - Cours Moli\u00e8re, \u00e9cole bilingue \u00e0 Paris - International School","isPartOf":{"@id":"https:\/\/cours-moliere.com\/en\/#website"},"primaryImageOfPage":{"@id":"https:\/\/cours-moliere.com\/en\/international-option\/#primaryimage"},"image":{"@id":"https:\/\/cours-moliere.com\/en\/international-option\/#primaryimage"},"thumbnailUrl":"https:\/\/cours-moliere.com\/wp-content\/uploads\/2024\/03\/Lycee-international-bilingue-prive-Paris-Parcours-international-Cours-Moliere.png","datePublished":"2024-02-21T20:26:12+00:00","dateModified":"2024-04-11T15:01:49+00:00","breadcrumb":{"@id":"https:\/\/cours-moliere.com\/en\/international-option\/#breadcrumb"},"inLanguage":"en-US","potentialAction":[{"@type":"ReadAction","target":["https:\/\/cours-moliere.com\/en\/international-option\/"]}]},{"@type":"ImageObject","inLanguage":"en-US","@id":"https:\/\/cours-moliere.com\/en\/international-option\/#primaryimage","url":"https:\/\/cours-moliere.com\/wp-content\/uploads\/2024\/03\/Lycee-international-bilingue-prive-Paris-Parcours-international-Cours-Moliere.png","contentUrl":"https:\/\/cours-moliere.com\/wp-content\/uploads\/2024\/03\/Lycee-international-bilingue-prive-Paris-Parcours-international-Cours-Moliere.png"},{"@type":"BreadcrumbList","@id":"https:\/\/cours-moliere.com\/en\/international-option\/#breadcrumb","itemListElement":[{"@type":"ListItem","position":1,"name":"Home","item":"https:\/\/cours-moliere.com\/en\/"},{"@type":"ListItem","position":2,"name":"International option"}]},{"@type":"WebSite","@id":"https:\/\/cours-moliere.com\/en\/#website","url":"https:\/\/cours-moliere.com\/en\/","name":"Cours Moli\u00e8re - International School","description":"","publisher":{"@id":"https:\/\/cours-moliere.com\/en\/#organization"},"potentialAction":[{"@type":"SearchAction","target":{"@type":"EntryPoint","urlTemplate":"https:\/\/cours-moliere.com\/en\/?s={search_term_string}"},"query-input":{"@type":"PropertyValueSpecification","valueRequired":true,"valueName":"search_term_string"}}],"inLanguage":"en-US"},{"@type":"Organization","@id":"https:\/\/cours-moliere.com\/en\/#organization","name":"Cours Moli\u00e8re - International School","url":"https:\/\/cours-moliere.com\/en\/","logo":{"@type":"ImageObject","inLanguage":"en-US","@id":"https:\/\/cours-moliere.com\/en\/#\/schema\/logo\/image\/","url":"https:\/\/cours-moliere.com\/wp-content\/uploads\/2022\/12\/logo-ecole-bilingue-cours-moliere.png","contentUrl":"https:\/\/cours-moliere.com\/wp-content\/uploads\/2022\/12\/logo-ecole-bilingue-cours-moliere.png","width":361,"height":195,"caption":"Cours Moli\u00e8re - International School"},"image":{"@id":"https:\/\/cours-moliere.com\/en\/#\/schema\/logo\/image\/"}}]}},"_links":{"self":[{"href":"https:\/\/cours-moliere.com\/en\/wp-json\/wp\/v2\/pages\/96805","targetHints":{"allow":["GET"]}}],"collection":[{"href":"https:\/\/cours-moliere.com\/en\/wp-json\/wp\/v2\/pages"}],"about":[{"href":"https:\/\/cours-moliere.com\/en\/wp-json\/wp\/v2\/types\/page"}],"author":[{"embeddable":true,"href":"https:\/\/cours-moliere.com\/en\/wp-json\/wp\/v2\/users\/1"}],"replies":[{"embeddable":true,"href":"https:\/\/cours-moliere.com\/en\/wp-json\/wp\/v2\/comments?post=96805"}],"version-history":[{"count":0,"href":"https:\/\/cours-moliere.com\/en\/wp-json\/wp\/v2\/pages\/96805\/revisions"}],"wp:attachment":[{"href":"https:\/\/cours-moliere.com\/en\/wp-json\/wp\/v2\/media?parent=96805"}],"curies":[{"name":"wp","href":"https:\/\/api.w.org\/{rel}","templated":true}]}}