{"id":96894,"date":"2024-03-03T16:39:31","date_gmt":"2024-03-03T16:39:31","guid":{"rendered":"https:\/\/cours-moliere.com\/collaborations-for-the-future\/"},"modified":"2025-11-19T16:31:54","modified_gmt":"2025-11-19T16:31:54","slug":"collaborations-for-the-future","status":"publish","type":"page","link":"https:\/\/cours-moliere.com\/en\/collaborations-for-the-future\/","title":{"rendered":"Embracing the World"},"content":{"rendered":"\t\t<div data-elementor-type=\"wp-page\" data-elementor-id=\"96894\" class=\"elementor elementor-96894 elementor-95544\" data-elementor-post-type=\"page\">\n\t\t\t\t<div class=\"elementor-element elementor-element-91b25f8 e-flex e-con-boxed e-con e-parent\" data-id=\"91b25f8\" data-element_type=\"container\">\n\t\t\t\t\t<div class=\"e-con-inner\">\n\t\t\t\t<div class=\"elementor-element elementor-element-89a1a30 elementor-widget elementor-widget-heading\" data-id=\"89a1a30\" data-element_type=\"widget\" data-widget_type=\"heading.default\">\n\t\t\t\t<div class=\"elementor-widget-container\">\n\t\t\t<h2 class=\"elementor-heading-title elementor-size-default\">Collaborations for an Enriched Educational Experience<\/h2>\t\t<\/div>\n\t\t\t\t<\/div>\n\t\t\t\t<div class=\"elementor-element elementor-element-b3327ef elementor-widget elementor-widget-spacer\" data-id=\"b3327ef\" data-element_type=\"widget\" data-widget_type=\"spacer.default\">\n\t\t\t\t<div class=\"elementor-widget-container\">\n\t\t\t\t\t<div class=\"elementor-spacer\">\n\t\t\t<div class=\"elementor-spacer-inner\"><\/div>\n\t\t<\/div>\n\t\t\t\t<\/div>\n\t\t\t\t<\/div>\n\t\t\t\t<div class=\"elementor-element elementor-element-d6279d6 elementor-widget elementor-widget-text-editor\" data-id=\"d6279d6\" data-element_type=\"widget\" data-widget_type=\"text-editor.default\">\n\t\t\t\t<div class=\"elementor-widget-container\">\n\t\t\t\t\t\t\t<p>Cours Moli\u00e8re &#8211; International School is proud to partner with leading schools and universities to offer its students unique learning and development opportunities. By collaborating with our partners, we provide our students with a rich and stimulating educational experience that prepares them for success in their further education and future careers.<\/p>\t\t\t\t\t\t<\/div>\n\t\t\t\t<\/div>\n\t\t\t\t\t<\/div>\n\t\t\t\t<\/div>\n\t\t<div class=\"elementor-element elementor-element-198b786 e-flex e-con-boxed e-con e-parent\" data-id=\"198b786\" data-element_type=\"container\">\n\t\t\t\t\t<div class=\"e-con-inner\">\n\t\t\t\t<div class=\"elementor-element elementor-element-746f90c elementor-widget elementor-widget-spacer\" data-id=\"746f90c\" data-element_type=\"widget\" data-widget_type=\"spacer.default\">\n\t\t\t\t<div class=\"elementor-widget-container\">\n\t\t\t\t\t<div class=\"elementor-spacer\">\n\t\t\t<div class=\"elementor-spacer-inner\"><\/div>\n\t\t<\/div>\n\t\t\t\t<\/div>\n\t\t\t\t<\/div>\n\t\t\t\t\t<\/div>\n\t\t\t\t<\/div>\n\t\t<div class=\"elementor-element elementor-element-a42a8a7 e-flex e-con-boxed e-con e-parent\" data-id=\"a42a8a7\" data-element_type=\"container\">\n\t\t\t\t\t<div class=\"e-con-inner\">\n\t\t<div class=\"elementor-element elementor-element-0743d9c e-flex e-con-boxed e-con e-child\" data-id=\"0743d9c\" data-element_type=\"container\" data-settings=\"{&quot;background_background&quot;:&quot;classic&quot;}\">\n\t\t\t\t\t<div class=\"e-con-inner\">\n\t\t\t\t<div class=\"elementor-element elementor-element-98ac7ad elementor-widget elementor-widget-image\" data-id=\"98ac7ad\" data-element_type=\"widget\" data-widget_type=\"image.default\">\n\t\t\t\t<div class=\"elementor-widget-container\">\n\t\t\t\t\t\t\t\t\t\t\t\t\t<img decoding=\"async\" width=\"150\" height=\"150\" src=\"https:\/\/cours-moliere.com\/wp-content\/uploads\/2024\/03\/cours-pasteur-150x150.jpg\" class=\"attachment-thumbnail size-thumbnail wp-image-95566\" alt=\"cours-pasteur\" srcset=\"https:\/\/cours-moliere.com\/wp-content\/uploads\/2024\/03\/cours-pasteur-150x150.jpg 150w, https:\/\/cours-moliere.com\/wp-content\/uploads\/2024\/03\/cours-pasteur.jpg 200w\" sizes=\"(max-width: 150px) 100vw, 150px\" \/>\t\t\t\t\t\t\t\t\t\t\t\t\t<\/div>\n\t\t\t\t<\/div>\n\t\t\t\t\t<\/div>\n\t\t\t\t<\/div>\n\t\t<div class=\"elementor-element elementor-element-a332280 e-flex e-con-boxed e-con e-child\" data-id=\"a332280\" data-element_type=\"container\">\n\t\t\t\t\t<div class=\"e-con-inner\">\n\t\t\t\t<div class=\"elementor-element elementor-element-2ec619a elementor-widget elementor-widget-text-editor\" data-id=\"2ec619a\" data-element_type=\"widget\" data-widget_type=\"text-editor.default\">\n\t\t\t\t<div class=\"elementor-widget-container\">\n\t\t\t\t\t\t\t<p>Cours Pasteur | France<\/p>\t\t\t\t\t\t<\/div>\n\t\t\t\t<\/div>\n\t\t\t\t<div class=\"elementor-element elementor-element-afecda7 elementor-widget elementor-widget-text-editor\" data-id=\"afecda7\" data-element_type=\"widget\" data-widget_type=\"text-editor.default\">\n\t\t\t\t<div class=\"elementor-widget-container\">\n\t\t\t\t\t\t\t<p>Cours Pasteur has been supporting students in the first-year competitive exams for health studies and the medical internship at the University of Normandy for 8 years..<br \/>Website: <a href=\"https:\/\/courspasteur.fr\/\" target=\"_blank\" rel=\"noopener\">https:\/\/courspasteur.fr\/<\/a><\/p>\t\t\t\t\t\t<\/div>\n\t\t\t\t<\/div>\n\t\t\t\t\t<\/div>\n\t\t\t\t<\/div>\n\t\t\t\t<div class=\"elementor-element elementor-element-d0aabf9 elementor-widget elementor-widget-spacer\" data-id=\"d0aabf9\" data-element_type=\"widget\" data-widget_type=\"spacer.default\">\n\t\t\t\t<div class=\"elementor-widget-container\">\n\t\t\t\t\t<div class=\"elementor-spacer\">\n\t\t\t<div class=\"elementor-spacer-inner\"><\/div>\n\t\t<\/div>\n\t\t\t\t<\/div>\n\t\t\t\t<\/div>\n\t\t\t\t\t<\/div>\n\t\t\t\t<\/div>\n\t\t<div class=\"elementor-element elementor-element-5e920ac e-flex e-con-boxed e-con e-parent\" data-id=\"5e920ac\" data-element_type=\"container\">\n\t\t\t\t\t<div class=\"e-con-inner\">\n\t\t\t\t<div class=\"elementor-element elementor-element-d6fdac5 elementor-widget elementor-widget-spacer\" data-id=\"d6fdac5\" data-element_type=\"widget\" data-widget_type=\"spacer.default\">\n\t\t\t\t<div class=\"elementor-widget-container\">\n\t\t\t\t\t<div class=\"elementor-spacer\">\n\t\t\t<div class=\"elementor-spacer-inner\"><\/div>\n\t\t<\/div>\n\t\t\t\t<\/div>\n\t\t\t\t<\/div>\n\t\t\t\t\t<\/div>\n\t\t\t\t<\/div>\n\t\t<div class=\"elementor-element elementor-element-ae244be e-flex e-con-boxed e-con e-parent\" data-id=\"ae244be\" data-element_type=\"container\">\n\t\t\t\t\t<div class=\"e-con-inner\">\n\t\t<div class=\"elementor-element elementor-element-e33a2d6 e-flex e-con-boxed e-con e-child\" data-id=\"e33a2d6\" data-element_type=\"container\" data-settings=\"{&quot;background_background&quot;:&quot;classic&quot;}\">\n\t\t\t\t\t<div class=\"e-con-inner\">\n\t\t\t\t<div class=\"elementor-element elementor-element-c670c71 elementor-widget elementor-widget-image\" data-id=\"c670c71\" data-element_type=\"widget\" data-widget_type=\"image.default\">\n\t\t\t\t<div class=\"elementor-widget-container\">\n\t\t\t\t\t\t\t\t\t\t\t\t\t<img decoding=\"async\" width=\"150\" height=\"150\" src=\"https:\/\/cours-moliere.com\/wp-content\/uploads\/2024\/03\/logo-university-Melbourne-150x150.png\" class=\"attachment-thumbnail size-thumbnail wp-image-95605\" alt=\"\" srcset=\"https:\/\/cours-moliere.com\/wp-content\/uploads\/2024\/03\/logo-university-Melbourne-150x150.png 150w, https:\/\/cours-moliere.com\/wp-content\/uploads\/2024\/03\/logo-university-Melbourne-300x300.png 300w, https:\/\/cours-moliere.com\/wp-content\/uploads\/2024\/03\/logo-university-Melbourne-200x200.png 200w, https:\/\/cours-moliere.com\/wp-content\/uploads\/2024\/03\/logo-university-Melbourne.png 400w\" sizes=\"(max-width: 150px) 100vw, 150px\" \/>\t\t\t\t\t\t\t\t\t\t\t\t\t<\/div>\n\t\t\t\t<\/div>\n\t\t\t\t\t<\/div>\n\t\t\t\t<\/div>\n\t\t<div class=\"elementor-element elementor-element-985da97 e-flex e-con-boxed e-con e-child\" data-id=\"985da97\" data-element_type=\"container\">\n\t\t\t\t\t<div class=\"e-con-inner\">\n\t\t\t\t<div class=\"elementor-element elementor-element-b06135d elementor-widget elementor-widget-text-editor\" data-id=\"b06135d\" data-element_type=\"widget\" data-widget_type=\"text-editor.default\">\n\t\t\t\t<div class=\"elementor-widget-container\">\n\t\t\t\t\t\t\t<p>The university of Melbourne | Australia<\/p>\t\t\t\t\t\t<\/div>\n\t\t\t\t<\/div>\n\t\t\t\t<div class=\"elementor-element elementor-element-2b29ee0 elementor-widget elementor-widget-text-editor\" data-id=\"2b29ee0\" data-element_type=\"widget\" data-widget_type=\"text-editor.default\">\n\t\t\t\t<div class=\"elementor-widget-container\">\n\t\t\t\t\t\t\t<p>The University of Melbourne is considered the premier university in Australia and is best known in the fields of Education, Law, Finance, and Science.<br \/>Website: <a href=\"https:\/\/study.unimelb.edu.au\/\" target=\"_blank\" rel=\"noopener\">https: \/\/study.unimelb.edu.au\/<\/a><\/p>\t\t\t\t\t\t<\/div>\n\t\t\t\t<\/div>\n\t\t\t\t\t<\/div>\n\t\t\t\t<\/div>\n\t\t\t\t\t<\/div>\n\t\t\t\t<\/div>\n\t\t<div class=\"elementor-element elementor-element-a31da05 e-flex e-con-boxed e-con e-parent\" data-id=\"a31da05\" data-element_type=\"container\">\n\t\t\t\t\t<div class=\"e-con-inner\">\n\t\t\t\t<div class=\"elementor-element elementor-element-4191de7 elementor-widget elementor-widget-spacer\" data-id=\"4191de7\" data-element_type=\"widget\" data-widget_type=\"spacer.default\">\n\t\t\t\t<div class=\"elementor-widget-container\">\n\t\t\t\t\t<div class=\"elementor-spacer\">\n\t\t\t<div class=\"elementor-spacer-inner\"><\/div>\n\t\t<\/div>\n\t\t\t\t<\/div>\n\t\t\t\t<\/div>\n\t\t\t\t\t<\/div>\n\t\t\t\t<\/div>\n\t\t<div class=\"elementor-element elementor-element-cfee767 e-flex e-con-boxed e-con e-parent\" data-id=\"cfee767\" data-element_type=\"container\">\n\t\t\t\t\t<div class=\"e-con-inner\">\n\t\t<div class=\"elementor-element elementor-element-a4c62a3 e-flex e-con-boxed e-con e-child\" data-id=\"a4c62a3\" data-element_type=\"container\" data-settings=\"{&quot;background_background&quot;:&quot;classic&quot;}\">\n\t\t\t\t\t<div class=\"e-con-inner\">\n\t\t\t\t<div class=\"elementor-element elementor-element-10712ae elementor-widget elementor-widget-image\" data-id=\"10712ae\" data-element_type=\"widget\" data-widget_type=\"image.default\">\n\t\t\t\t<div class=\"elementor-widget-container\">\n\t\t\t\t\t\t\t\t\t\t\t\t\t<img fetchpriority=\"high\" decoding=\"async\" width=\"800\" height=\"241\" src=\"https:\/\/cours-moliere.com\/wp-content\/uploads\/2024\/03\/laurier-short.png\" class=\"attachment-large size-large wp-image-96032\" alt=\"\" srcset=\"https:\/\/cours-moliere.com\/wp-content\/uploads\/2024\/03\/laurier-short.png 800w, https:\/\/cours-moliere.com\/wp-content\/uploads\/2024\/03\/laurier-short-300x90.png 300w, https:\/\/cours-moliere.com\/wp-content\/uploads\/2024\/03\/laurier-short-768x231.png 768w\" sizes=\"(max-width: 800px) 100vw, 800px\" \/>\t\t\t\t\t\t\t\t\t\t\t\t\t<\/div>\n\t\t\t\t<\/div>\n\t\t\t\t\t<\/div>\n\t\t\t\t<\/div>\n\t\t<div class=\"elementor-element elementor-element-2612008 e-flex e-con-boxed e-con e-child\" data-id=\"2612008\" data-element_type=\"container\">\n\t\t\t\t\t<div class=\"e-con-inner\">\n\t\t\t\t<div class=\"elementor-element elementor-element-7833473 elementor-widget elementor-widget-text-editor\" data-id=\"7833473\" data-element_type=\"widget\" data-widget_type=\"text-editor.default\">\n\t\t\t\t<div class=\"elementor-widget-container\">\n\t\t\t\t\t\t\t<p>WILFRID LAURIER UNIVERSITY | Canada<\/p>\t\t\t\t\t\t<\/div>\n\t\t\t\t<\/div>\n\t\t\t\t<div class=\"elementor-element elementor-element-b7cd01d elementor-widget elementor-widget-text-editor\" data-id=\"b7cd01d\" data-element_type=\"widget\" data-widget_type=\"text-editor.default\">\n\t\t\t\t<div class=\"elementor-widget-container\">\n\t\t\t\t\t\t\t<p>Wilfrid Laurier University is a Canadian university located in Ontario. Its Department of Economics offers a program in Economics and Management ranked second in Canada.<br \/>Website: <a href=\"https:\/\/www.wlu.ca\/\">https: \/\/www.wlu.ca\/<\/a><\/p>\t\t\t\t\t\t<\/div>\n\t\t\t\t<\/div>\n\t\t\t\t\t<\/div>\n\t\t\t\t<\/div>\n\t\t\t\t\t<\/div>\n\t\t\t\t<\/div>\n\t\t<div class=\"elementor-element elementor-element-2e9f6b5 e-flex e-con-boxed e-con e-parent\" data-id=\"2e9f6b5\" data-element_type=\"container\">\n\t\t\t\t\t<div class=\"e-con-inner\">\n\t\t\t\t<div class=\"elementor-element elementor-element-8e5fc1b elementor-widget elementor-widget-spacer\" data-id=\"8e5fc1b\" data-element_type=\"widget\" data-widget_type=\"spacer.default\">\n\t\t\t\t<div class=\"elementor-widget-container\">\n\t\t\t\t\t<div class=\"elementor-spacer\">\n\t\t\t<div class=\"elementor-spacer-inner\"><\/div>\n\t\t<\/div>\n\t\t\t\t<\/div>\n\t\t\t\t<\/div>\n\t\t\t\t\t<\/div>\n\t\t\t\t<\/div>\n\t\t<div class=\"elementor-element elementor-element-d8451e1 e-flex e-con-boxed e-con e-parent\" data-id=\"d8451e1\" data-element_type=\"container\">\n\t\t\t\t\t<div class=\"e-con-inner\">\n\t\t<div class=\"elementor-element elementor-element-3b2bfc3 e-flex e-con-boxed e-con e-child\" data-id=\"3b2bfc3\" data-element_type=\"container\" data-settings=\"{&quot;background_background&quot;:&quot;classic&quot;}\">\n\t\t\t\t\t<div class=\"e-con-inner\">\n\t\t\t\t<div class=\"elementor-element elementor-element-36eb23a elementor-widget elementor-widget-image\" data-id=\"36eb23a\" data-element_type=\"widget\" data-widget_type=\"image.default\">\n\t\t\t\t<div class=\"elementor-widget-container\">\n\t\t\t\t\t\t\t\t\t\t\t\t\t<img loading=\"lazy\" decoding=\"async\" width=\"150\" height=\"150\" src=\"https:\/\/cours-moliere.com\/wp-content\/uploads\/2024\/03\/gc-stackedmid-white-yellow-150x150.png\" class=\"attachment-thumbnail size-thumbnail wp-image-96018\" alt=\"\" \/>\t\t\t\t\t\t\t\t\t\t\t\t\t<\/div>\n\t\t\t\t<\/div>\n\t\t\t\t\t<\/div>\n\t\t\t\t<\/div>\n\t\t<div class=\"elementor-element elementor-element-bf0ab3a e-flex e-con-boxed e-con e-child\" data-id=\"bf0ab3a\" data-element_type=\"container\">\n\t\t\t\t\t<div class=\"e-con-inner\">\n\t\t\t\t<div class=\"elementor-element elementor-element-1c73fa4 elementor-widget elementor-widget-text-editor\" data-id=\"1c73fa4\" data-element_type=\"widget\" data-widget_type=\"text-editor.default\">\n\t\t\t\t<div class=\"elementor-widget-container\">\n\t\t\t\t\t\t\t<p>Gordon college | USA<\/p>\t\t\t\t\t\t<\/div>\n\t\t\t\t<\/div>\n\t\t\t\t<div class=\"elementor-element elementor-element-89cffa5 elementor-widget elementor-widget-text-editor\" data-id=\"89cffa5\" data-element_type=\"widget\" data-widget_type=\"text-editor.default\">\n\t\t\t\t<div class=\"elementor-widget-container\">\n\t\t\t\t\t\t\t<p>Gordon College is a private Christian college in Wenham, Massachusetts. The college offers 33 majors, 38 concentrations, and 21 interdisciplinary and pre-professional minors as well as graduate programs in education and music education. <br \/>Website: <a href=\"https:\/\/www.gordon.edu\/\" target=\"_blank\" rel=\"noopener\">https: \/\/www.gordon.edu\/<\/a><\/p>\t\t\t\t\t\t<\/div>\n\t\t\t\t<\/div>\n\t\t\t\t\t<\/div>\n\t\t\t\t<\/div>\n\t\t\t\t\t<\/div>\n\t\t\t\t<\/div>\n\t\t<div class=\"elementor-element elementor-element-0b80015 e-flex e-con-boxed e-con e-parent\" data-id=\"0b80015\" data-element_type=\"container\">\n\t\t\t\t\t<div class=\"e-con-inner\">\n\t\t\t\t<div class=\"elementor-element elementor-element-4d341fe elementor-widget elementor-widget-spacer\" data-id=\"4d341fe\" data-element_type=\"widget\" data-widget_type=\"spacer.default\">\n\t\t\t\t<div class=\"elementor-widget-container\">\n\t\t\t\t\t<div class=\"elementor-spacer\">\n\t\t\t<div class=\"elementor-spacer-inner\"><\/div>\n\t\t<\/div>\n\t\t\t\t<\/div>\n\t\t\t\t<\/div>\n\t\t\t\t\t<\/div>\n\t\t\t\t<\/div>\n\t\t<div class=\"elementor-element elementor-element-43a9b8d e-flex e-con-boxed e-con e-parent\" data-id=\"43a9b8d\" data-element_type=\"container\">\n\t\t\t\t\t<div class=\"e-con-inner\">\n\t\t\t\t\t<\/div>\n\t\t\t\t<\/div>\n\t\t\t\t<\/div>\n\t\t","protected":false},"excerpt":{"rendered":"<p>Collaborations for an Enriched Educational Experience Cours Moli\u00e8re &#8211; International School is proud to partner with leading schools and universities to offer its students unique learning and development opportunities. By collaborating with our partners, we provide our students with a rich and stimulating educational experience that prepares them for success in their further education and&hellip;<\/p>\n","protected":false},"author":1,"featured_media":0,"parent":0,"menu_order":0,"comment_status":"closed","ping_status":"closed","template":"","meta":{"footnotes":""},"class_list":["post-96894","page","type-page","status-publish","hentry"],"yoast_head":"<!-- This site is optimized with the Yoast SEO plugin v23.7 - https:\/\/yoast.com\/wordpress\/plugins\/seo\/ -->\n<title>Embracing the World - Cours Moli\u00e8re, \u00e9cole bilingue \u00e0 Paris - International School<\/title>\n<meta name=\"robots\" content=\"index, follow, max-snippet:-1, max-image-preview:large, max-video-preview:-1\" \/>\n<link rel=\"canonical\" href=\"https:\/\/cours-moliere.com\/en\/collaborations-for-the-future\/\" \/>\n<meta property=\"og:locale\" content=\"en_US\" \/>\n<meta property=\"og:type\" content=\"article\" \/>\n<meta property=\"og:title\" content=\"Embracing the World - Cours Moli\u00e8re, \u00e9cole bilingue \u00e0 Paris - International School\" \/>\n<meta property=\"og:description\" content=\"Collaborations for an Enriched Educational Experience Cours Moli\u00e8re &#8211; International School is proud to partner with leading schools and universities to offer its students unique learning and development opportunities. By collaborating with our partners, we provide our students with a rich and stimulating educational experience that prepares them for success in their further education and&hellip;\" \/>\n<meta property=\"og:url\" content=\"https:\/\/cours-moliere.com\/en\/collaborations-for-the-future\/\" \/>\n<meta property=\"og:site_name\" content=\"Cours Moli\u00e8re, \u00e9cole bilingue \u00e0 Paris - International School\" \/>\n<meta property=\"article:modified_time\" content=\"2025-11-19T16:31:54+00:00\" \/>\n<meta property=\"og:image\" content=\"https:\/\/cours-moliere.com\/wp-content\/uploads\/2024\/03\/cours-pasteur-150x150.jpg\" \/>\n<meta name=\"twitter:card\" content=\"summary_large_image\" \/>\n<meta name=\"twitter:label1\" content=\"Est. reading time\" \/>\n\t<meta name=\"twitter:data1\" content=\"2 minutes\" \/>\n<script type=\"application\/ld+json\" class=\"yoast-schema-graph\">{\"@context\":\"https:\/\/schema.org\",\"@graph\":[{\"@type\":\"WebPage\",\"@id\":\"https:\/\/cours-moliere.com\/en\/collaborations-for-the-future\/\",\"url\":\"https:\/\/cours-moliere.com\/en\/collaborations-for-the-future\/\",\"name\":\"Embracing the World - Cours Moli\u00e8re, \u00e9cole bilingue \u00e0 Paris - International School\",\"isPartOf\":{\"@id\":\"https:\/\/cours-moliere.com\/en\/#website\"},\"primaryImageOfPage\":{\"@id\":\"https:\/\/cours-moliere.com\/en\/collaborations-for-the-future\/#primaryimage\"},\"image\":{\"@id\":\"https:\/\/cours-moliere.com\/en\/collaborations-for-the-future\/#primaryimage\"},\"thumbnailUrl\":\"https:\/\/cours-moliere.com\/wp-content\/uploads\/2024\/03\/cours-pasteur-150x150.jpg\",\"datePublished\":\"2024-03-03T16:39:31+00:00\",\"dateModified\":\"2025-11-19T16:31:54+00:00\",\"breadcrumb\":{\"@id\":\"https:\/\/cours-moliere.com\/en\/collaborations-for-the-future\/#breadcrumb\"},\"inLanguage\":\"en-US\",\"potentialAction\":[{\"@type\":\"ReadAction\",\"target\":[\"https:\/\/cours-moliere.com\/en\/collaborations-for-the-future\/\"]}]},{\"@type\":\"ImageObject\",\"inLanguage\":\"en-US\",\"@id\":\"https:\/\/cours-moliere.com\/en\/collaborations-for-the-future\/#primaryimage\",\"url\":\"https:\/\/cours-moliere.com\/wp-content\/uploads\/2024\/03\/cours-pasteur-150x150.jpg\",\"contentUrl\":\"https:\/\/cours-moliere.com\/wp-content\/uploads\/2024\/03\/cours-pasteur-150x150.jpg\"},{\"@type\":\"BreadcrumbList\",\"@id\":\"https:\/\/cours-moliere.com\/en\/collaborations-for-the-future\/#breadcrumb\",\"itemListElement\":[{\"@type\":\"ListItem\",\"position\":1,\"name\":\"Home\",\"item\":\"https:\/\/cours-moliere.com\/en\/\"},{\"@type\":\"ListItem\",\"position\":2,\"name\":\"Embracing the World\"}]},{\"@type\":\"WebSite\",\"@id\":\"https:\/\/cours-moliere.com\/en\/#website\",\"url\":\"https:\/\/cours-moliere.com\/en\/\",\"name\":\"Cours Moli\u00e8re - International School\",\"description\":\"\",\"publisher\":{\"@id\":\"https:\/\/cours-moliere.com\/en\/#organization\"},\"potentialAction\":[{\"@type\":\"SearchAction\",\"target\":{\"@type\":\"EntryPoint\",\"urlTemplate\":\"https:\/\/cours-moliere.com\/en\/?s={search_term_string}\"},\"query-input\":{\"@type\":\"PropertyValueSpecification\",\"valueRequired\":true,\"valueName\":\"search_term_string\"}}],\"inLanguage\":\"en-US\"},{\"@type\":\"Organization\",\"@id\":\"https:\/\/cours-moliere.com\/en\/#organization\",\"name\":\"Cours Moli\u00e8re - International School\",\"url\":\"https:\/\/cours-moliere.com\/en\/\",\"logo\":{\"@type\":\"ImageObject\",\"inLanguage\":\"en-US\",\"@id\":\"https:\/\/cours-moliere.com\/en\/#\/schema\/logo\/image\/\",\"url\":\"https:\/\/cours-moliere.com\/wp-content\/uploads\/2022\/12\/logo-ecole-bilingue-cours-moliere.png\",\"contentUrl\":\"https:\/\/cours-moliere.com\/wp-content\/uploads\/2022\/12\/logo-ecole-bilingue-cours-moliere.png\",\"width\":361,\"height\":195,\"caption\":\"Cours Moli\u00e8re - International School\"},\"image\":{\"@id\":\"https:\/\/cours-moliere.com\/en\/#\/schema\/logo\/image\/\"}}]}<\/script>\n<!-- \/ Yoast SEO plugin. -->","yoast_head_json":{"title":"Embracing the World - Cours Moli\u00e8re, \u00e9cole bilingue \u00e0 Paris - International School","robots":{"index":"index","follow":"follow","max-snippet":"max-snippet:-1","max-image-preview":"max-image-preview:large","max-video-preview":"max-video-preview:-1"},"canonical":"https:\/\/cours-moliere.com\/en\/collaborations-for-the-future\/","og_locale":"en_US","og_type":"article","og_title":"Embracing the World - Cours Moli\u00e8re, \u00e9cole bilingue \u00e0 Paris - International School","og_description":"Collaborations for an Enriched Educational Experience Cours Moli\u00e8re &#8211; International School is proud to partner with leading schools and universities to offer its students unique learning and development opportunities. By collaborating with our partners, we provide our students with a rich and stimulating educational experience that prepares them for success in their further education and&hellip;","og_url":"https:\/\/cours-moliere.com\/en\/collaborations-for-the-future\/","og_site_name":"Cours Moli\u00e8re, \u00e9cole bilingue \u00e0 Paris - International School","article_modified_time":"2025-11-19T16:31:54+00:00","og_image":[{"url":"https:\/\/cours-moliere.com\/wp-content\/uploads\/2024\/03\/cours-pasteur-150x150.jpg"}],"twitter_card":"summary_large_image","twitter_misc":{"Est. reading time":"2 minutes"},"schema":{"@context":"https:\/\/schema.org","@graph":[{"@type":"WebPage","@id":"https:\/\/cours-moliere.com\/en\/collaborations-for-the-future\/","url":"https:\/\/cours-moliere.com\/en\/collaborations-for-the-future\/","name":"Embracing the World - Cours Moli\u00e8re, \u00e9cole bilingue \u00e0 Paris - International School","isPartOf":{"@id":"https:\/\/cours-moliere.com\/en\/#website"},"primaryImageOfPage":{"@id":"https:\/\/cours-moliere.com\/en\/collaborations-for-the-future\/#primaryimage"},"image":{"@id":"https:\/\/cours-moliere.com\/en\/collaborations-for-the-future\/#primaryimage"},"thumbnailUrl":"https:\/\/cours-moliere.com\/wp-content\/uploads\/2024\/03\/cours-pasteur-150x150.jpg","datePublished":"2024-03-03T16:39:31+00:00","dateModified":"2025-11-19T16:31:54+00:00","breadcrumb":{"@id":"https:\/\/cours-moliere.com\/en\/collaborations-for-the-future\/#breadcrumb"},"inLanguage":"en-US","potentialAction":[{"@type":"ReadAction","target":["https:\/\/cours-moliere.com\/en\/collaborations-for-the-future\/"]}]},{"@type":"ImageObject","inLanguage":"en-US","@id":"https:\/\/cours-moliere.com\/en\/collaborations-for-the-future\/#primaryimage","url":"https:\/\/cours-moliere.com\/wp-content\/uploads\/2024\/03\/cours-pasteur-150x150.jpg","contentUrl":"https:\/\/cours-moliere.com\/wp-content\/uploads\/2024\/03\/cours-pasteur-150x150.jpg"},{"@type":"BreadcrumbList","@id":"https:\/\/cours-moliere.com\/en\/collaborations-for-the-future\/#breadcrumb","itemListElement":[{"@type":"ListItem","position":1,"name":"Home","item":"https:\/\/cours-moliere.com\/en\/"},{"@type":"ListItem","position":2,"name":"Embracing the World"}]},{"@type":"WebSite","@id":"https:\/\/cours-moliere.com\/en\/#website","url":"https:\/\/cours-moliere.com\/en\/","name":"Cours Moli\u00e8re - International School","description":"","publisher":{"@id":"https:\/\/cours-moliere.com\/en\/#organization"},"potentialAction":[{"@type":"SearchAction","target":{"@type":"EntryPoint","urlTemplate":"https:\/\/cours-moliere.com\/en\/?s={search_term_string}"},"query-input":{"@type":"PropertyValueSpecification","valueRequired":true,"valueName":"search_term_string"}}],"inLanguage":"en-US"},{"@type":"Organization","@id":"https:\/\/cours-moliere.com\/en\/#organization","name":"Cours Moli\u00e8re - International School","url":"https:\/\/cours-moliere.com\/en\/","logo":{"@type":"ImageObject","inLanguage":"en-US","@id":"https:\/\/cours-moliere.com\/en\/#\/schema\/logo\/image\/","url":"https:\/\/cours-moliere.com\/wp-content\/uploads\/2022\/12\/logo-ecole-bilingue-cours-moliere.png","contentUrl":"https:\/\/cours-moliere.com\/wp-content\/uploads\/2022\/12\/logo-ecole-bilingue-cours-moliere.png","width":361,"height":195,"caption":"Cours Moli\u00e8re - International School"},"image":{"@id":"https:\/\/cours-moliere.com\/en\/#\/schema\/logo\/image\/"}}]}},"_links":{"self":[{"href":"https:\/\/cours-moliere.com\/en\/wp-json\/wp\/v2\/pages\/96894","targetHints":{"allow":["GET"]}}],"collection":[{"href":"https:\/\/cours-moliere.com\/en\/wp-json\/wp\/v2\/pages"}],"about":[{"href":"https:\/\/cours-moliere.com\/en\/wp-json\/wp\/v2\/types\/page"}],"author":[{"embeddable":true,"href":"https:\/\/cours-moliere.com\/en\/wp-json\/wp\/v2\/users\/1"}],"replies":[{"embeddable":true,"href":"https:\/\/cours-moliere.com\/en\/wp-json\/wp\/v2\/comments?post=96894"}],"version-history":[{"count":0,"href":"https:\/\/cours-moliere.com\/en\/wp-json\/wp\/v2\/pages\/96894\/revisions"}],"wp:attachment":[{"href":"https:\/\/cours-moliere.com\/en\/wp-json\/wp\/v2\/media?parent=96894"}],"curies":[{"name":"wp","href":"https:\/\/api.w.org\/{rel}","templated":true}]}}