{"id":96909,"date":"2024-03-15T14:11:17","date_gmt":"2024-03-15T14:11:17","guid":{"rendered":"https:\/\/cours-moliere.com\/language-immersion-program\/"},"modified":"2024-04-11T15:06:52","modified_gmt":"2024-04-11T15:06:52","slug":"language-immersion-program","status":"publish","type":"page","link":"https:\/\/cours-moliere.com\/en\/language-immersion-program\/","title":{"rendered":"Language immersion program"},"content":{"rendered":"\t\t<div data-elementor-type=\"wp-page\" data-elementor-id=\"96909\" class=\"elementor elementor-96909 elementor-96130\" data-elementor-post-type=\"page\">\n\t\t\t\t<div class=\"elementor-element elementor-element-98f6d3d e-flex e-con-boxed e-con e-parent\" data-id=\"98f6d3d\" data-element_type=\"container\">\n\t\t\t\t\t<div class=\"e-con-inner\">\n\t\t\t\t<div class=\"elementor-element elementor-element-8f6782b elementor-widget elementor-widget-text-editor\" data-id=\"8f6782b\" data-element_type=\"widget\" data-widget_type=\"text-editor.default\">\n\t\t\t\t<div class=\"elementor-widget-container\">\n\t\t\t\t\t\t\t<p>A unique experience to learn a language and discover a new culture!<\/p>\t\t\t\t\t\t<\/div>\n\t\t\t\t<\/div>\n\t\t\t\t\t<\/div>\n\t\t\t\t<\/div>\n\t\t<div class=\"elementor-element elementor-element-a6eb4c5 e-flex e-con-boxed e-con e-parent\" data-id=\"a6eb4c5\" data-element_type=\"container\">\n\t\t\t\t\t<div class=\"e-con-inner\">\n\t\t<div class=\"elementor-element elementor-element-c0e493d e-flex e-con-boxed e-con e-child\" data-id=\"c0e493d\" data-element_type=\"container\">\n\t\t\t\t\t<div class=\"e-con-inner\">\n\t\t\t\t<div class=\"elementor-element elementor-element-4814aeb elementor-widget elementor-widget-text-editor\" data-id=\"4814aeb\" data-element_type=\"widget\" data-widget_type=\"text-editor.default\">\n\t\t\t\t<div class=\"elementor-widget-container\">\n\t\t\t\t\t\t\t<p><strong>Benefits of the language immersion program :<\/strong><\/p><ul data-sourcepos=\"20:1-24:0\"><li data-sourcepos=\"20:1-20:173\"><strong>Improvement of language skills: <\/strong>Language immersion is a great way to improve your speaking and writing skills in a foreign language.<\/li><li data-sourcepos=\"22:1-22:194\"><strong>Personal development:<\/strong> Language immersion is an enriching experience that can help students develop independence, self-confidence and adaptability.<\/li><li data-sourcepos=\"22:1-22:194\"><strong>Open-mindedness: <\/strong>Language immersion allows you to discover new cultures and new perspectives, which can contribute to a better understanding of the world.<\/li><li data-sourcepos=\"23:1-24:0\"><strong>Professional future:<\/strong> In a globalized world, mastering several languages and knowing other cultures are important assets on the job market.<\/li><\/ul>\t\t\t\t\t\t<\/div>\n\t\t\t\t<\/div>\n\t\t\t\t<div class=\"elementor-element elementor-element-6f94516 elementor-widget-divider--view-line elementor-widget elementor-widget-divider\" data-id=\"6f94516\" data-element_type=\"widget\" data-widget_type=\"divider.default\">\n\t\t\t\t<div class=\"elementor-widget-container\">\n\t\t\t\t\t<div class=\"elementor-divider\">\n\t\t\t<span class=\"elementor-divider-separator\">\n\t\t\t\t\t\t<\/span>\n\t\t<\/div>\n\t\t\t\t<\/div>\n\t\t\t\t<\/div>\n\t\t\t\t<div class=\"elementor-element elementor-element-21b1369 elementor-widget elementor-widget-text-editor\" data-id=\"21b1369\" data-element_type=\"widget\" data-widget_type=\"text-editor.default\">\n\t\t\t\t<div class=\"elementor-widget-container\">\n\t\t\t\t\t\t\t<p><strong>Encourage your child to participate in our language immersion program and live an unforgettable adventure!<\/strong><\/p>\t\t\t\t\t\t<\/div>\n\t\t\t\t<\/div>\n\t\t\t\t<div class=\"elementor-element elementor-element-440ba41 elementor-widget-divider--view-line elementor-widget elementor-widget-divider\" data-id=\"440ba41\" data-element_type=\"widget\" data-widget_type=\"divider.default\">\n\t\t\t\t<div class=\"elementor-widget-container\">\n\t\t\t\t\t<div class=\"elementor-divider\">\n\t\t\t<span class=\"elementor-divider-separator\">\n\t\t\t\t\t\t<\/span>\n\t\t<\/div>\n\t\t\t\t<\/div>\n\t\t\t\t<\/div>\n\t\t\t\t\t<\/div>\n\t\t\t\t<\/div>\n\t\t<div class=\"elementor-element elementor-element-c4c3374 e-flex e-con-boxed e-con e-child\" data-id=\"c4c3374\" data-element_type=\"container\">\n\t\t\t\t\t<div class=\"e-con-inner\">\n\t\t\t\t<div class=\"elementor-element elementor-element-81f5a19 elementor-widget elementor-widget-image\" data-id=\"81f5a19\" data-element_type=\"widget\" data-widget_type=\"image.default\">\n\t\t\t\t<div class=\"elementor-widget-container\">\n\t\t\t\t\t\t\t\t\t\t\t\t\t<img fetchpriority=\"high\" decoding=\"async\" width=\"1024\" height=\"1024\" src=\"https:\/\/cours-moliere.com\/wp-content\/uploads\/2024\/03\/cours-moliere-language-immersion-1024x1024.jpg\" class=\"attachment-large size-large wp-image-97281\" alt=\"Language immersion program - Cours Moliere - International school in Paris\" srcset=\"https:\/\/cours-moliere.com\/wp-content\/uploads\/2024\/03\/cours-moliere-language-immersion-1024x1024.jpg 1024w, https:\/\/cours-moliere.com\/wp-content\/uploads\/2024\/03\/cours-moliere-language-immersion-300x300.jpg 300w, https:\/\/cours-moliere.com\/wp-content\/uploads\/2024\/03\/cours-moliere-language-immersion-150x150.jpg 150w, https:\/\/cours-moliere.com\/wp-content\/uploads\/2024\/03\/cours-moliere-language-immersion-768x768.jpg 768w, https:\/\/cours-moliere.com\/wp-content\/uploads\/2024\/03\/cours-moliere-language-immersion.jpg 1200w\" sizes=\"(max-width: 1024px) 100vw, 1024px\" \/>\t\t\t\t\t\t\t\t\t\t\t\t\t<\/div>\n\t\t\t\t<\/div>\n\t\t\t\t\t<\/div>\n\t\t\t\t<\/div>\n\t\t\t\t\t<\/div>\n\t\t\t\t<\/div>\n\t\t\t\t<\/div>\n\t\t","protected":false},"excerpt":{"rendered":"<p>A unique experience to learn a language and discover a new culture! Benefits of the language immersion program : Improvement of language skills: Language immersion is a great way to improve your speaking and writing skills in a foreign language. Personal development: Language immersion is an enriching experience that can help students develop independence, self-confidence&hellip;<\/p>\n","protected":false},"author":1,"featured_media":0,"parent":0,"menu_order":0,"comment_status":"closed","ping_status":"closed","template":"","meta":{"footnotes":""},"class_list":["post-96909","page","type-page","status-publish","hentry"],"yoast_head":"<!-- This site is optimized with the Yoast SEO plugin v23.7 - https:\/\/yoast.com\/wordpress\/plugins\/seo\/ -->\n<title>Language immersion program - Cours Moli\u00e8re, \u00e9cole bilingue \u00e0 Paris - International School<\/title>\n<meta name=\"robots\" content=\"index, follow, max-snippet:-1, max-image-preview:large, max-video-preview:-1\" \/>\n<link rel=\"canonical\" href=\"https:\/\/cours-moliere.com\/en\/language-immersion-program\/\" \/>\n<meta property=\"og:locale\" content=\"en_US\" \/>\n<meta property=\"og:type\" content=\"article\" \/>\n<meta property=\"og:title\" content=\"Language immersion program - Cours Moli\u00e8re, \u00e9cole bilingue \u00e0 Paris - International School\" \/>\n<meta property=\"og:description\" content=\"A unique experience to learn a language and discover a new culture! Benefits of the language immersion program : Improvement of language skills: Language immersion is a great way to improve your speaking and writing skills in a foreign language. Personal development: Language immersion is an enriching experience that can help students develop independence, self-confidence&hellip;\" \/>\n<meta property=\"og:url\" content=\"https:\/\/cours-moliere.com\/en\/language-immersion-program\/\" \/>\n<meta property=\"og:site_name\" content=\"Cours Moli\u00e8re, \u00e9cole bilingue \u00e0 Paris - International School\" \/>\n<meta property=\"article:modified_time\" content=\"2024-04-11T15:06:52+00:00\" \/>\n<meta property=\"og:image\" content=\"http:\/\/cours-moliere.com\/wp-content\/uploads\/2024\/03\/cours-moliere-language-immersion-1024x1024.jpg\" \/>\n<meta name=\"twitter:card\" content=\"summary_large_image\" \/>\n<meta name=\"twitter:label1\" content=\"Est. reading time\" \/>\n\t<meta name=\"twitter:data1\" content=\"1 minute\" \/>\n<script type=\"application\/ld+json\" class=\"yoast-schema-graph\">{\"@context\":\"https:\/\/schema.org\",\"@graph\":[{\"@type\":\"WebPage\",\"@id\":\"https:\/\/cours-moliere.com\/en\/language-immersion-program\/\",\"url\":\"https:\/\/cours-moliere.com\/en\/language-immersion-program\/\",\"name\":\"Language immersion program - Cours Moli\u00e8re, \u00e9cole bilingue \u00e0 Paris - International School\",\"isPartOf\":{\"@id\":\"http:\/\/cours-moliere.com\/#website\"},\"primaryImageOfPage\":{\"@id\":\"https:\/\/cours-moliere.com\/en\/language-immersion-program\/#primaryimage\"},\"image\":{\"@id\":\"https:\/\/cours-moliere.com\/en\/language-immersion-program\/#primaryimage\"},\"thumbnailUrl\":\"http:\/\/cours-moliere.com\/wp-content\/uploads\/2024\/03\/cours-moliere-language-immersion-1024x1024.jpg\",\"datePublished\":\"2024-03-15T14:11:17+00:00\",\"dateModified\":\"2024-04-11T15:06:52+00:00\",\"breadcrumb\":{\"@id\":\"https:\/\/cours-moliere.com\/en\/language-immersion-program\/#breadcrumb\"},\"inLanguage\":\"en-US\",\"potentialAction\":[{\"@type\":\"ReadAction\",\"target\":[\"https:\/\/cours-moliere.com\/en\/language-immersion-program\/\"]}]},{\"@type\":\"ImageObject\",\"inLanguage\":\"en-US\",\"@id\":\"https:\/\/cours-moliere.com\/en\/language-immersion-program\/#primaryimage\",\"url\":\"http:\/\/cours-moliere.com\/wp-content\/uploads\/2024\/03\/cours-moliere-language-immersion-1024x1024.jpg\",\"contentUrl\":\"http:\/\/cours-moliere.com\/wp-content\/uploads\/2024\/03\/cours-moliere-language-immersion-1024x1024.jpg\"},{\"@type\":\"BreadcrumbList\",\"@id\":\"https:\/\/cours-moliere.com\/en\/language-immersion-program\/#breadcrumb\",\"itemListElement\":[{\"@type\":\"ListItem\",\"position\":1,\"name\":\"Home\",\"item\":\"https:\/\/cours-moliere.com\/en\/\"},{\"@type\":\"ListItem\",\"position\":2,\"name\":\"Language immersion program\"}]},{\"@type\":\"WebSite\",\"@id\":\"http:\/\/cours-moliere.com\/#website\",\"url\":\"http:\/\/cours-moliere.com\/\",\"name\":\"Cours Moli\u00e8re - International School\",\"description\":\"\",\"publisher\":{\"@id\":\"http:\/\/cours-moliere.com\/#organization\"},\"potentialAction\":[{\"@type\":\"SearchAction\",\"target\":{\"@type\":\"EntryPoint\",\"urlTemplate\":\"http:\/\/cours-moliere.com\/?s={search_term_string}\"},\"query-input\":{\"@type\":\"PropertyValueSpecification\",\"valueRequired\":true,\"valueName\":\"search_term_string\"}}],\"inLanguage\":\"en-US\"},{\"@type\":\"Organization\",\"@id\":\"http:\/\/cours-moliere.com\/#organization\",\"name\":\"Cours Moli\u00e8re - International School\",\"url\":\"http:\/\/cours-moliere.com\/\",\"logo\":{\"@type\":\"ImageObject\",\"inLanguage\":\"en-US\",\"@id\":\"http:\/\/cours-moliere.com\/#\/schema\/logo\/image\/\",\"url\":\"https:\/\/cours-moliere.com\/wp-content\/uploads\/2022\/12\/logo-ecole-bilingue-cours-moliere.png\",\"contentUrl\":\"https:\/\/cours-moliere.com\/wp-content\/uploads\/2022\/12\/logo-ecole-bilingue-cours-moliere.png\",\"width\":361,\"height\":195,\"caption\":\"Cours Moli\u00e8re - International School\"},\"image\":{\"@id\":\"http:\/\/cours-moliere.com\/#\/schema\/logo\/image\/\"}}]}<\/script>\n<!-- \/ Yoast SEO plugin. -->","yoast_head_json":{"title":"Language immersion program - Cours Moli\u00e8re, \u00e9cole bilingue \u00e0 Paris - International School","robots":{"index":"index","follow":"follow","max-snippet":"max-snippet:-1","max-image-preview":"max-image-preview:large","max-video-preview":"max-video-preview:-1"},"canonical":"https:\/\/cours-moliere.com\/en\/language-immersion-program\/","og_locale":"en_US","og_type":"article","og_title":"Language immersion program - Cours Moli\u00e8re, \u00e9cole bilingue \u00e0 Paris - International School","og_description":"A unique experience to learn a language and discover a new culture! Benefits of the language immersion program : Improvement of language skills: Language immersion is a great way to improve your speaking and writing skills in a foreign language. Personal development: Language immersion is an enriching experience that can help students develop independence, self-confidence&hellip;","og_url":"https:\/\/cours-moliere.com\/en\/language-immersion-program\/","og_site_name":"Cours Moli\u00e8re, \u00e9cole bilingue \u00e0 Paris - International School","article_modified_time":"2024-04-11T15:06:52+00:00","og_image":[{"url":"http:\/\/cours-moliere.com\/wp-content\/uploads\/2024\/03\/cours-moliere-language-immersion-1024x1024.jpg"}],"twitter_card":"summary_large_image","twitter_misc":{"Est. reading time":"1 minute"},"schema":{"@context":"https:\/\/schema.org","@graph":[{"@type":"WebPage","@id":"https:\/\/cours-moliere.com\/en\/language-immersion-program\/","url":"https:\/\/cours-moliere.com\/en\/language-immersion-program\/","name":"Language immersion program - Cours Moli\u00e8re, \u00e9cole bilingue \u00e0 Paris - International School","isPartOf":{"@id":"http:\/\/cours-moliere.com\/#website"},"primaryImageOfPage":{"@id":"https:\/\/cours-moliere.com\/en\/language-immersion-program\/#primaryimage"},"image":{"@id":"https:\/\/cours-moliere.com\/en\/language-immersion-program\/#primaryimage"},"thumbnailUrl":"http:\/\/cours-moliere.com\/wp-content\/uploads\/2024\/03\/cours-moliere-language-immersion-1024x1024.jpg","datePublished":"2024-03-15T14:11:17+00:00","dateModified":"2024-04-11T15:06:52+00:00","breadcrumb":{"@id":"https:\/\/cours-moliere.com\/en\/language-immersion-program\/#breadcrumb"},"inLanguage":"en-US","potentialAction":[{"@type":"ReadAction","target":["https:\/\/cours-moliere.com\/en\/language-immersion-program\/"]}]},{"@type":"ImageObject","inLanguage":"en-US","@id":"https:\/\/cours-moliere.com\/en\/language-immersion-program\/#primaryimage","url":"http:\/\/cours-moliere.com\/wp-content\/uploads\/2024\/03\/cours-moliere-language-immersion-1024x1024.jpg","contentUrl":"http:\/\/cours-moliere.com\/wp-content\/uploads\/2024\/03\/cours-moliere-language-immersion-1024x1024.jpg"},{"@type":"BreadcrumbList","@id":"https:\/\/cours-moliere.com\/en\/language-immersion-program\/#breadcrumb","itemListElement":[{"@type":"ListItem","position":1,"name":"Home","item":"https:\/\/cours-moliere.com\/en\/"},{"@type":"ListItem","position":2,"name":"Language immersion program"}]},{"@type":"WebSite","@id":"http:\/\/cours-moliere.com\/#website","url":"http:\/\/cours-moliere.com\/","name":"Cours Moli\u00e8re - International School","description":"","publisher":{"@id":"http:\/\/cours-moliere.com\/#organization"},"potentialAction":[{"@type":"SearchAction","target":{"@type":"EntryPoint","urlTemplate":"http:\/\/cours-moliere.com\/?s={search_term_string}"},"query-input":{"@type":"PropertyValueSpecification","valueRequired":true,"valueName":"search_term_string"}}],"inLanguage":"en-US"},{"@type":"Organization","@id":"http:\/\/cours-moliere.com\/#organization","name":"Cours Moli\u00e8re - International School","url":"http:\/\/cours-moliere.com\/","logo":{"@type":"ImageObject","inLanguage":"en-US","@id":"http:\/\/cours-moliere.com\/#\/schema\/logo\/image\/","url":"https:\/\/cours-moliere.com\/wp-content\/uploads\/2022\/12\/logo-ecole-bilingue-cours-moliere.png","contentUrl":"https:\/\/cours-moliere.com\/wp-content\/uploads\/2022\/12\/logo-ecole-bilingue-cours-moliere.png","width":361,"height":195,"caption":"Cours Moli\u00e8re - International School"},"image":{"@id":"http:\/\/cours-moliere.com\/#\/schema\/logo\/image\/"}}]}},"_links":{"self":[{"href":"https:\/\/cours-moliere.com\/en\/wp-json\/wp\/v2\/pages\/96909","targetHints":{"allow":["GET"]}}],"collection":[{"href":"https:\/\/cours-moliere.com\/en\/wp-json\/wp\/v2\/pages"}],"about":[{"href":"https:\/\/cours-moliere.com\/en\/wp-json\/wp\/v2\/types\/page"}],"author":[{"embeddable":true,"href":"https:\/\/cours-moliere.com\/en\/wp-json\/wp\/v2\/users\/1"}],"replies":[{"embeddable":true,"href":"https:\/\/cours-moliere.com\/en\/wp-json\/wp\/v2\/comments?post=96909"}],"version-history":[{"count":0,"href":"https:\/\/cours-moliere.com\/en\/wp-json\/wp\/v2\/pages\/96909\/revisions"}],"wp:attachment":[{"href":"https:\/\/cours-moliere.com\/en\/wp-json\/wp\/v2\/media?parent=96909"}],"curies":[{"name":"wp","href":"https:\/\/api.w.org\/{rel}","templated":true}]}}