{"id":98046,"date":"2024-05-07T07:22:03","date_gmt":"2024-05-07T07:22:03","guid":{"rendered":"https:\/\/cours-moliere.com\/school-vacations\/"},"modified":"2025-11-25T16:07:50","modified_gmt":"2025-11-25T16:07:50","slug":"school-vacations","status":"publish","type":"page","link":"https:\/\/cours-moliere.com\/en\/school-vacations\/","title":{"rendered":"School vacations"},"content":{"rendered":"\t\t<div data-elementor-type=\"wp-page\" data-elementor-id=\"98046\" class=\"elementor elementor-98046 elementor-98008\" data-elementor-post-type=\"page\">\n\t\t\t\t<div class=\"elementor-element elementor-element-15930186 e-flex e-con-boxed e-con e-parent\" data-id=\"15930186\" data-element_type=\"container\" data-settings=\"{&quot;background_background&quot;:&quot;gradient&quot;}\">\n\t\t\t\t\t<div class=\"e-con-inner\">\n\t\t\t\t<div class=\"elementor-element elementor-element-56eb269c elementor-widget elementor-widget-spacer\" data-id=\"56eb269c\" data-element_type=\"widget\" data-widget_type=\"spacer.default\">\n\t\t\t\t<div class=\"elementor-widget-container\">\n\t\t\t\t\t<div class=\"elementor-spacer\">\n\t\t\t<div class=\"elementor-spacer-inner\"><\/div>\n\t\t<\/div>\n\t\t\t\t<\/div>\n\t\t\t\t<\/div>\n\t\t\t\t<div class=\"elementor-element elementor-element-fcfcfc6 elementor-widget elementor-widget-heading\" data-id=\"fcfcfc6\" data-element_type=\"widget\" data-widget_type=\"heading.default\">\n\t\t\t\t<div class=\"elementor-widget-container\">\n\t\t\t<h1 class=\"elementor-heading-title elementor-size-default\">School vacations<\/h1>\t\t<\/div>\n\t\t\t\t<\/div>\n\t\t\t\t<div class=\"elementor-element elementor-element-828eff elementor-widget elementor-widget-spacer\" data-id=\"828eff\" data-element_type=\"widget\" data-widget_type=\"spacer.default\">\n\t\t\t\t<div class=\"elementor-widget-container\">\n\t\t\t\t\t<div class=\"elementor-spacer\">\n\t\t\t<div class=\"elementor-spacer-inner\"><\/div>\n\t\t<\/div>\n\t\t\t\t<\/div>\n\t\t\t\t<\/div>\n\t\t\t\t<div class=\"elementor-element elementor-element-4cb2795d elementor-widget elementor-widget-spacer\" data-id=\"4cb2795d\" data-element_type=\"widget\" data-widget_type=\"spacer.default\">\n\t\t\t\t<div class=\"elementor-widget-container\">\n\t\t\t\t\t<div class=\"elementor-spacer\">\n\t\t\t<div class=\"elementor-spacer-inner\"><\/div>\n\t\t<\/div>\n\t\t\t\t<\/div>\n\t\t\t\t<\/div>\n\t\t\t\t\t<\/div>\n\t\t\t\t<\/div>\n\t\t<div class=\"elementor-element elementor-element-7504343 e-flex e-con-boxed e-con e-parent\" data-id=\"7504343\" data-element_type=\"container\">\n\t\t\t\t\t<div class=\"e-con-inner\">\n\t\t\t\t<div class=\"elementor-element elementor-element-61dc790 elementor-widget elementor-widget-spacer\" data-id=\"61dc790\" data-element_type=\"widget\" data-widget_type=\"spacer.default\">\n\t\t\t\t<div class=\"elementor-widget-container\">\n\t\t\t\t\t<div class=\"elementor-spacer\">\n\t\t\t<div class=\"elementor-spacer-inner\"><\/div>\n\t\t<\/div>\n\t\t\t\t<\/div>\n\t\t\t\t<\/div>\n\t\t\t\t<div class=\"elementor-element elementor-element-f519666 elementor-widget elementor-widget-text-editor\" data-id=\"f519666\" data-element_type=\"widget\" data-widget_type=\"text-editor.default\">\n\t\t\t\t<div class=\"elementor-widget-container\">\n\t\t\t\t\t\t\t<div class=\"avatar-gutter ng-tns-c3448230477-142 ng-star-inserted\"><div class=\"resize-observable\">Dear parents and students,<br data-start=\"75\" data-end=\"78\" \/>Easily check the school holiday dates for the 2025\u20132026 year! Below you will find the holiday dates as well as a link to download the PDF document for your records.<\/div><\/div>\t\t\t\t\t\t<\/div>\n\t\t\t\t<\/div>\n\t\t\t\t<div class=\"elementor-element elementor-element-b8bc63e elementor-widget elementor-widget-spacer\" data-id=\"b8bc63e\" data-element_type=\"widget\" data-widget_type=\"spacer.default\">\n\t\t\t\t<div class=\"elementor-widget-container\">\n\t\t\t\t\t<div class=\"elementor-spacer\">\n\t\t\t<div class=\"elementor-spacer-inner\"><\/div>\n\t\t<\/div>\n\t\t\t\t<\/div>\n\t\t\t\t<\/div>\n\t\t\t\t\t<\/div>\n\t\t\t\t<\/div>\n\t\t<div class=\"elementor-element elementor-element-e779ee4 e-flex e-con-boxed e-con e-parent\" data-id=\"e779ee4\" data-element_type=\"container\">\n\t\t\t\t\t<div class=\"e-con-inner\">\n\t\t<div class=\"elementor-element elementor-element-25b0f49 e-con-full e-flex e-con e-child\" data-id=\"25b0f49\" data-element_type=\"container\">\n\t\t\t\t<div class=\"elementor-element elementor-element-b0c8101 elementor-widget elementor-widget-text-editor\" data-id=\"b0c8101\" data-element_type=\"widget\" data-widget_type=\"text-editor.default\">\n\t\t\t\t<div class=\"elementor-widget-container\">\n\t\t\t\t\t\t\t<ul><li><strong>Vacances de la Toussaint :<\/strong> Friday, October 17 \u2013 classes resume Monday, November 3<\/li><li><strong>Vacances de Noel :<\/strong> Friday, December 19 \u2013 classes resume Monday, January 5<\/li><li><strong>Vacances d\u2019Hiver :<\/strong> Friday, February 20 \u2013 classes resume Monday, March 9<\/li><li><strong>Vacances de P\u00e2ques :<\/strong> Friday, April 17 \u2013 classes resume Monday, May 4<\/li><li><strong>Jour f\u00e9ri\u00e9 F\u00eate de la victoire 1945 :<\/strong> Friday, May 8<\/li><li><strong>Pont de l\u2019Ascension :<\/strong> Wednesday, May 13 after class \u2013 classes resume Monday, May 18<\/li><li><strong>Vacances d\u2019\u00e9t\u00e9 :<\/strong>Friday, June 28<\/li><\/ul>\t\t\t\t\t\t<\/div>\n\t\t\t\t<\/div>\n\t\t\t\t<div class=\"elementor-element elementor-element-952897d elementor-widget elementor-widget-spacer\" data-id=\"952897d\" data-element_type=\"widget\" data-widget_type=\"spacer.default\">\n\t\t\t\t<div class=\"elementor-widget-container\">\n\t\t\t\t\t<div class=\"elementor-spacer\">\n\t\t\t<div class=\"elementor-spacer-inner\"><\/div>\n\t\t<\/div>\n\t\t\t\t<\/div>\n\t\t\t\t<\/div>\n\t\t\t\t<div class=\"elementor-element elementor-element-cb9e6d5 elementor-align-center elementor-widget elementor-widget-the7_button_widget\" data-id=\"cb9e6d5\" data-element_type=\"widget\" data-widget_type=\"the7_button_widget.default\">\n\t\t\t\t<div class=\"elementor-widget-container\">\n\t\t\t<div class=\"elementor-button-wrapper\"><a href=\"\/wp-content\/uploads\/2025\/07\/DATES-DES-VACANCES-SCHOOL-HOLIDAYS-2025-2026-1.pdf\" target=\"_blank\" class=\"box-button elementor-button elementor-size-lg\">Download vacation dates<svg aria-hidden=\"true\" class=\"elementor-button-icon e-font-icon-svg e-far-file-pdf\" viewBox=\"0 0 384 512\" xmlns=\"http:\/\/www.w3.org\/2000\/svg\"><path d=\"M369.9 97.9L286 14C277 5 264.8-.1 252.1-.1H48C21.5 0 0 21.5 0 48v416c0 26.5 21.5 48 48 48h288c26.5 0 48-21.5 48-48V131.9c0-12.7-5.1-25-14.1-34zM332.1 128H256V51.9l76.1 76.1zM48 464V48h160v104c0 13.3 10.7 24 24 24h104v288H48zm250.2-143.7c-12.2-12-47-8.7-64.4-6.5-17.2-10.5-28.7-25-36.8-46.3 3.9-16.1 10.1-40.6 5.4-56-4.2-26.2-37.8-23.6-42.6-5.9-4.4 16.1-.4 38.5 7 67.1-10 23.9-24.9 56-35.4 74.4-20 10.3-47 26.2-51 46.2-3.3 15.8 26 55.2 76.1-31.2 22.4-7.4 46.8-16.5 68.4-20.1 18.9 10.2 41 17 55.8 17 25.5 0 28-28.2 17.5-38.7zm-198.1 77.8c5.1-13.7 24.5-29.5 30.4-35-19 30.3-30.4 35.7-30.4 35zm81.6-190.6c7.4 0 6.7 32.1 1.8 40.8-4.4-13.9-4.3-40.8-1.8-40.8zm-24.4 136.6c9.7-16.9 18-37 24.7-54.7 8.3 15.1 18.9 27.2 30.1 35.5-20.8 4.3-38.9 13.1-54.8 19.2zm131.6-5s-5 6-37.3-7.8c35.1-2.6 40.9 5.4 37.3 7.8z\"><\/path><\/svg><\/a><\/div>\t\t<\/div>\n\t\t\t\t<\/div>\n\t\t\t\t<\/div>\n\t\t<div class=\"elementor-element elementor-element-26e30dc e-con-full e-flex e-con e-child\" data-id=\"26e30dc\" data-element_type=\"container\">\n\t\t\t\t<div class=\"elementor-element elementor-element-e542cc9 elementor-widget elementor-widget-image\" data-id=\"e542cc9\" data-element_type=\"widget\" data-widget_type=\"image.default\">\n\t\t\t\t<div class=\"elementor-widget-container\">\n\t\t\t\t\t\t\t\t\t\t\t\t\t<img fetchpriority=\"high\" decoding=\"async\" width=\"1024\" height=\"536\" src=\"https:\/\/cours-moliere.com\/wp-content\/uploads\/2024\/05\/dates-des-vacances-Cours-Moliere-International-School-1024x536.jpg\" class=\"attachment-large size-large wp-image-98017\" alt=\"dates des vacances - Cours Moli\u00e8re - International School\" srcset=\"https:\/\/cours-moliere.com\/wp-content\/uploads\/2024\/05\/dates-des-vacances-Cours-Moliere-International-School-1024x536.jpg 1024w, https:\/\/cours-moliere.com\/wp-content\/uploads\/2024\/05\/dates-des-vacances-Cours-Moliere-International-School-300x157.jpg 300w, https:\/\/cours-moliere.com\/wp-content\/uploads\/2024\/05\/dates-des-vacances-Cours-Moliere-International-School-768x402.jpg 768w, https:\/\/cours-moliere.com\/wp-content\/uploads\/2024\/05\/dates-des-vacances-Cours-Moliere-International-School.jpg 1200w\" sizes=\"(max-width: 1024px) 100vw, 1024px\" \/>\t\t\t\t\t\t\t\t\t\t\t\t\t<\/div>\n\t\t\t\t<\/div>\n\t\t\t\t<\/div>\n\t\t\t\t\t<\/div>\n\t\t\t\t<\/div>\n\t\t\t\t<\/div>\n\t\t","protected":false},"excerpt":{"rendered":"<p>School vacations Dear parents and students,Easily check the school holiday dates for the 2025\u20132026 year! Below you will find the holiday dates as well as a link to download the PDF document for your records. Vacances de la Toussaint : Friday, October 17 \u2013 classes resume Monday, November 3 Vacances de Noel : Friday, December&hellip;<\/p>\n","protected":false},"author":1,"featured_media":0,"parent":0,"menu_order":0,"comment_status":"closed","ping_status":"closed","template":"elementor_header_footer","meta":{"footnotes":""},"class_list":["post-98046","page","type-page","status-publish","hentry"],"yoast_head":"<!-- This site is optimized with the Yoast SEO plugin v23.7 - https:\/\/yoast.com\/wordpress\/plugins\/seo\/ -->\n<title>School vacations - Cours Moli\u00e8re, \u00e9cole bilingue \u00e0 Paris - International School<\/title>\n<meta name=\"robots\" content=\"index, follow, max-snippet:-1, max-image-preview:large, max-video-preview:-1\" \/>\n<link rel=\"canonical\" href=\"https:\/\/cours-moliere.com\/en\/school-vacations\/\" \/>\n<meta property=\"og:locale\" content=\"en_US\" \/>\n<meta property=\"og:type\" content=\"article\" \/>\n<meta property=\"og:title\" content=\"School vacations - Cours Moli\u00e8re, \u00e9cole bilingue \u00e0 Paris - International School\" \/>\n<meta property=\"og:description\" content=\"School vacations Dear parents and students,Easily check the school holiday dates for the 2025\u20132026 year! Below you will find the holiday dates as well as a link to download the PDF document for your records. Vacances de la Toussaint : Friday, October 17 \u2013 classes resume Monday, November 3 Vacances de Noel : Friday, December&hellip;\" \/>\n<meta property=\"og:url\" content=\"https:\/\/cours-moliere.com\/en\/school-vacations\/\" \/>\n<meta property=\"og:site_name\" content=\"Cours Moli\u00e8re, \u00e9cole bilingue \u00e0 Paris - International School\" \/>\n<meta property=\"article:modified_time\" content=\"2025-11-25T16:07:50+00:00\" \/>\n<meta property=\"og:image\" content=\"https:\/\/cours-moliere.com\/wp-content\/uploads\/2024\/05\/dates-des-vacances-Cours-Moliere-International-School-1024x536.jpg\" \/>\n<meta name=\"twitter:card\" content=\"summary_large_image\" \/>\n<meta name=\"twitter:label1\" content=\"Est. reading time\" \/>\n\t<meta name=\"twitter:data1\" content=\"1 minute\" \/>\n<script type=\"application\/ld+json\" class=\"yoast-schema-graph\">{\"@context\":\"https:\/\/schema.org\",\"@graph\":[{\"@type\":\"WebPage\",\"@id\":\"https:\/\/cours-moliere.com\/en\/school-vacations\/\",\"url\":\"https:\/\/cours-moliere.com\/en\/school-vacations\/\",\"name\":\"School vacations - Cours Moli\u00e8re, \u00e9cole bilingue \u00e0 Paris - International School\",\"isPartOf\":{\"@id\":\"https:\/\/cours-moliere.com\/en\/#website\"},\"primaryImageOfPage\":{\"@id\":\"https:\/\/cours-moliere.com\/en\/school-vacations\/#primaryimage\"},\"image\":{\"@id\":\"https:\/\/cours-moliere.com\/en\/school-vacations\/#primaryimage\"},\"thumbnailUrl\":\"https:\/\/cours-moliere.com\/wp-content\/uploads\/2024\/05\/dates-des-vacances-Cours-Moliere-International-School-1024x536.jpg\",\"datePublished\":\"2024-05-07T07:22:03+00:00\",\"dateModified\":\"2025-11-25T16:07:50+00:00\",\"breadcrumb\":{\"@id\":\"https:\/\/cours-moliere.com\/en\/school-vacations\/#breadcrumb\"},\"inLanguage\":\"en-US\",\"potentialAction\":[{\"@type\":\"ReadAction\",\"target\":[\"https:\/\/cours-moliere.com\/en\/school-vacations\/\"]}]},{\"@type\":\"ImageObject\",\"inLanguage\":\"en-US\",\"@id\":\"https:\/\/cours-moliere.com\/en\/school-vacations\/#primaryimage\",\"url\":\"https:\/\/cours-moliere.com\/wp-content\/uploads\/2024\/05\/dates-des-vacances-Cours-Moliere-International-School-1024x536.jpg\",\"contentUrl\":\"https:\/\/cours-moliere.com\/wp-content\/uploads\/2024\/05\/dates-des-vacances-Cours-Moliere-International-School-1024x536.jpg\"},{\"@type\":\"BreadcrumbList\",\"@id\":\"https:\/\/cours-moliere.com\/en\/school-vacations\/#breadcrumb\",\"itemListElement\":[{\"@type\":\"ListItem\",\"position\":1,\"name\":\"Home\",\"item\":\"https:\/\/cours-moliere.com\/en\/\"},{\"@type\":\"ListItem\",\"position\":2,\"name\":\"School vacations\"}]},{\"@type\":\"WebSite\",\"@id\":\"https:\/\/cours-moliere.com\/en\/#website\",\"url\":\"https:\/\/cours-moliere.com\/en\/\",\"name\":\"Cours Moli\u00e8re - International School\",\"description\":\"\",\"publisher\":{\"@id\":\"https:\/\/cours-moliere.com\/en\/#organization\"},\"potentialAction\":[{\"@type\":\"SearchAction\",\"target\":{\"@type\":\"EntryPoint\",\"urlTemplate\":\"https:\/\/cours-moliere.com\/en\/?s={search_term_string}\"},\"query-input\":{\"@type\":\"PropertyValueSpecification\",\"valueRequired\":true,\"valueName\":\"search_term_string\"}}],\"inLanguage\":\"en-US\"},{\"@type\":\"Organization\",\"@id\":\"https:\/\/cours-moliere.com\/en\/#organization\",\"name\":\"Cours Moli\u00e8re - International School\",\"url\":\"https:\/\/cours-moliere.com\/en\/\",\"logo\":{\"@type\":\"ImageObject\",\"inLanguage\":\"en-US\",\"@id\":\"https:\/\/cours-moliere.com\/en\/#\/schema\/logo\/image\/\",\"url\":\"https:\/\/cours-moliere.com\/wp-content\/uploads\/2022\/12\/logo-ecole-bilingue-cours-moliere.png\",\"contentUrl\":\"https:\/\/cours-moliere.com\/wp-content\/uploads\/2022\/12\/logo-ecole-bilingue-cours-moliere.png\",\"width\":361,\"height\":195,\"caption\":\"Cours Moli\u00e8re - International School\"},\"image\":{\"@id\":\"https:\/\/cours-moliere.com\/en\/#\/schema\/logo\/image\/\"}}]}<\/script>\n<!-- \/ Yoast SEO plugin. -->","yoast_head_json":{"title":"School vacations - Cours Moli\u00e8re, \u00e9cole bilingue \u00e0 Paris - International School","robots":{"index":"index","follow":"follow","max-snippet":"max-snippet:-1","max-image-preview":"max-image-preview:large","max-video-preview":"max-video-preview:-1"},"canonical":"https:\/\/cours-moliere.com\/en\/school-vacations\/","og_locale":"en_US","og_type":"article","og_title":"School vacations - Cours Moli\u00e8re, \u00e9cole bilingue \u00e0 Paris - International School","og_description":"School vacations Dear parents and students,Easily check the school holiday dates for the 2025\u20132026 year! Below you will find the holiday dates as well as a link to download the PDF document for your records. Vacances de la Toussaint : Friday, October 17 \u2013 classes resume Monday, November 3 Vacances de Noel : Friday, December&hellip;","og_url":"https:\/\/cours-moliere.com\/en\/school-vacations\/","og_site_name":"Cours Moli\u00e8re, \u00e9cole bilingue \u00e0 Paris - International School","article_modified_time":"2025-11-25T16:07:50+00:00","og_image":[{"url":"https:\/\/cours-moliere.com\/wp-content\/uploads\/2024\/05\/dates-des-vacances-Cours-Moliere-International-School-1024x536.jpg"}],"twitter_card":"summary_large_image","twitter_misc":{"Est. reading time":"1 minute"},"schema":{"@context":"https:\/\/schema.org","@graph":[{"@type":"WebPage","@id":"https:\/\/cours-moliere.com\/en\/school-vacations\/","url":"https:\/\/cours-moliere.com\/en\/school-vacations\/","name":"School vacations - Cours Moli\u00e8re, \u00e9cole bilingue \u00e0 Paris - International School","isPartOf":{"@id":"https:\/\/cours-moliere.com\/en\/#website"},"primaryImageOfPage":{"@id":"https:\/\/cours-moliere.com\/en\/school-vacations\/#primaryimage"},"image":{"@id":"https:\/\/cours-moliere.com\/en\/school-vacations\/#primaryimage"},"thumbnailUrl":"https:\/\/cours-moliere.com\/wp-content\/uploads\/2024\/05\/dates-des-vacances-Cours-Moliere-International-School-1024x536.jpg","datePublished":"2024-05-07T07:22:03+00:00","dateModified":"2025-11-25T16:07:50+00:00","breadcrumb":{"@id":"https:\/\/cours-moliere.com\/en\/school-vacations\/#breadcrumb"},"inLanguage":"en-US","potentialAction":[{"@type":"ReadAction","target":["https:\/\/cours-moliere.com\/en\/school-vacations\/"]}]},{"@type":"ImageObject","inLanguage":"en-US","@id":"https:\/\/cours-moliere.com\/en\/school-vacations\/#primaryimage","url":"https:\/\/cours-moliere.com\/wp-content\/uploads\/2024\/05\/dates-des-vacances-Cours-Moliere-International-School-1024x536.jpg","contentUrl":"https:\/\/cours-moliere.com\/wp-content\/uploads\/2024\/05\/dates-des-vacances-Cours-Moliere-International-School-1024x536.jpg"},{"@type":"BreadcrumbList","@id":"https:\/\/cours-moliere.com\/en\/school-vacations\/#breadcrumb","itemListElement":[{"@type":"ListItem","position":1,"name":"Home","item":"https:\/\/cours-moliere.com\/en\/"},{"@type":"ListItem","position":2,"name":"School vacations"}]},{"@type":"WebSite","@id":"https:\/\/cours-moliere.com\/en\/#website","url":"https:\/\/cours-moliere.com\/en\/","name":"Cours Moli\u00e8re - International School","description":"","publisher":{"@id":"https:\/\/cours-moliere.com\/en\/#organization"},"potentialAction":[{"@type":"SearchAction","target":{"@type":"EntryPoint","urlTemplate":"https:\/\/cours-moliere.com\/en\/?s={search_term_string}"},"query-input":{"@type":"PropertyValueSpecification","valueRequired":true,"valueName":"search_term_string"}}],"inLanguage":"en-US"},{"@type":"Organization","@id":"https:\/\/cours-moliere.com\/en\/#organization","name":"Cours Moli\u00e8re - International School","url":"https:\/\/cours-moliere.com\/en\/","logo":{"@type":"ImageObject","inLanguage":"en-US","@id":"https:\/\/cours-moliere.com\/en\/#\/schema\/logo\/image\/","url":"https:\/\/cours-moliere.com\/wp-content\/uploads\/2022\/12\/logo-ecole-bilingue-cours-moliere.png","contentUrl":"https:\/\/cours-moliere.com\/wp-content\/uploads\/2022\/12\/logo-ecole-bilingue-cours-moliere.png","width":361,"height":195,"caption":"Cours Moli\u00e8re - International School"},"image":{"@id":"https:\/\/cours-moliere.com\/en\/#\/schema\/logo\/image\/"}}]}},"_links":{"self":[{"href":"https:\/\/cours-moliere.com\/en\/wp-json\/wp\/v2\/pages\/98046","targetHints":{"allow":["GET"]}}],"collection":[{"href":"https:\/\/cours-moliere.com\/en\/wp-json\/wp\/v2\/pages"}],"about":[{"href":"https:\/\/cours-moliere.com\/en\/wp-json\/wp\/v2\/types\/page"}],"author":[{"embeddable":true,"href":"https:\/\/cours-moliere.com\/en\/wp-json\/wp\/v2\/users\/1"}],"replies":[{"embeddable":true,"href":"https:\/\/cours-moliere.com\/en\/wp-json\/wp\/v2\/comments?post=98046"}],"version-history":[{"count":3,"href":"https:\/\/cours-moliere.com\/en\/wp-json\/wp\/v2\/pages\/98046\/revisions"}],"predecessor-version":[{"id":101176,"href":"https:\/\/cours-moliere.com\/en\/wp-json\/wp\/v2\/pages\/98046\/revisions\/101176"}],"wp:attachment":[{"href":"https:\/\/cours-moliere.com\/en\/wp-json\/wp\/v2\/media?parent=98046"}],"curies":[{"name":"wp","href":"https:\/\/api.w.org\/{rel}","templated":true}]}}