{"id":99128,"date":"2024-03-03T15:37:55","date_gmt":"2024-03-03T15:37:55","guid":{"rendered":"https:\/\/cours-moliere.com\/testimonials\/"},"modified":"2025-11-26T15:04:48","modified_gmt":"2025-11-26T15:04:48","slug":"testimonials","status":"publish","type":"page","link":"https:\/\/cours-moliere.com\/en\/testimonials\/","title":{"rendered":"Testimonials"},"content":{"rendered":"\t\t<div data-elementor-type=\"wp-page\" data-elementor-id=\"99128\" class=\"elementor elementor-99128 elementor-95493\" data-elementor-post-type=\"page\">\n\t\t\t\t<div class=\"elementor-element elementor-element-2636c5b3 e-flex e-con-boxed e-con e-parent\" data-id=\"2636c5b3\" data-element_type=\"container\" data-settings=\"{&quot;background_background&quot;:&quot;gradient&quot;}\">\n\t\t\t\t\t<div class=\"e-con-inner\">\n\t\t\t\t<div class=\"elementor-element elementor-element-1139a88a elementor-widget elementor-widget-spacer\" data-id=\"1139a88a\" data-element_type=\"widget\" data-widget_type=\"spacer.default\">\n\t\t\t\t<div class=\"elementor-widget-container\">\n\t\t\t\t\t<div class=\"elementor-spacer\">\n\t\t\t<div class=\"elementor-spacer-inner\"><\/div>\n\t\t<\/div>\n\t\t\t\t<\/div>\n\t\t\t\t<\/div>\n\t\t\t\t<div class=\"elementor-element elementor-element-496227a9 elementor-widget elementor-widget-heading\" data-id=\"496227a9\" data-element_type=\"widget\" data-widget_type=\"heading.default\">\n\t\t\t\t<div class=\"elementor-widget-container\">\n\t\t\t<h1 class=\"elementor-heading-title elementor-size-default\">Testimonials<\/h1>\t\t<\/div>\n\t\t\t\t<\/div>\n\t\t\t\t<div class=\"elementor-element elementor-element-66925767 elementor-widget elementor-widget-spacer\" data-id=\"66925767\" data-element_type=\"widget\" data-widget_type=\"spacer.default\">\n\t\t\t\t<div class=\"elementor-widget-container\">\n\t\t\t\t\t<div class=\"elementor-spacer\">\n\t\t\t<div class=\"elementor-spacer-inner\"><\/div>\n\t\t<\/div>\n\t\t\t\t<\/div>\n\t\t\t\t<\/div>\n\t\t\t\t<div class=\"elementor-element elementor-element-133bcd19 elementor-widget elementor-widget-spacer\" data-id=\"133bcd19\" data-element_type=\"widget\" data-widget_type=\"spacer.default\">\n\t\t\t\t<div class=\"elementor-widget-container\">\n\t\t\t\t\t<div class=\"elementor-spacer\">\n\t\t\t<div class=\"elementor-spacer-inner\"><\/div>\n\t\t<\/div>\n\t\t\t\t<\/div>\n\t\t\t\t<\/div>\n\t\t\t\t\t<\/div>\n\t\t\t\t<\/div>\n\t\t<div class=\"elementor-element elementor-element-0c5d6a9 e-flex e-con-boxed e-con e-parent\" data-id=\"0c5d6a9\" data-element_type=\"container\">\n\t\t\t\t\t<div class=\"e-con-inner\">\n\t\t<div class=\"elementor-element elementor-element-fc70076 e-con-full e-flex e-con e-child\" data-id=\"fc70076\" data-element_type=\"container\">\n\t\t\t\t<div class=\"elementor-element elementor-element-4d56161 elementor-widget elementor-widget-image\" data-id=\"4d56161\" data-element_type=\"widget\" data-widget_type=\"image.default\">\n\t\t\t\t<div class=\"elementor-widget-container\">\n\t\t\t\t\t\t\t\t\t\t\t\t\t<img fetchpriority=\"high\" decoding=\"async\" width=\"1024\" height=\"576\" src=\"https:\/\/cours-moliere.com\/wp-content\/uploads\/2025\/11\/Design-sans-titre-1024x576.png\" class=\"attachment-large size-large wp-image-100283\" alt=\"\" srcset=\"https:\/\/cours-moliere.com\/wp-content\/uploads\/2025\/11\/Design-sans-titre-1024x576.png 1024w, https:\/\/cours-moliere.com\/wp-content\/uploads\/2025\/11\/Design-sans-titre-300x169.png 300w, https:\/\/cours-moliere.com\/wp-content\/uploads\/2025\/11\/Design-sans-titre-768x432.png 768w, https:\/\/cours-moliere.com\/wp-content\/uploads\/2025\/11\/Design-sans-titre.png 1200w\" sizes=\"(max-width: 1024px) 100vw, 1024px\" \/>\t\t\t\t\t\t\t\t\t\t\t\t\t<\/div>\n\t\t\t\t<\/div>\n\t\t\t\t<\/div>\n\t\t<div class=\"elementor-element elementor-element-1e919dd e-con-full e-flex e-con e-child\" data-id=\"1e919dd\" data-element_type=\"container\">\n\t\t\t\t<div class=\"elementor-element elementor-element-00d3118 elementor-widget elementor-widget-text-editor\" data-id=\"00d3118\" data-element_type=\"widget\" data-widget_type=\"text-editor.default\">\n\t\t\t\t<div class=\"elementor-widget-container\">\n\t\t\t\t\t\t\t<p>Cours Moli\u00e8re \u2013 International School supports students from all backgrounds in their academic and personal success. Over the generations, we have had the privilege of seeing thousands of students thrive within our walls and discover the joy of learning.<\/p><p>Today, we are proud to share the testimonials of our former students and their families. Their inspiring journeys highlight the quality of education at Cours Moli\u00e8re \u2013 International School and the positive impact our school has had on their lives.<\/p><p>These testimonials serve as a source of inspiration for anyone striving for full success. They demonstrate that Cours Moli\u00e8re \u2013 International School is a private bilingual school where every student can reach their full potential.<\/p><p>Read the testimonials below:<\/p>\t\t\t\t\t\t<\/div>\n\t\t\t\t<\/div>\n\t\t\t\t<\/div>\n\t\t\t\t\t<\/div>\n\t\t\t\t<\/div>\n\t\t<div class=\"elementor-element elementor-element-e1551fc e-flex e-con-boxed e-con e-parent\" data-id=\"e1551fc\" data-element_type=\"container\">\n\t\t\t\t\t<div class=\"e-con-inner\">\n\t\t\t\t<div class=\"elementor-element elementor-element-020bdaa elementor-widget elementor-widget-spacer\" data-id=\"020bdaa\" data-element_type=\"widget\" data-widget_type=\"spacer.default\">\n\t\t\t\t<div class=\"elementor-widget-container\">\n\t\t\t\t\t<div class=\"elementor-spacer\">\n\t\t\t<div class=\"elementor-spacer-inner\"><\/div>\n\t\t<\/div>\n\t\t\t\t<\/div>\n\t\t\t\t<\/div>\n\t\t\t\t<div class=\"elementor-element elementor-element-1a4902b elementor-widget elementor-widget-spacer\" data-id=\"1a4902b\" data-element_type=\"widget\" data-widget_type=\"spacer.default\">\n\t\t\t\t<div class=\"elementor-widget-container\">\n\t\t\t\t\t<div class=\"elementor-spacer\">\n\t\t\t<div class=\"elementor-spacer-inner\"><\/div>\n\t\t<\/div>\n\t\t\t\t<\/div>\n\t\t\t\t<\/div>\n\t\t\t\t<div class=\"elementor-element elementor-element-794409f elementor-blockquote--skin-boxed elementor-blockquote--align-left elementor-blockquote--button-color-official elementor-widget elementor-widget-blockquote\" data-id=\"794409f\" data-element_type=\"widget\" data-widget_type=\"blockquote.default\">\n\t\t\t\t<div class=\"elementor-widget-container\">\n\t\t\t\t\t<blockquote class=\"elementor-blockquote\">\n\t\t\t<p class=\"elementor-blockquote__content\">\n\t\t\t\tDear Benjamin Silva Jarry and the Cours Moli\u00e8re Team,<br\/><br\/>\n\nAs my daughter Sarah concludes her time at Cours Moli\u00e8re, I want to extend my heartfelt gratitude to the entire staff and faculty. The past three years have been nothing short of amazing for her and for us as a family.<br\/><br\/>\n\nSarah has grown not only academically, but also as a person more confident, responsible, and kind and I know this is a reflection of the nurturing and inspiring environment you\u2019ve created. From her teachers who challenged and encouraged her, to the staff who supported her each day, each of you played a meaningful role in shaping her journey.<br\/><br\/>\n\nThank you for believing in her, guiding her, and helping her become the person she is today. We will always look back on her time at Cours Moli\u00e8re with great appreciation and warm memories.\t\t\t<\/p>\n\t\t\t\t\t\t\t<div class=\"e-q-footer\">\n\t\t\t\t\t\t\t\t\t\t\t<cite class=\"elementor-blockquote__author\">Amira G.<\/cite>\n\t\t\t\t\t\t\t\t\t\t\t\t\t\t<\/div>\n\t\t\t\t\t<\/blockquote>\n\t\t\t\t<\/div>\n\t\t\t\t<\/div>\n\t\t\t\t<div class=\"elementor-element elementor-element-8db661d elementor-blockquote--skin-boxed elementor-blockquote--align-left elementor-blockquote--button-color-official elementor-widget elementor-widget-blockquote\" data-id=\"8db661d\" data-element_type=\"widget\" data-widget_type=\"blockquote.default\">\n\t\t\t\t<div class=\"elementor-widget-container\">\n\t\t\t\t\t<blockquote class=\"elementor-blockquote\">\n\t\t\t<p class=\"elementor-blockquote__content\">\n\t\t\t\t  Thank you so much for my daughter's report card. Your dedication and hard work have had a positive impact on her academic progress, and I am grateful for that.I am counting on you for next year as well.Thank you again for all you do. \t\t\t<\/p>\n\t\t\t\t\t\t\t<div class=\"e-q-footer\">\n\t\t\t\t\t\t\t\t\t\t\t<cite class=\"elementor-blockquote__author\">Mr et Mme P.<\/cite>\n\t\t\t\t\t\t\t\t\t\t\t\t\t\t<\/div>\n\t\t\t\t\t<\/blockquote>\n\t\t\t\t<\/div>\n\t\t\t\t<\/div>\n\t\t\t\t<div class=\"elementor-element elementor-element-24b9223 elementor-widget elementor-widget-spacer\" data-id=\"24b9223\" data-element_type=\"widget\" data-widget_type=\"spacer.default\">\n\t\t\t\t<div class=\"elementor-widget-container\">\n\t\t\t\t\t<div class=\"elementor-spacer\">\n\t\t\t<div class=\"elementor-spacer-inner\"><\/div>\n\t\t<\/div>\n\t\t\t\t<\/div>\n\t\t\t\t<\/div>\n\t\t\t\t<div class=\"elementor-element elementor-element-3663b24 elementor-blockquote--skin-boxed elementor-blockquote--align-left elementor-blockquote--button-color-official elementor-widget elementor-widget-blockquote\" data-id=\"3663b24\" data-element_type=\"widget\" data-widget_type=\"blockquote.default\">\n\t\t\t\t<div class=\"elementor-widget-container\">\n\t\t\t\t\t<blockquote class=\"elementor-blockquote\">\n\t\t\t<p class=\"elementor-blockquote__content\">\n\t\t\t\tWe'd like to take this opportunity to thank the Cours Moli\u00e8re Dream Team, led by coach Jarry \ud83d\ude09\n On a more serious note, thank you so much for all your hard work over the past 3 years with Elodie. Everything she has learned with you has enabled her to grow and to have solid weapons to face her new life as an adult. As a general rule, people have memories of one or 2 teachers who left a lasting impression on them during their school years, but for Elodie, each of the teachers at Cours Moli\u00e8re represents a special memory! This is rare enough to be highlighted. Elodie has found a way to stay close to you: her school is at Arts et M\u00e9tiers! Thanks again and best wishes to the whole team!     \t\t\t<\/p>\n\t\t\t\t\t\t\t<div class=\"e-q-footer\">\n\t\t\t\t\t\t\t\t\t\t\t<cite class=\"elementor-blockquote__author\">Mr et Mme L.<\/cite>\n\t\t\t\t\t\t\t\t\t\t\t\t\t\t<\/div>\n\t\t\t\t\t<\/blockquote>\n\t\t\t\t<\/div>\n\t\t\t\t<\/div>\n\t\t\t\t<div class=\"elementor-element elementor-element-abaac45 elementor-widget elementor-widget-spacer\" data-id=\"abaac45\" data-element_type=\"widget\" data-widget_type=\"spacer.default\">\n\t\t\t\t<div class=\"elementor-widget-container\">\n\t\t\t\t\t<div class=\"elementor-spacer\">\n\t\t\t<div class=\"elementor-spacer-inner\"><\/div>\n\t\t<\/div>\n\t\t\t\t<\/div>\n\t\t\t\t<\/div>\n\t\t\t\t<div class=\"elementor-element elementor-element-bd43209 elementor-blockquote--skin-boxed elementor-blockquote--align-left elementor-blockquote--button-color-official elementor-widget elementor-widget-blockquote\" data-id=\"bd43209\" data-element_type=\"widget\" data-widget_type=\"blockquote.default\">\n\t\t\t\t<div class=\"elementor-widget-container\">\n\t\t\t\t\t<blockquote class=\"elementor-blockquote\">\n\t\t\t<p class=\"elementor-blockquote__content\">\n\t\t\t\tJust a quick e-mail to catch up with you on this \"special\" start to the new school year. I hope you're doing well, and that your entire teaching team is too. On our side, the past year has been a whirlwind for Mario: new school and entry into CE2 in September, passage into CM1 in January and home school and virtual classroom in March. But he got through it all with an ability to adapt that I didn't know he had - kids are amazing! I wanted to take a moment to thank you and all his teachers; thanks to the wonderful teaching he received at the Cours Moli\u00e8re, he is now perfectly equipped, and I am more fortunate than ever. On Tuesday, he enters CM2 as a confident and fulfilled little boy. I hope to have the opportunity to visit you again this year. Thank you all and have a wonderful start to the new school year.       \t\t\t<\/p>\n\t\t\t\t\t\t\t<div class=\"e-q-footer\">\n\t\t\t\t\t\t\t\t\t\t\t<cite class=\"elementor-blockquote__author\">Murielle J<\/cite>\n\t\t\t\t\t\t\t\t\t\t\t\t\t\t<\/div>\n\t\t\t\t\t<\/blockquote>\n\t\t\t\t<\/div>\n\t\t\t\t<\/div>\n\t\t\t\t<div class=\"elementor-element elementor-element-d1e5243 elementor-widget elementor-widget-spacer\" data-id=\"d1e5243\" data-element_type=\"widget\" data-widget_type=\"spacer.default\">\n\t\t\t\t<div class=\"elementor-widget-container\">\n\t\t\t\t\t<div class=\"elementor-spacer\">\n\t\t\t<div class=\"elementor-spacer-inner\"><\/div>\n\t\t<\/div>\n\t\t\t\t<\/div>\n\t\t\t\t<\/div>\n\t\t\t\t<div class=\"elementor-element elementor-element-c775f4b elementor-blockquote--skin-boxed elementor-blockquote--align-left elementor-blockquote--button-color-official elementor-widget elementor-widget-blockquote\" data-id=\"c775f4b\" data-element_type=\"widget\" data-widget_type=\"blockquote.default\">\n\t\t\t\t<div class=\"elementor-widget-container\">\n\t\t\t\t\t<blockquote class=\"elementor-blockquote\">\n\t\t\t<p class=\"elementor-blockquote__content\">\n\t\t\t\tHello, Many thanks for everything you have done for him over the years, as well as to the entire teaching team, who were particularly attentive and understanding! Yours sincerely \t\t\t<\/p>\n\t\t\t\t\t\t\t<div class=\"e-q-footer\">\n\t\t\t\t\t\t\t\t\t\t\t<cite class=\"elementor-blockquote__author\">Maria V<\/cite>\n\t\t\t\t\t\t\t\t\t\t\t\t\t\t<\/div>\n\t\t\t\t\t<\/blockquote>\n\t\t\t\t<\/div>\n\t\t\t\t<\/div>\n\t\t\t\t<div class=\"elementor-element elementor-element-606894e elementor-widget elementor-widget-spacer\" data-id=\"606894e\" data-element_type=\"widget\" data-widget_type=\"spacer.default\">\n\t\t\t\t<div class=\"elementor-widget-container\">\n\t\t\t\t\t<div class=\"elementor-spacer\">\n\t\t\t<div class=\"elementor-spacer-inner\"><\/div>\n\t\t<\/div>\n\t\t\t\t<\/div>\n\t\t\t\t<\/div>\n\t\t\t\t<div class=\"elementor-element elementor-element-c084758 elementor-blockquote--skin-boxed elementor-blockquote--align-left elementor-blockquote--button-color-official elementor-widget elementor-widget-blockquote\" data-id=\"c084758\" data-element_type=\"widget\" data-widget_type=\"blockquote.default\">\n\t\t\t\t<div class=\"elementor-widget-container\">\n\t\t\t\t\t<blockquote class=\"elementor-blockquote\">\n\t\t\t<p class=\"elementor-blockquote__content\">\n\t\t\t\tHello, We wanted to thank you for everything you have done for our son. His schooling at the Cours Moli\u00e8re has been very beneficial for him, he has been very happy and has regained his self-confidence. Thank you again  \t\t\t<\/p>\n\t\t\t\t\t\t\t<div class=\"e-q-footer\">\n\t\t\t\t\t\t\t\t\t\t\t<cite class=\"elementor-blockquote__author\">M Et Mme Fran\u00e7ois Et Sophie C<\/cite>\n\t\t\t\t\t\t\t\t\t\t\t\t\t\t<\/div>\n\t\t\t\t\t<\/blockquote>\n\t\t\t\t<\/div>\n\t\t\t\t<\/div>\n\t\t\t\t<div class=\"elementor-element elementor-element-a938c1c elementor-widget elementor-widget-spacer\" data-id=\"a938c1c\" data-element_type=\"widget\" data-widget_type=\"spacer.default\">\n\t\t\t\t<div class=\"elementor-widget-container\">\n\t\t\t\t\t<div class=\"elementor-spacer\">\n\t\t\t<div class=\"elementor-spacer-inner\"><\/div>\n\t\t<\/div>\n\t\t\t\t<\/div>\n\t\t\t\t<\/div>\n\t\t\t\t<div class=\"elementor-element elementor-element-85ed834 elementor-blockquote--skin-boxed elementor-blockquote--align-left elementor-blockquote--button-color-official elementor-widget elementor-widget-blockquote\" data-id=\"85ed834\" data-element_type=\"widget\" data-widget_type=\"blockquote.default\">\n\t\t\t\t<div class=\"elementor-widget-container\">\n\t\t\t\t\t<blockquote class=\"elementor-blockquote\">\n\t\t\t<p class=\"elementor-blockquote__content\">\n\t\t\t\tHello, We wanted to thank you for everything you have done for our son. His schooling at the Cours Moli\u00e8re has been very beneficial for him, he has been very happy and has regained his self-confidence. Thank you again  \t\t\t<\/p>\n\t\t\t\t\t\t\t<div class=\"e-q-footer\">\n\t\t\t\t\t\t\t\t\t\t\t<cite class=\"elementor-blockquote__author\">M Et Mme Fran\u00e7ois Et Sophie C<\/cite>\n\t\t\t\t\t\t\t\t\t\t\t\t\t\t<\/div>\n\t\t\t\t\t<\/blockquote>\n\t\t\t\t<\/div>\n\t\t\t\t<\/div>\n\t\t\t\t<div class=\"elementor-element elementor-element-b9cd2a1 elementor-widget elementor-widget-spacer\" data-id=\"b9cd2a1\" data-element_type=\"widget\" data-widget_type=\"spacer.default\">\n\t\t\t\t<div class=\"elementor-widget-container\">\n\t\t\t\t\t<div class=\"elementor-spacer\">\n\t\t\t<div class=\"elementor-spacer-inner\"><\/div>\n\t\t<\/div>\n\t\t\t\t<\/div>\n\t\t\t\t<\/div>\n\t\t\t\t\t<\/div>\n\t\t\t\t<\/div>\n\t\t\t\t<\/div>\n\t\t","protected":false},"excerpt":{"rendered":"<p>Testimonials Cours Moli\u00e8re \u2013 International School supports students from all backgrounds in their academic and personal success. Over the generations, we have had the privilege of seeing thousands of students thrive within our walls and discover the joy of learning. Today, we are proud to share the testimonials of our former students and their families.&hellip;<\/p>\n","protected":false},"author":1,"featured_media":0,"parent":0,"menu_order":0,"comment_status":"closed","ping_status":"closed","template":"elementor_header_footer","meta":{"footnotes":""},"class_list":["post-99128","page","type-page","status-publish","hentry"],"yoast_head":"<!-- This site is optimized with the Yoast SEO plugin v23.7 - https:\/\/yoast.com\/wordpress\/plugins\/seo\/ -->\n<title>Testimonials - Cours Moli\u00e8re, \u00e9cole bilingue \u00e0 Paris - International School<\/title>\n<meta name=\"robots\" content=\"index, follow, max-snippet:-1, max-image-preview:large, max-video-preview:-1\" \/>\n<link rel=\"canonical\" href=\"https:\/\/cours-moliere.com\/en\/testimonials\/\" \/>\n<meta property=\"og:locale\" content=\"en_US\" \/>\n<meta property=\"og:type\" content=\"article\" \/>\n<meta property=\"og:title\" content=\"Testimonials - Cours Moli\u00e8re, \u00e9cole bilingue \u00e0 Paris - International School\" \/>\n<meta property=\"og:description\" content=\"Testimonials Cours Moli\u00e8re \u2013 International School supports students from all backgrounds in their academic and personal success. Over the generations, we have had the privilege of seeing thousands of students thrive within our walls and discover the joy of learning. Today, we are proud to share the testimonials of our former students and their families.&hellip;\" \/>\n<meta property=\"og:url\" content=\"https:\/\/cours-moliere.com\/en\/testimonials\/\" \/>\n<meta property=\"og:site_name\" content=\"Cours Moli\u00e8re, \u00e9cole bilingue \u00e0 Paris - International School\" \/>\n<meta property=\"article:modified_time\" content=\"2025-11-26T15:04:48+00:00\" \/>\n<meta property=\"og:image\" content=\"https:\/\/cours-moliere.com\/wp-content\/uploads\/2025\/11\/Design-sans-titre-1024x576.png\" \/>\n<meta name=\"twitter:card\" content=\"summary_large_image\" \/>\n<meta name=\"twitter:label1\" content=\"Est. reading time\" \/>\n\t<meta name=\"twitter:data1\" content=\"1 minute\" \/>\n<script type=\"application\/ld+json\" class=\"yoast-schema-graph\">{\"@context\":\"https:\/\/schema.org\",\"@graph\":[{\"@type\":\"WebPage\",\"@id\":\"https:\/\/cours-moliere.com\/en\/testimonials\/\",\"url\":\"https:\/\/cours-moliere.com\/en\/testimonials\/\",\"name\":\"Testimonials - Cours Moli\u00e8re, \u00e9cole bilingue \u00e0 Paris - International School\",\"isPartOf\":{\"@id\":\"https:\/\/cours-moliere.com\/en\/#website\"},\"primaryImageOfPage\":{\"@id\":\"https:\/\/cours-moliere.com\/en\/testimonials\/#primaryimage\"},\"image\":{\"@id\":\"https:\/\/cours-moliere.com\/en\/testimonials\/#primaryimage\"},\"thumbnailUrl\":\"https:\/\/cours-moliere.com\/wp-content\/uploads\/2025\/11\/Design-sans-titre-1024x576.png\",\"datePublished\":\"2024-03-03T15:37:55+00:00\",\"dateModified\":\"2025-11-26T15:04:48+00:00\",\"breadcrumb\":{\"@id\":\"https:\/\/cours-moliere.com\/en\/testimonials\/#breadcrumb\"},\"inLanguage\":\"en-US\",\"potentialAction\":[{\"@type\":\"ReadAction\",\"target\":[\"https:\/\/cours-moliere.com\/en\/testimonials\/\"]}]},{\"@type\":\"ImageObject\",\"inLanguage\":\"en-US\",\"@id\":\"https:\/\/cours-moliere.com\/en\/testimonials\/#primaryimage\",\"url\":\"https:\/\/cours-moliere.com\/wp-content\/uploads\/2025\/11\/Design-sans-titre-1024x576.png\",\"contentUrl\":\"https:\/\/cours-moliere.com\/wp-content\/uploads\/2025\/11\/Design-sans-titre-1024x576.png\"},{\"@type\":\"BreadcrumbList\",\"@id\":\"https:\/\/cours-moliere.com\/en\/testimonials\/#breadcrumb\",\"itemListElement\":[{\"@type\":\"ListItem\",\"position\":1,\"name\":\"Home\",\"item\":\"https:\/\/cours-moliere.com\/en\/\"},{\"@type\":\"ListItem\",\"position\":2,\"name\":\"Testimonials\"}]},{\"@type\":\"WebSite\",\"@id\":\"https:\/\/cours-moliere.com\/en\/#website\",\"url\":\"https:\/\/cours-moliere.com\/en\/\",\"name\":\"Cours Moli\u00e8re - International School\",\"description\":\"\",\"publisher\":{\"@id\":\"https:\/\/cours-moliere.com\/en\/#organization\"},\"potentialAction\":[{\"@type\":\"SearchAction\",\"target\":{\"@type\":\"EntryPoint\",\"urlTemplate\":\"https:\/\/cours-moliere.com\/en\/?s={search_term_string}\"},\"query-input\":{\"@type\":\"PropertyValueSpecification\",\"valueRequired\":true,\"valueName\":\"search_term_string\"}}],\"inLanguage\":\"en-US\"},{\"@type\":\"Organization\",\"@id\":\"https:\/\/cours-moliere.com\/en\/#organization\",\"name\":\"Cours Moli\u00e8re - International School\",\"url\":\"https:\/\/cours-moliere.com\/en\/\",\"logo\":{\"@type\":\"ImageObject\",\"inLanguage\":\"en-US\",\"@id\":\"https:\/\/cours-moliere.com\/en\/#\/schema\/logo\/image\/\",\"url\":\"https:\/\/cours-moliere.com\/wp-content\/uploads\/2022\/12\/logo-ecole-bilingue-cours-moliere.png\",\"contentUrl\":\"https:\/\/cours-moliere.com\/wp-content\/uploads\/2022\/12\/logo-ecole-bilingue-cours-moliere.png\",\"width\":361,\"height\":195,\"caption\":\"Cours Moli\u00e8re - International School\"},\"image\":{\"@id\":\"https:\/\/cours-moliere.com\/en\/#\/schema\/logo\/image\/\"}}]}<\/script>\n<!-- \/ Yoast SEO plugin. -->","yoast_head_json":{"title":"Testimonials - Cours Moli\u00e8re, \u00e9cole bilingue \u00e0 Paris - International School","robots":{"index":"index","follow":"follow","max-snippet":"max-snippet:-1","max-image-preview":"max-image-preview:large","max-video-preview":"max-video-preview:-1"},"canonical":"https:\/\/cours-moliere.com\/en\/testimonials\/","og_locale":"en_US","og_type":"article","og_title":"Testimonials - Cours Moli\u00e8re, \u00e9cole bilingue \u00e0 Paris - International School","og_description":"Testimonials Cours Moli\u00e8re \u2013 International School supports students from all backgrounds in their academic and personal success. Over the generations, we have had the privilege of seeing thousands of students thrive within our walls and discover the joy of learning. Today, we are proud to share the testimonials of our former students and their families.&hellip;","og_url":"https:\/\/cours-moliere.com\/en\/testimonials\/","og_site_name":"Cours Moli\u00e8re, \u00e9cole bilingue \u00e0 Paris - International School","article_modified_time":"2025-11-26T15:04:48+00:00","og_image":[{"url":"https:\/\/cours-moliere.com\/wp-content\/uploads\/2025\/11\/Design-sans-titre-1024x576.png"}],"twitter_card":"summary_large_image","twitter_misc":{"Est. reading time":"1 minute"},"schema":{"@context":"https:\/\/schema.org","@graph":[{"@type":"WebPage","@id":"https:\/\/cours-moliere.com\/en\/testimonials\/","url":"https:\/\/cours-moliere.com\/en\/testimonials\/","name":"Testimonials - Cours Moli\u00e8re, \u00e9cole bilingue \u00e0 Paris - International School","isPartOf":{"@id":"https:\/\/cours-moliere.com\/en\/#website"},"primaryImageOfPage":{"@id":"https:\/\/cours-moliere.com\/en\/testimonials\/#primaryimage"},"image":{"@id":"https:\/\/cours-moliere.com\/en\/testimonials\/#primaryimage"},"thumbnailUrl":"https:\/\/cours-moliere.com\/wp-content\/uploads\/2025\/11\/Design-sans-titre-1024x576.png","datePublished":"2024-03-03T15:37:55+00:00","dateModified":"2025-11-26T15:04:48+00:00","breadcrumb":{"@id":"https:\/\/cours-moliere.com\/en\/testimonials\/#breadcrumb"},"inLanguage":"en-US","potentialAction":[{"@type":"ReadAction","target":["https:\/\/cours-moliere.com\/en\/testimonials\/"]}]},{"@type":"ImageObject","inLanguage":"en-US","@id":"https:\/\/cours-moliere.com\/en\/testimonials\/#primaryimage","url":"https:\/\/cours-moliere.com\/wp-content\/uploads\/2025\/11\/Design-sans-titre-1024x576.png","contentUrl":"https:\/\/cours-moliere.com\/wp-content\/uploads\/2025\/11\/Design-sans-titre-1024x576.png"},{"@type":"BreadcrumbList","@id":"https:\/\/cours-moliere.com\/en\/testimonials\/#breadcrumb","itemListElement":[{"@type":"ListItem","position":1,"name":"Home","item":"https:\/\/cours-moliere.com\/en\/"},{"@type":"ListItem","position":2,"name":"Testimonials"}]},{"@type":"WebSite","@id":"https:\/\/cours-moliere.com\/en\/#website","url":"https:\/\/cours-moliere.com\/en\/","name":"Cours Moli\u00e8re - International School","description":"","publisher":{"@id":"https:\/\/cours-moliere.com\/en\/#organization"},"potentialAction":[{"@type":"SearchAction","target":{"@type":"EntryPoint","urlTemplate":"https:\/\/cours-moliere.com\/en\/?s={search_term_string}"},"query-input":{"@type":"PropertyValueSpecification","valueRequired":true,"valueName":"search_term_string"}}],"inLanguage":"en-US"},{"@type":"Organization","@id":"https:\/\/cours-moliere.com\/en\/#organization","name":"Cours Moli\u00e8re - International School","url":"https:\/\/cours-moliere.com\/en\/","logo":{"@type":"ImageObject","inLanguage":"en-US","@id":"https:\/\/cours-moliere.com\/en\/#\/schema\/logo\/image\/","url":"https:\/\/cours-moliere.com\/wp-content\/uploads\/2022\/12\/logo-ecole-bilingue-cours-moliere.png","contentUrl":"https:\/\/cours-moliere.com\/wp-content\/uploads\/2022\/12\/logo-ecole-bilingue-cours-moliere.png","width":361,"height":195,"caption":"Cours Moli\u00e8re - International School"},"image":{"@id":"https:\/\/cours-moliere.com\/en\/#\/schema\/logo\/image\/"}}]}},"_links":{"self":[{"href":"https:\/\/cours-moliere.com\/en\/wp-json\/wp\/v2\/pages\/99128","targetHints":{"allow":["GET"]}}],"collection":[{"href":"https:\/\/cours-moliere.com\/en\/wp-json\/wp\/v2\/pages"}],"about":[{"href":"https:\/\/cours-moliere.com\/en\/wp-json\/wp\/v2\/types\/page"}],"author":[{"embeddable":true,"href":"https:\/\/cours-moliere.com\/en\/wp-json\/wp\/v2\/users\/1"}],"replies":[{"embeddable":true,"href":"https:\/\/cours-moliere.com\/en\/wp-json\/wp\/v2\/comments?post=99128"}],"version-history":[{"count":21,"href":"https:\/\/cours-moliere.com\/en\/wp-json\/wp\/v2\/pages\/99128\/revisions"}],"predecessor-version":[{"id":101497,"href":"https:\/\/cours-moliere.com\/en\/wp-json\/wp\/v2\/pages\/99128\/revisions\/101497"}],"wp:attachment":[{"href":"https:\/\/cours-moliere.com\/en\/wp-json\/wp\/v2\/media?parent=99128"}],"curies":[{"name":"wp","href":"https:\/\/api.w.org\/{rel}","templated":true}]}}