{"id":99415,"date":"2025-10-09T16:30:36","date_gmt":"2025-10-09T16:30:36","guid":{"rendered":"https:\/\/cours-moliere.com\/registration-form\/"},"modified":"2025-10-10T14:25:08","modified_gmt":"2025-10-10T14:25:08","slug":"registration-form","status":"publish","type":"page","link":"https:\/\/cours-moliere.com\/en\/registration-form\/","title":{"rendered":"Registration form"},"content":{"rendered":"\t\t<div data-elementor-type=\"wp-page\" data-elementor-id=\"99415\" class=\"elementor elementor-99415 elementor-99319\" data-elementor-post-type=\"page\">\n\t\t\t\t<div class=\"elementor-element elementor-element-7bd4015 e-flex e-con-boxed e-con e-parent\" data-id=\"7bd4015\" data-element_type=\"container\">\n\t\t\t\t\t<div class=\"e-con-inner\">\n\t\t\t\t<div class=\"elementor-element elementor-element-6c9c57e elementor-widget elementor-widget-text-editor\" data-id=\"6c9c57e\" data-element_type=\"widget\" data-widget_type=\"text-editor.default\">\n\t\t\t\t<div class=\"elementor-widget-container\">\n\t\t\t\t\t\t\t<p>Here you&#8217;ll find all the registration forms for the Cours Moli\u00e8re, from kindergarten to high school. Each file contains all the information you need to prepare for your child&#8217;s entry into our school. <\/p>\n\t\t\t\t\t\t<\/div>\n\t\t\t\t<\/div>\n\t\t\t\t\t<\/div>\n\t\t\t\t<\/div>\n\t\t<div class=\"elementor-element elementor-element-16ff5e7 e-flex e-con-boxed e-con e-parent\" data-id=\"16ff5e7\" data-element_type=\"container\">\n\t\t\t\t\t<div class=\"e-con-inner\">\n\t\t<div class=\"elementor-element elementor-element-f14274c e-con-full e-flex e-con e-child\" data-id=\"f14274c\" data-element_type=\"container\">\n\t\t\t\t<div class=\"elementor-element elementor-element-7e6eb61 elementor-widget elementor-widget-the7_button_widget\" data-id=\"7e6eb61\" data-element_type=\"widget\" data-widget_type=\"the7_button_widget.default\">\n\t\t\t\t<div class=\"elementor-widget-container\">\n\t\t\t<div class=\"elementor-button-wrapper\"><a href=\"\/wp-content\/uploads\/2025\/10\/COURS-MOLIERE-APPLICATION-KINDERGARTEN-2026-2027-ENGLISH.pdf\" target=\"_blank\" class=\"box-button elementor-button elementor-size-lg\">Preschool registration form<\/a><\/div>\t\t<\/div>\n\t\t\t\t<\/div>\n\t\t\t\t<\/div>\n\t\t<div class=\"elementor-element elementor-element-693eb60 e-con-full e-flex e-con e-child\" data-id=\"693eb60\" data-element_type=\"container\">\n\t\t\t\t<div class=\"elementor-element elementor-element-f475b71 elementor-widget elementor-widget-the7_button_widget\" data-id=\"f475b71\" data-element_type=\"widget\" data-widget_type=\"the7_button_widget.default\">\n\t\t\t\t<div class=\"elementor-widget-container\">\n\t\t\t<div class=\"elementor-button-wrapper\"><a href=\"\/wp-content\/uploads\/2025\/10\/COURS-MOLIERE-APPLICATION-PRIMARY-SCHOOL-2026-2027-ENGLISH.pdf\" target=\"_blank\" class=\"box-button elementor-button elementor-size-lg\">Primary registration form<\/a><\/div>\t\t<\/div>\n\t\t\t\t<\/div>\n\t\t\t\t<\/div>\n\t\t<div class=\"elementor-element elementor-element-7521a5c e-con-full e-flex e-con e-child\" data-id=\"7521a5c\" data-element_type=\"container\">\n\t\t\t\t<div class=\"elementor-element elementor-element-57d98c8 elementor-widget elementor-widget-the7_button_widget\" data-id=\"57d98c8\" data-element_type=\"widget\" data-widget_type=\"the7_button_widget.default\">\n\t\t\t\t<div class=\"elementor-widget-container\">\n\t\t\t<div class=\"elementor-button-wrapper\"><a href=\"\/wp-content\/uploads\/2025\/10\/COURS-MOLIERE-APPLICATION-MIDDLE-SCHOOL-2026-2027-ENGLISH.pdf\" target=\"_blank\" class=\"box-button elementor-button elementor-size-lg\">Middle school registration form<\/a><\/div>\t\t<\/div>\n\t\t\t\t<\/div>\n\t\t\t\t<\/div>\n\t\t<div class=\"elementor-element elementor-element-c16931a e-con-full e-flex e-con e-child\" data-id=\"c16931a\" data-element_type=\"container\">\n\t\t\t\t<div class=\"elementor-element elementor-element-e3eca65 elementor-widget elementor-widget-the7_button_widget\" data-id=\"e3eca65\" data-element_type=\"widget\" data-widget_type=\"the7_button_widget.default\">\n\t\t\t\t<div class=\"elementor-widget-container\">\n\t\t\t<div class=\"elementor-button-wrapper\"><a href=\"\/wp-content\/uploads\/2025\/10\/COURS-MOLIERE-APPLICATION-HIGH-SCHOOL-2026-2027-ENGLISH.pdf\" target=\"_blank\" class=\"box-button elementor-button elementor-size-lg\">High school application form<\/a><\/div>\t\t<\/div>\n\t\t\t\t<\/div>\n\t\t\t\t<\/div>\n\t\t\t\t\t<\/div>\n\t\t\t\t<\/div>\n\t\t<div class=\"elementor-element elementor-element-74fffb1 e-flex e-con-boxed e-con e-parent\" data-id=\"74fffb1\" data-element_type=\"container\">\n\t\t\t\t\t<div class=\"e-con-inner\">\n\t\t\t\t<div class=\"elementor-element elementor-element-7de5643 elementor-widget elementor-widget-text-editor\" data-id=\"7de5643\" data-element_type=\"widget\" data-widget_type=\"text-editor.default\">\n\t\t\t\t<div class=\"elementor-widget-container\">\n\t\t\t\t\t\t\t<p>If you have any questions about the registration process, please do not hesitate to contact us.<\/p>\n\t\t\t\t\t\t<\/div>\n\t\t\t\t<\/div>\n\t\t\t\t\t<\/div>\n\t\t\t\t<\/div>\n\t\t\t\t<\/div>\n\t\t","protected":false},"excerpt":{"rendered":"<p>Here you&#8217;ll find all the registration forms for the Cours Moli\u00e8re, from kindergarten to high school. Each file contains all the information you need to prepare for your child&#8217;s entry into our school. Preschool registration form Primary registration form Middle school registration form High school application form If you have any questions about the registration&hellip;<\/p>\n","protected":false},"author":1,"featured_media":0,"parent":0,"menu_order":0,"comment_status":"closed","ping_status":"closed","template":"","meta":{"footnotes":""},"class_list":["post-99415","page","type-page","status-publish","hentry"],"yoast_head":"<!-- This site is optimized with the Yoast SEO plugin v23.7 - https:\/\/yoast.com\/wordpress\/plugins\/seo\/ -->\n<title>Registration form - Cours Moli\u00e8re, \u00e9cole bilingue \u00e0 Paris - International School<\/title>\n<meta name=\"robots\" content=\"index, follow, max-snippet:-1, max-image-preview:large, max-video-preview:-1\" \/>\n<link rel=\"canonical\" href=\"https:\/\/cours-moliere.com\/en\/registration-form\/\" \/>\n<meta property=\"og:locale\" content=\"en_US\" \/>\n<meta property=\"og:type\" content=\"article\" \/>\n<meta property=\"og:title\" content=\"Registration form - Cours Moli\u00e8re, \u00e9cole bilingue \u00e0 Paris - International School\" \/>\n<meta property=\"og:description\" content=\"Here you&#8217;ll find all the registration forms for the Cours Moli\u00e8re, from kindergarten to high school. Each file contains all the information you need to prepare for your child&#8217;s entry into our school. Preschool registration form Primary registration form Middle school registration form High school application form If you have any questions about the registration&hellip;\" \/>\n<meta property=\"og:url\" content=\"https:\/\/cours-moliere.com\/en\/registration-form\/\" \/>\n<meta property=\"og:site_name\" content=\"Cours Moli\u00e8re, \u00e9cole bilingue \u00e0 Paris - International School\" \/>\n<meta property=\"article:modified_time\" content=\"2025-10-10T14:25:08+00:00\" \/>\n<meta name=\"twitter:card\" content=\"summary_large_image\" \/>\n<meta name=\"twitter:label1\" content=\"Est. reading time\" \/>\n\t<meta name=\"twitter:data1\" content=\"1 minute\" \/>\n<script type=\"application\/ld+json\" class=\"yoast-schema-graph\">{\"@context\":\"https:\/\/schema.org\",\"@graph\":[{\"@type\":\"WebPage\",\"@id\":\"https:\/\/cours-moliere.com\/en\/registration-form\/\",\"url\":\"https:\/\/cours-moliere.com\/en\/registration-form\/\",\"name\":\"Registration form - Cours Moli\u00e8re, \u00e9cole bilingue \u00e0 Paris - International School\",\"isPartOf\":{\"@id\":\"http:\/\/cours-moliere.com\/#website\"},\"datePublished\":\"2025-10-09T16:30:36+00:00\",\"dateModified\":\"2025-10-10T14:25:08+00:00\",\"breadcrumb\":{\"@id\":\"https:\/\/cours-moliere.com\/en\/registration-form\/#breadcrumb\"},\"inLanguage\":\"en-US\",\"potentialAction\":[{\"@type\":\"ReadAction\",\"target\":[\"https:\/\/cours-moliere.com\/en\/registration-form\/\"]}]},{\"@type\":\"BreadcrumbList\",\"@id\":\"https:\/\/cours-moliere.com\/en\/registration-form\/#breadcrumb\",\"itemListElement\":[{\"@type\":\"ListItem\",\"position\":1,\"name\":\"Home\",\"item\":\"https:\/\/cours-moliere.com\/en\/\"},{\"@type\":\"ListItem\",\"position\":2,\"name\":\"Registration form\"}]},{\"@type\":\"WebSite\",\"@id\":\"http:\/\/cours-moliere.com\/#website\",\"url\":\"http:\/\/cours-moliere.com\/\",\"name\":\"Cours Moli\u00e8re - International School\",\"description\":\"\",\"publisher\":{\"@id\":\"http:\/\/cours-moliere.com\/#organization\"},\"potentialAction\":[{\"@type\":\"SearchAction\",\"target\":{\"@type\":\"EntryPoint\",\"urlTemplate\":\"http:\/\/cours-moliere.com\/?s={search_term_string}\"},\"query-input\":{\"@type\":\"PropertyValueSpecification\",\"valueRequired\":true,\"valueName\":\"search_term_string\"}}],\"inLanguage\":\"en-US\"},{\"@type\":\"Organization\",\"@id\":\"http:\/\/cours-moliere.com\/#organization\",\"name\":\"Cours Moli\u00e8re - International School\",\"url\":\"http:\/\/cours-moliere.com\/\",\"logo\":{\"@type\":\"ImageObject\",\"inLanguage\":\"en-US\",\"@id\":\"http:\/\/cours-moliere.com\/#\/schema\/logo\/image\/\",\"url\":\"https:\/\/cours-moliere.com\/wp-content\/uploads\/2022\/12\/logo-ecole-bilingue-cours-moliere.png\",\"contentUrl\":\"https:\/\/cours-moliere.com\/wp-content\/uploads\/2022\/12\/logo-ecole-bilingue-cours-moliere.png\",\"width\":361,\"height\":195,\"caption\":\"Cours Moli\u00e8re - International School\"},\"image\":{\"@id\":\"http:\/\/cours-moliere.com\/#\/schema\/logo\/image\/\"}}]}<\/script>\n<!-- \/ Yoast SEO plugin. -->","yoast_head_json":{"title":"Registration form - Cours Moli\u00e8re, \u00e9cole bilingue \u00e0 Paris - International School","robots":{"index":"index","follow":"follow","max-snippet":"max-snippet:-1","max-image-preview":"max-image-preview:large","max-video-preview":"max-video-preview:-1"},"canonical":"https:\/\/cours-moliere.com\/en\/registration-form\/","og_locale":"en_US","og_type":"article","og_title":"Registration form - Cours Moli\u00e8re, \u00e9cole bilingue \u00e0 Paris - International School","og_description":"Here you&#8217;ll find all the registration forms for the Cours Moli\u00e8re, from kindergarten to high school. Each file contains all the information you need to prepare for your child&#8217;s entry into our school. Preschool registration form Primary registration form Middle school registration form High school application form If you have any questions about the registration&hellip;","og_url":"https:\/\/cours-moliere.com\/en\/registration-form\/","og_site_name":"Cours Moli\u00e8re, \u00e9cole bilingue \u00e0 Paris - International School","article_modified_time":"2025-10-10T14:25:08+00:00","twitter_card":"summary_large_image","twitter_misc":{"Est. reading time":"1 minute"},"schema":{"@context":"https:\/\/schema.org","@graph":[{"@type":"WebPage","@id":"https:\/\/cours-moliere.com\/en\/registration-form\/","url":"https:\/\/cours-moliere.com\/en\/registration-form\/","name":"Registration form - Cours Moli\u00e8re, \u00e9cole bilingue \u00e0 Paris - International School","isPartOf":{"@id":"http:\/\/cours-moliere.com\/#website"},"datePublished":"2025-10-09T16:30:36+00:00","dateModified":"2025-10-10T14:25:08+00:00","breadcrumb":{"@id":"https:\/\/cours-moliere.com\/en\/registration-form\/#breadcrumb"},"inLanguage":"en-US","potentialAction":[{"@type":"ReadAction","target":["https:\/\/cours-moliere.com\/en\/registration-form\/"]}]},{"@type":"BreadcrumbList","@id":"https:\/\/cours-moliere.com\/en\/registration-form\/#breadcrumb","itemListElement":[{"@type":"ListItem","position":1,"name":"Home","item":"https:\/\/cours-moliere.com\/en\/"},{"@type":"ListItem","position":2,"name":"Registration form"}]},{"@type":"WebSite","@id":"http:\/\/cours-moliere.com\/#website","url":"http:\/\/cours-moliere.com\/","name":"Cours Moli\u00e8re - International School","description":"","publisher":{"@id":"http:\/\/cours-moliere.com\/#organization"},"potentialAction":[{"@type":"SearchAction","target":{"@type":"EntryPoint","urlTemplate":"http:\/\/cours-moliere.com\/?s={search_term_string}"},"query-input":{"@type":"PropertyValueSpecification","valueRequired":true,"valueName":"search_term_string"}}],"inLanguage":"en-US"},{"@type":"Organization","@id":"http:\/\/cours-moliere.com\/#organization","name":"Cours Moli\u00e8re - International School","url":"http:\/\/cours-moliere.com\/","logo":{"@type":"ImageObject","inLanguage":"en-US","@id":"http:\/\/cours-moliere.com\/#\/schema\/logo\/image\/","url":"https:\/\/cours-moliere.com\/wp-content\/uploads\/2022\/12\/logo-ecole-bilingue-cours-moliere.png","contentUrl":"https:\/\/cours-moliere.com\/wp-content\/uploads\/2022\/12\/logo-ecole-bilingue-cours-moliere.png","width":361,"height":195,"caption":"Cours Moli\u00e8re - International School"},"image":{"@id":"http:\/\/cours-moliere.com\/#\/schema\/logo\/image\/"}}]}},"_links":{"self":[{"href":"https:\/\/cours-moliere.com\/en\/wp-json\/wp\/v2\/pages\/99415","targetHints":{"allow":["GET"]}}],"collection":[{"href":"https:\/\/cours-moliere.com\/en\/wp-json\/wp\/v2\/pages"}],"about":[{"href":"https:\/\/cours-moliere.com\/en\/wp-json\/wp\/v2\/types\/page"}],"author":[{"embeddable":true,"href":"https:\/\/cours-moliere.com\/en\/wp-json\/wp\/v2\/users\/1"}],"replies":[{"embeddable":true,"href":"https:\/\/cours-moliere.com\/en\/wp-json\/wp\/v2\/comments?post=99415"}],"version-history":[{"count":0,"href":"https:\/\/cours-moliere.com\/en\/wp-json\/wp\/v2\/pages\/99415\/revisions"}],"wp:attachment":[{"href":"https:\/\/cours-moliere.com\/en\/wp-json\/wp\/v2\/media?parent=99415"}],"curies":[{"name":"wp","href":"https:\/\/api.w.org\/{rel}","templated":true}]}}